{"id":6833,"date":"2025-09-01T12:50:50","date_gmt":"2025-09-01T10:50:50","guid":{"rendered":"https:\/\/www.civare-navigation.com\/?page_id=6833"},"modified":"2025-11-29T15:40:14","modified_gmt":"2025-11-29T14:40:14","slug":"ambassadeur-drice-de-marque-incarne-e-devenir-le-service-ou-le-produit-a-vendre-sur-le-marche","status":"publish","type":"page","link":"https:\/\/www.civare-navigation.com\/index.php\/ambassadeur-drice-de-marque-incarne-e-devenir-le-service-ou-le-produit-a-vendre-sur-le-marche\/","title":{"rendered":"Ambassadeur.drice de Marque Incarn\u00e9.e : Devenir le service ou le produit \u00e0 vendre sur le march\u00e9"},"content":{"rendered":"\n<div class=\"wp-block-columns is-layout-flex wp-container-core-columns-is-layout-9d6595d7 wp-block-columns-is-layout-flex\">\n<div class=\"wp-block-column is-vertically-aligned-center is-layout-flow wp-block-column-is-layout-flow\" style=\"flex-basis:34%\">\n<figure class=\"wp-block-image size-large\"><img loading=\"lazy\" decoding=\"async\" width=\"753\" height=\"1024\" src=\"https:\/\/www.civare-navigation.com\/wp-content\/uploads\/2025\/11\/Design-sans-titre-33-1-753x1024.png\" alt=\"\" class=\"wp-image-7036\" srcset=\"https:\/\/www.civare-navigation.com\/wp-content\/uploads\/2025\/11\/Design-sans-titre-33-1-753x1024.png 753w, https:\/\/www.civare-navigation.com\/wp-content\/uploads\/2025\/11\/Design-sans-titre-33-1-221x300.png 221w, https:\/\/www.civare-navigation.com\/wp-content\/uploads\/2025\/11\/Design-sans-titre-33-1-768x1045.png 768w, https:\/\/www.civare-navigation.com\/wp-content\/uploads\/2025\/11\/Design-sans-titre-33-1.png 794w\" sizes=\"auto, (max-width: 753px) 100vw, 753px\" \/><\/figure>\n<\/div>\n\n\n\n<div class=\"wp-block-column hide-sm is-layout-flow wp-block-column-is-layout-flow\" style=\"flex-basis:2%\"><\/div>\n\n\n\n<div class=\"wp-block-column is-layout-flow wp-block-column-is-layout-flow\" style=\"flex-basis:64%\">\n<div class=\"wp-block-group center-on-mobile is-nowrap is-layout-flex wp-container-core-group-is-layout-ad2f72ca wp-block-group-is-layout-flex\">\n<div class=\"wp-block-group is-nowrap is-layout-flex wp-container-core-group-is-layout-ad2f72ca wp-block-group-is-layout-flex\">\n<figure class=\"wp-block-image size-full is-resized\"><img loading=\"lazy\" decoding=\"async\" width=\"100\" height=\"100\" src=\"https:\/\/www.civare-navigation.com\/wp-content\/uploads\/2025\/06\/cash-stack.png\" alt=\"\" class=\"wp-image-4629\" style=\"width:24px\"\/><\/figure>\n\n\n\n<p class=\"has-medium-font-size\">5.000 FCFA<\/p>\n<\/div>\n\n\n\n<div style=\"height:100px;width:0px\" aria-hidden=\"true\" class=\"wp-block-spacer show-sm wp-container-content-c42f3963\"><\/div>\n\n\n\n<div style=\"height:100px;width:0px\" aria-hidden=\"true\" class=\"wp-block-spacer hide-sm wp-container-content-fd3097a4\"><\/div>\n\n\n\n<div class=\"wp-block-group is-nowrap is-layout-flex wp-container-core-group-is-layout-ad2f72ca wp-block-group-is-layout-flex\">\n<figure class=\"wp-block-image size-full is-resized\"><img loading=\"lazy\" decoding=\"async\" width=\"100\" height=\"100\" src=\"https:\/\/www.civare-navigation.com\/wp-content\/uploads\/2025\/06\/tag-fill.png\" alt=\"\" class=\"wp-image-4630\" style=\"width:24px\"\/><\/figure>\n\n\n\n<p class=\"has-medium-font-size\">100 pages<\/p>\n<\/div>\n<\/div>\n\n\n\n<div class=\"wp-block-group center-on-mobile block-sm is-nowrap is-layout-flex wp-container-core-group-is-layout-ad2f72ca wp-block-group-is-layout-flex\">\n<div class=\"wp-block-buttons center-on-mobile is-layout-flex wp-block-buttons-is-layout-flex\">\n<div class=\"wp-block-button\"><a class=\"wp-block-button__link has-white-color has-text-color has-background has-link-color wp-element-button\" href=\"https:\/\/www.civare-navigation.com\/index.php\/reseau-professionnel-de-reference-rpr\/\" style=\"background-color:#353535\">D\u00e9couvrez le R\u00e9seau Professionnel de R\u00e9f\u00e9rence (RPR) du Programme P-NIP affili\u00e9 \u00e0 ce livre<\/a><\/div>\n<\/div>\n\n\n\n<div style=\"height:100px;width:0px\" aria-hidden=\"true\" class=\"wp-block-spacer h16-sm wp-container-content-af3d81f1\"><\/div>\n\n\n\n<div class=\"wp-block-buttons center-on-mobile is-layout-flex wp-block-buttons-is-layout-flex\">\n<div class=\"wp-block-button\"><a class=\"wp-block-button__link has-white-color has-text-color has-link-color wp-element-button\" href=\"https:\/\/wa.me\/69885537?text=Bonjour,%20je%20souhaite%20acheter%20le%20 livre%20Ambassadeur.drice%20de%20Marque%20Incarn\u00e9.e%20:%20Devenir%20le%20service%20ou%20le%20produit%20\u00e0%20vendre%20sur%20le%20march\u00e9.\" target=\"_blank\" rel=\"noopener\"><img loading=\"lazy\" decoding=\"async\" width=\"20\" height=\"20\" class=\"wp-image-4836\" style=\"width: 20px;\" src=\"https:\/\/www.civare-navigation.com\/wp-content\/uploads\/2025\/07\/Telephone-2.png\" alt=\"\">  Acheter le livre<\/a><\/div>\n<\/div>\n<\/div>\n\n\n\n<div style=\"height:48px\" aria-hidden=\"true\" class=\"wp-block-spacer\"><\/div>\n\n\n\n<h2 class=\"wp-block-heading has-medium-font-size\">Avant-propos<\/h2>\n\n\n\n<p>Lorsque j\u2019ai commenc\u00e9 \u00e0 r\u00e9fl\u00e9chir \u00e0 ce livre, je ne voulais pas \u00e9crire un manuel de plus sur la vente, le marketing ou la communication. Le march\u00e9 en regorge d\u00e9j\u00e0. Mon ambition \u00e9tait diff\u00e9rente : offrir une <strong>philosophie vivante<\/strong>, une approche qui d\u00e9passe la simple transaction commerciale pour toucher au c\u0153ur des relations humaines.<\/p>\n\n\n\n<p>Dans un monde satur\u00e9 de messages publicitaires, de slogans criards et de strat\u00e9gies parfois d\u00e9connect\u00e9es de la r\u00e9alit\u00e9 des clients, il devient vital de revenir \u00e0 l\u2019essentiel : <strong>l\u2019exp\u00e9rience humaine<\/strong>. C\u2019est l\u00e0 qu\u2019intervient l\u2019<strong>Exp\u00e9rience Solution Probl\u00e8me (ESP)<\/strong>. Loin d\u2019\u00eatre une technique parmi d\u2019autres, l\u2019ESP est un chemin, une discipline et, pour ceux qui la pratiquent, une v\u00e9ritable <strong>mani\u00e8re d\u2019\u00eatre<\/strong>.<\/p>\n\n\n\n<p>Au fil de ces pages, vous d\u00e9couvrirez comment <strong>incarner votre service ou produit<\/strong>, comment en devenir l\u2019expression vivante. Car ce que les clients recherchent aujourd\u2019hui, ce n\u2019est plus seulement une solution fonctionnelle : ils aspirent \u00e0 ressentir une connexion, \u00e0 s\u2019identifier, \u00e0 vibrer. Votre r\u00f4le n\u2019est donc pas de convaincre, mais de faire ressentir, d\u2019incarner et d\u2019ancrer une exp\u00e9rience qui d\u00e9passe le cadre de l\u2019achat.<\/p>\n<\/div>\n<\/div>\n\n\n\n<div style=\"height:24px\" aria-hidden=\"true\" class=\"wp-block-spacer show-sm\"><\/div>\n\n\n\n<div style=\"height:48px\" aria-hidden=\"true\" class=\"wp-block-spacer hide-sm\"><\/div>\n\n\n\n<p>Cet ouvrage n\u2019est pas une promesse de formule magique. Il vous demandera de l\u2019introspection, de l\u2019authenticit\u00e9 et de la pratique. Mais si vous acceptez le d\u00e9fi, vous ne serez plus jamais per\u00e7u comme un simple vendeur ou une simple vendeuse. Vous deviendrez <strong>un\u00b7e passeur\u00b7se d\u2019exp\u00e9rience<\/strong>.<\/p>\n\n\n\n<p>C\u2019est ce voyage que je vous invite \u00e0 entreprendre. Que vous soyez entrepreneur, commercial, formateur, leader d\u2019\u00e9quipe, ou m\u00eame simplement passionn\u00e9 par l\u2019art de mieux communiquer et d\u2019inspirer, vous trouverez ici des cl\u00e9s concr\u00e8tes et des mod\u00e8les pr\u00eats \u00e0 l\u2019emploi. Mais surtout, j\u2019esp\u00e8re que vous repartirez avec une nouvelle vision : celle o\u00f9 la relation, l\u2019\u00e9coute et l\u2019incarnation priment sur la manipulation et la pression.<\/p>\n\n\n\n<p>\u00c0 vous maintenant d\u2019\u00e9crire la suite, dans votre m\u00e9tier, vos projets et vos interactions. Et souvenez-vous : l\u2019ESP n\u2019est pas seulement une m\u00e9thode professionnelle, c\u2019est une <strong>philosophie relationnelle<\/strong> qui peut transformer votre mani\u00e8re d\u2019agir, de vendre\u2026 et m\u00eame de vivre.<\/p>\n","protected":false},"excerpt":{"rendered":"<p>5.000 FCFA 100 pages Avant-propos Lorsque j\u2019ai commenc\u00e9 \u00e0 r\u00e9fl\u00e9chir \u00e0 ce livre, je ne voulais pas \u00e9crire un manuel de plus sur la vente, le marketing ou la communication. Le march\u00e9 en regorge d\u00e9j\u00e0. Mon ambition \u00e9tait diff\u00e9rente : offrir une philosophie vivante, une approche qui d\u00e9passe la simple transaction commerciale pour toucher au [&hellip;]<\/p>\n","protected":false},"author":1,"featured_media":0,"parent":0,"menu_order":0,"comment_status":"closed","ping_status":"closed","template":"","meta":{"ocean_post_layout":"","ocean_both_sidebars_style":"","ocean_both_sidebars_content_width":0,"ocean_both_sidebars_sidebars_width":0,"ocean_sidebar":"","ocean_second_sidebar":"","ocean_disable_margins":"enable","ocean_add_body_class":"","ocean_shortcode_before_top_bar":"","ocean_shortcode_after_top_bar":"","ocean_shortcode_before_header":"","ocean_shortcode_after_header":"","ocean_has_shortcode":"","ocean_shortcode_after_title":"","ocean_shortcode_before_footer_widgets":"","ocean_shortcode_after_footer_widgets":"","ocean_shortcode_before_footer_bottom":"","ocean_shortcode_after_footer_bottom":"","ocean_display_top_bar":"default","ocean_display_header":"default","ocean_header_style":"","ocean_center_header_left_menu":"","ocean_custom_header_template":"","ocean_custom_logo":0,"ocean_custom_retina_logo":0,"ocean_custom_logo_max_width":0,"ocean_custom_logo_tablet_max_width":0,"ocean_custom_logo_mobile_max_width":0,"ocean_custom_logo_max_height":0,"ocean_custom_logo_tablet_max_height":0,"ocean_custom_logo_mobile_max_height":0,"ocean_header_custom_menu":"","ocean_menu_typo_font_family":"","ocean_menu_typo_font_subset":"","ocean_menu_typo_font_size":0,"ocean_menu_typo_font_size_tablet":0,"ocean_menu_typo_font_size_mobile":0,"ocean_menu_typo_font_size_unit":"px","ocean_menu_typo_font_weight":"","ocean_menu_typo_font_weight_tablet":"","ocean_menu_typo_font_weight_mobile":"","ocean_menu_typo_transform":"","ocean_menu_typo_transform_tablet":"","ocean_menu_typo_transform_mobile":"","ocean_menu_typo_line_height":0,"ocean_menu_typo_line_height_tablet":0,"ocean_menu_typo_line_height_mobile":0,"ocean_menu_typo_line_height_unit":"","ocean_menu_typo_spacing":0,"ocean_menu_typo_spacing_tablet":0,"ocean_menu_typo_spacing_mobile":0,"ocean_menu_typo_spacing_unit":"","ocean_menu_link_color":"","ocean_menu_link_color_hover":"","ocean_menu_link_color_active":"","ocean_menu_link_background":"","ocean_menu_link_hover_background":"","ocean_menu_link_active_background":"","ocean_menu_social_links_bg":"","ocean_menu_social_hover_links_bg":"","ocean_menu_social_links_color":"","ocean_menu_social_hover_links_color":"","ocean_disable_title":"default","ocean_disable_heading":"default","ocean_post_title":"","ocean_post_subheading":"","ocean_post_title_style":"","ocean_post_title_background_color":"","ocean_post_title_background":0,"ocean_post_title_bg_image_position":"","ocean_post_title_bg_image_attachment":"","ocean_post_title_bg_image_repeat":"","ocean_post_title_bg_image_size":"","ocean_post_title_height":0,"ocean_post_title_bg_overlay":0.5,"ocean_post_title_bg_overlay_color":"","ocean_disable_breadcrumbs":"default","ocean_breadcrumbs_color":"","ocean_breadcrumbs_separator_color":"","ocean_breadcrumbs_links_color":"","ocean_breadcrumbs_links_hover_color":"","ocean_display_footer_widgets":"default","ocean_display_footer_bottom":"default","ocean_custom_footer_template":"","omw_enable_modal_window":"enable","footnotes":""},"class_list":["post-6833","page","type-page","status-publish","hentry","entry"],"_links":{"self":[{"href":"https:\/\/www.civare-navigation.com\/index.php\/wp-json\/wp\/v2\/pages\/6833","targetHints":{"allow":["GET"]}}],"collection":[{"href":"https:\/\/www.civare-navigation.com\/index.php\/wp-json\/wp\/v2\/pages"}],"about":[{"href":"https:\/\/www.civare-navigation.com\/index.php\/wp-json\/wp\/v2\/types\/page"}],"author":[{"embeddable":true,"href":"https:\/\/www.civare-navigation.com\/index.php\/wp-json\/wp\/v2\/users\/1"}],"replies":[{"embeddable":true,"href":"https:\/\/www.civare-navigation.com\/index.php\/wp-json\/wp\/v2\/comments?post=6833"}],"version-history":[{"count":5,"href":"https:\/\/www.civare-navigation.com\/index.php\/wp-json\/wp\/v2\/pages\/6833\/revisions"}],"predecessor-version":[{"id":7041,"href":"https:\/\/www.civare-navigation.com\/index.php\/wp-json\/wp\/v2\/pages\/6833\/revisions\/7041"}],"wp:attachment":[{"href":"https:\/\/www.civare-navigation.com\/index.php\/wp-json\/wp\/v2\/media?parent=6833"}],"curies":[{"name":"wp","href":"https:\/\/api.w.org\/{rel}","templated":true}]}}