{"id":4723,"date":"2025-06-29T14:53:35","date_gmt":"2025-06-29T12:53:35","guid":{"rendered":"https:\/\/www.civare-navigation.com\/?page_id=4723"},"modified":"2025-06-30T15:14:16","modified_gmt":"2025-06-30T13:14:16","slug":"formulaire-dinscription-a-lemploi-merite-pour-une-economie-durable-emed","status":"publish","type":"page","link":"https:\/\/www.civare-navigation.com\/index.php\/formulaire-dinscription-a-lemploi-merite-pour-une-economie-durable-emed\/","title":{"rendered":"Formulaire d\u2019Inscription \u00e0 l\u2019Emploi M\u00e9rit\u00e9 pour une \u00c9conomie Durable (EMED)"},"content":{"rendered":"\n<div class=\"wp-block-columns is-layout-flex wp-container-core-columns-is-layout-9d6595d7 wp-block-columns-is-layout-flex\">\n<div class=\"wp-block-column is-layout-flow wp-block-column-is-layout-flow\" style=\"flex-basis:15%\"><\/div>\n\n\n\n<div class=\"wp-block-column is-layout-flow wp-block-column-is-layout-flow\" style=\"flex-basis:70%\">\n<div style=\"height:100px\" aria-hidden=\"true\" class=\"wp-block-spacer\"><\/div>\n\n\n\n<h1 class=\"wp-block-heading has-text-align-center has-large-font-size\">Formulaire d\u2019Inscription \u00e0 l\u2019Emploi M\u00e9rit\u00e9 pour une \u00c9conomie Durable (EMED)<\/h1>\n\n\n\n<div style=\"height:24px\" aria-hidden=\"true\" class=\"wp-block-spacer\"><\/div>\n<\/div>\n\n\n\n<div class=\"wp-block-column is-layout-flow wp-block-column-is-layout-flow\" style=\"flex-basis:15%\"><\/div>\n<\/div>\n\n\n\n<div class=\"wp-block-columns is-layout-flex wp-container-core-columns-is-layout-9d6595d7 wp-block-columns-is-layout-flex\">\n<div class=\"wp-block-column is-layout-flow wp-block-column-is-layout-flow\" style=\"flex-basis:25%\"><\/div>\n\n\n\n<div class=\"wp-block-column is-layout-flow wp-block-column-is-layout-flow\" style=\"flex-basis:50%\">\n<div class=\"wp-block-contact-form-7-contact-form-selector\">\n<div class=\"wpcf7 no-js\" id=\"wpcf7-f4754-o1\" lang=\"fr-FR\" dir=\"ltr\" data-wpcf7-id=\"4754\">\n<div class=\"screen-reader-response\"><p role=\"status\" aria-live=\"polite\" aria-atomic=\"true\"><\/p> <ul><\/ul><\/div>\n<form action=\"\/index.php\/wp-json\/wp\/v2\/pages\/4723#wpcf7-f4754-o1\" method=\"post\" class=\"wpcf7-form init\" aria-label=\"Formulaire de contact\" novalidate=\"novalidate\" data-status=\"init\">\n<fieldset class=\"hidden-fields-container\"><input type=\"hidden\" name=\"_wpcf7\" value=\"4754\" \/><input type=\"hidden\" name=\"_wpcf7_version\" value=\"6.1.5\" \/><input type=\"hidden\" name=\"_wpcf7_locale\" value=\"fr_FR\" \/><input type=\"hidden\" name=\"_wpcf7_unit_tag\" value=\"wpcf7-f4754-o1\" \/><input type=\"hidden\" name=\"_wpcf7_container_post\" value=\"0\" \/><input type=\"hidden\" name=\"_wpcf7_posted_data_hash\" value=\"\" \/>\n<\/fieldset>\n<p><label> <strong> Informations Personnelles <\/strong><br \/>\n(Tous les champs marqu\u00e9s d\u2019un * sont obligatoires) <\/label>\n<\/p>\n<p><span class=\"wpcf7-form-control-wrap\" data-name=\"your-name\"><input size=\"40\" maxlength=\"400\" class=\"wpcf7-form-control wpcf7-text wpcf7-validates-as-required\" autocomplete=\"name\" aria-required=\"true\" aria-invalid=\"false\" placeholder=\"Votre nom*\" value=\"\" type=\"text\" name=\"your-name\" \/><\/span>\n<\/p>\n<p><span class=\"wpcf7-form-control-wrap\" data-name=\"your-surname\"><input size=\"40\" maxlength=\"400\" class=\"wpcf7-form-control wpcf7-text wpcf7-validates-as-required\" autocomplete=\"name\" aria-required=\"true\" aria-invalid=\"false\" placeholder=\"Votre pr\u00e9nom*\" value=\"\" type=\"text\" name=\"your-surname\" \/><\/span>\n<\/p>\n<p><label> Votre date de naissance* <\/label><br \/>\n<span class=\"wpcf7-form-control-wrap\" data-name=\"your-birth-date\"><input class=\"wpcf7-form-control wpcf7-date wpcf7-validates-as-required wpcf7-validates-as-date\" aria-required=\"true\" aria-invalid=\"false\" value=\"\" type=\"date\" name=\"your-birth-date\" \/><\/span>\n<\/p>\n<p><span class=\"wpcf7-form-control-wrap\" data-name=\"tel-76\"><input size=\"40\" maxlength=\"400\" class=\"wpcf7-form-control wpcf7-tel wpcf7-validates-as-required wpcf7-text wpcf7-validates-as-tel\" aria-required=\"true\" aria-invalid=\"false\" placeholder=\"Votre num\u00e9ro whatsapp*\" value=\"\" type=\"tel\" name=\"tel-76\" \/><\/span>\n<\/p>\n<p><span class=\"wpcf7-form-control-wrap\" data-name=\"your-email\"><input size=\"40\" maxlength=\"400\" class=\"wpcf7-form-control wpcf7-email wpcf7-validates-as-required wpcf7-text wpcf7-validates-as-email\" autocomplete=\"email\" aria-required=\"true\" aria-invalid=\"false\" placeholder=\"Votre email*\" value=\"\" type=\"email\" name=\"your-email\" \/><\/span>\n<\/p>\n<p><label><br \/>\n<strong> Situation Professionnelle Actuelle <\/strong><br \/>\nVotre statut actuel* <\/label><br \/>\n<span class=\"wpcf7-form-control-wrap\" data-name=\"statut-actuel\"><span class=\"wpcf7-form-control wpcf7-checkbox wpcf7-validates-as-required\"><span class=\"wpcf7-list-item first\"><label><input type=\"checkbox\" name=\"statut-actuel[]\" value=\"En recherche d\u2019emploi\" \/><span class=\"wpcf7-list-item-label\">En recherche d\u2019emploi<\/span><\/label><\/span><span class=\"wpcf7-list-item\"><label><input type=\"checkbox\" name=\"statut-actuel[]\" value=\"En reconversion professionnelle\" \/><span class=\"wpcf7-list-item-label\">En reconversion professionnelle<\/span><\/label><\/span><span class=\"wpcf7-list-item\"><label><input type=\"checkbox\" name=\"statut-actuel[]\" value=\"Salari\u00e9(e) souhaitant une transition vers un secteur durable\" \/><span class=\"wpcf7-list-item-label\">Salari\u00e9(e) souhaitant une transition vers un secteur durable<\/span><\/label><\/span><span class=\"wpcf7-list-item last\"><label><input type=\"checkbox\" name=\"statut-actuel[]\" value=\"Autre\" \/><span class=\"wpcf7-list-item-label\">Autre<\/span><\/label><\/span><\/span><\/span>\n<\/p>\n<p><span class=\"wpcf7-form-control-wrap\" data-name=\"other-statut\"><input size=\"40\" maxlength=\"400\" class=\"wpcf7-form-control wpcf7-text\" aria-invalid=\"false\" placeholder=\"Pr\u00e9ciser s&#039;il s&#039;agit du statut autre\" value=\"\" type=\"text\" name=\"other-statut\" \/><\/span>\n<\/p>\n<p><span class=\"wpcf7-form-control-wrap\" data-name=\"dom-compt\"><input size=\"40\" maxlength=\"400\" class=\"wpcf7-form-control wpcf7-text wpcf7-validates-as-required\" aria-required=\"true\" aria-invalid=\"false\" placeholder=\"Votre domaine de comp\u00e9tences ou m\u00e9tier actuel*\" value=\"\" type=\"text\" name=\"dom-compt\" \/><\/span>\n<\/p>\n<p><label><br \/>\n<strong> Ann\u00e9es d\u2019exp\u00e9rience* : <\/strong> <\/label><br \/>\n<span class=\"wpcf7-form-control-wrap\" data-name=\"annees-experience\"><span class=\"wpcf7-form-control wpcf7-radio\"><span class=\"wpcf7-list-item first\"><label><input type=\"radio\" name=\"annees-experience\" value=\"0-2 ans\" \/><span class=\"wpcf7-list-item-label\">0-2 ans<\/span><\/label><\/span><span class=\"wpcf7-list-item\"><label><input type=\"radio\" name=\"annees-experience\" value=\"3-5 ans\" \/><span class=\"wpcf7-list-item-label\">3-5 ans<\/span><\/label><\/span><span class=\"wpcf7-list-item\"><label><input type=\"radio\" name=\"annees-experience\" value=\"6-10 ans\" \/><span class=\"wpcf7-list-item-label\">6-10 ans<\/span><\/label><\/span><span class=\"wpcf7-list-item last\"><label><input type=\"radio\" name=\"annees-experience\" value=\"+10 ans\" \/><span class=\"wpcf7-list-item-label\">+10 ans<\/span><\/label><\/span><\/span><\/span>\n<\/p>\n<p><span class=\"wpcf7-form-control-wrap\" data-name=\"secteur-interet\"><select class=\"wpcf7-form-control wpcf7-select wpcf7-validates-as-required\" aria-required=\"true\" aria-invalid=\"false\" name=\"secteur-interet\"><option value=\"\">Vos secteurs d\u2019int\u00e9r\u00eat pour une carri\u00e8re durable (cochez jusqu\u2019\u00e0 3 choix) :*<\/option><option value=\"\u00c9nergies renouvelables\">\u00c9nergies renouvelables<\/option><option value=\"\u00c9conomie circulaire\/recyclage\">\u00c9conomie circulaire\/recyclage<\/option><option value=\"Agriculture biologique\">Agriculture biologique<\/option><option value=\"Inclusion sociale et num\u00e9rique\">Inclusion sociale et num\u00e9rique<\/option><option value=\"Technologies vertes\">Technologies vertes<\/option><option value=\"Sant\u00e9 et bien-\u00eatre\">Sant\u00e9 et bien-\u00eatre<\/option><option value=\"\u00c9ducation et formation\">\u00c9ducation et formation<\/option><option value=\"Autre\">Autre<\/option><\/select><\/span>\n<\/p>\n<p><span class=\"wpcf7-form-control-wrap\" data-name=\"other-secteur\"><input size=\"40\" maxlength=\"400\" class=\"wpcf7-form-control wpcf7-text\" aria-invalid=\"false\" placeholder=\"Pr\u00e9ciser s&#039;il s&#039;agit d&#039;un autre secteur d&#039;int\u00e9r\u00eat\" value=\"\" type=\"text\" name=\"other-secteur\" \/><\/span>\n<\/p>\n<p><label><br \/>\n<strong> Objectifs et Attentes <\/strong> <\/label>\n<\/p>\n<p><span class=\"wpcf7-form-control-wrap\" data-name=\"type-accomp\"><select class=\"wpcf7-form-control wpcf7-select wpcf7-validates-as-required\" aria-required=\"true\" aria-invalid=\"false\" name=\"type-accomp\"><option value=\"\">Quel type d\u2019accompagnement souhaitez-vous ? (Cochez toutes les r\u00e9ponses applicables)*<\/option><option value=\"Conseil de carri\u00e8re personnalis\u00e9\">Conseil de carri\u00e8re personnalis\u00e9<\/option><option value=\"Formation professionnelle certifiante\">Formation professionnelle certifiante<\/option><option value=\"Appariement avec des offres d\u2019emploi durables\">Appariement avec des offres d\u2019emploi durables<\/option><option value=\"Ateliers de d\u00e9veloppement de comp\u00e9tences (soft skills, techniques)\">Ateliers de d\u00e9veloppement de comp\u00e9tences (soft skills, techniques)<\/option><option value=\"Mentorat sectoriel\">Mentorat sectoriel<\/option><option value=\"Autre\">Autre<\/option><\/select><\/span>\n<\/p>\n<p><span class=\"wpcf7-form-control-wrap\" data-name=\"other-accomp\"><input size=\"40\" maxlength=\"400\" class=\"wpcf7-form-control wpcf7-text\" aria-invalid=\"false\" placeholder=\"Pr\u00e9ciser s&#039;il s&#039;agit d&#039;un autre type d&#039;accompagnement\" value=\"\" type=\"text\" name=\"other-accomp\" \/><\/span>\n<\/p>\n<p><span class=\"wpcf7-form-control-wrap\" data-name=\"desc-aspirat\"><textarea cols=\"40\" rows=\"10\" maxlength=\"2000\" class=\"wpcf7-form-control wpcf7-textarea wpcf7-validates-as-required\" aria-required=\"true\" aria-invalid=\"false\" placeholder=\"D\u00e9crivez en quelques mots vos aspirations professionnelles :*\" name=\"desc-aspirat\"><\/textarea><\/span>\n<\/p>\n<p>[radio* dispo-suivi first_as_label \"Disponibilit\u00e9 pour un suivi :*\" \"Temps plein\" \"Temps partiel\" \"Flexible (selon les opportunit\u00e9s)\"]\n<\/p>\n<p><label><br \/>\n<strong> Engagement et Consentement <\/strong><br \/>\n<\/label>\n<\/p>\n<p><span class=\"wpcf7-form-control-wrap\" data-name=\"con-emed\"><select class=\"wpcf7-form-control wpcf7-select wpcf7-validates-as-required\" aria-required=\"true\" aria-invalid=\"false\" name=\"con-emed\"><option value=\"\">Comment avez-vous connu EMED ? :*<\/option><option value=\"Site web du CIVARE\">Site web du CIVARE<\/option><option value=\"R\u00e9seaux sociaux\">R\u00e9seaux sociaux<\/option><option value=\"Recommandation\">Recommandation<\/option><option value=\"Partenaire du CIVARE\">Partenaire du CIVARE<\/option><option value=\"Autre\">Autre<\/option><\/select><\/span>\n<\/p>\n<p><span class=\"wpcf7-form-control-wrap\" data-name=\"other-con-emed\"><input size=\"40\" maxlength=\"400\" class=\"wpcf7-form-control wpcf7-text\" aria-invalid=\"false\" placeholder=\"Pr\u00e9ciser s&#039;il s&#039;agit d&#039;un autre canal\" value=\"\" type=\"text\" name=\"other-con-emed\" \/><\/span>\n<\/p>\n<p><span class=\"wpcf7-form-control-wrap\" data-name=\"valid-particip\"><span class=\"wpcf7-form-control wpcf7-checkbox wpcf7-validates-as-required\"><span class=\"wpcf7-list-item first last\"><label><input type=\"checkbox\" name=\"valid-particip[]\" value=\"Je m&#039;engage \u00e0 participer activement aux sessions d\u2019accompagnement propos\u00e9es et \u00e0 fournir des informations sinc\u00e8res et \u00e0 jour pour optimiser mon parcours.\" \/><span class=\"wpcf7-list-item-label\">Je m&#039;engage \u00e0 participer activement aux sessions d\u2019accompagnement propos\u00e9es et \u00e0 fournir des informations sinc\u00e8res et \u00e0 jour pour optimiser mon parcours.<\/span><\/label><\/span><\/span><\/span>\n<\/p>\n<p><span class=\"wpcf7-form-control-wrap\" data-name=\"valid-autor\"><span class=\"wpcf7-form-control wpcf7-checkbox wpcf7-validates-as-required\"><span class=\"wpcf7-list-item first last\"><label><input type=\"checkbox\" name=\"valid-autor[]\" value=\"J\u2019autorise le CIVARE \u00e0 utiliser mes donn\u00e9es pour mon accompagnement EMED, conform\u00e9ment \u00e0 la politique de confidentialit\u00e9.\" \/><span class=\"wpcf7-list-item-label\">J\u2019autorise le CIVARE \u00e0 utiliser mes donn\u00e9es pour mon accompagnement EMED, conform\u00e9ment \u00e0 la politique de confidentialit\u00e9.<\/span><\/label><\/span><\/span><\/span>\n<\/p>\n<p><span class=\"wpcf7-form-control-wrap\" data-name=\"valid-news\"><span class=\"wpcf7-form-control wpcf7-checkbox wpcf7-validates-as-required\"><span class=\"wpcf7-list-item first last\"><label><input type=\"checkbox\" name=\"valid-news[]\" value=\"Je souhaite recevoir des offres d\u2019emploi et des actualit\u00e9s li\u00e9es \u00e0 l\u2019\u00e9conomie durable (d\u00e9sinscription possible \u00e0 tout moment).\" \/><span class=\"wpcf7-list-item-label\">Je souhaite recevoir des offres d\u2019emploi et des actualit\u00e9s li\u00e9es \u00e0 l\u2019\u00e9conomie durable (d\u00e9sinscription possible \u00e0 tout moment).<\/span><\/label><\/span><\/span><\/span>\n<\/p>\n<p><span class=\"wpcf7-form-control-wrap\" data-name=\"valid-soum\"><span class=\"wpcf7-form-control wpcf7-checkbox wpcf7-validates-as-required\"><span class=\"wpcf7-list-item first last\"><label><input type=\"checkbox\" name=\"valid-soum[]\" value=\"Je certifie que les informations fournies sont exactes et compl\u00e8tes.\" \/><span class=\"wpcf7-list-item-label\">Je certifie que les informations fournies sont exactes et compl\u00e8tes.<\/span><\/label><\/span><\/span><\/span>\n<\/p>\n<p><input class=\"wpcf7-form-control wpcf7-submit has-spinner\" type=\"submit\" value=\"Soumettre\" \/>\n<\/p><div class=\"wpcf7-response-output\" aria-hidden=\"true\"><\/div>\n<\/form>\n<\/div>\n<\/div>\n\n\n\n<p class=\"has-text-align-center\">Consulter notre<strong> <a href=\"https:\/\/www.civare-navigation.com\/index.php\/politique-de-confidentialite-de-lemploi-merite-pour-une-economie-durable-emed\/\">politique de confidentialit\u00e9<\/a><\/strong>.<\/p>\n<\/div>\n\n\n\n<div class=\"wp-block-column is-layout-flow wp-block-column-is-layout-flow\" style=\"flex-basis:25%\"><\/div>\n<\/div>\n","protected":false},"excerpt":{"rendered":"<p>Formulaire d\u2019Inscription \u00e0 l\u2019Emploi M\u00e9rit\u00e9 pour une \u00c9conomie Durable (EMED) Consulter notre politique de confidentialit\u00e9.<\/p>\n","protected":false},"author":1,"featured_media":0,"parent":0,"menu_order":0,"comment_status":"closed","ping_status":"closed","template":"","meta":{"ocean_post_layout":"","ocean_both_sidebars_style":"","ocean_both_sidebars_content_width":0,"ocean_both_sidebars_sidebars_width":0,"ocean_sidebar":"","ocean_second_sidebar":"","ocean_disable_margins":"enable","ocean_add_body_class":"","ocean_shortcode_before_top_bar":"","ocean_shortcode_after_top_bar":"","ocean_shortcode_before_header":"","ocean_shortcode_after_header":"","ocean_has_shortcode":"","ocean_shortcode_after_title":"","ocean_shortcode_before_footer_widgets":"","ocean_shortcode_after_footer_widgets":"","ocean_shortcode_before_footer_bottom":"","ocean_shortcode_after_footer_bottom":"","ocean_display_top_bar":"default","ocean_display_header":"default","ocean_header_style":"","ocean_center_header_left_menu":"","ocean_custom_header_template":"","ocean_custom_logo":0,"ocean_custom_retina_logo":0,"ocean_custom_logo_max_width":0,"ocean_custom_logo_tablet_max_width":0,"ocean_custom_logo_mobile_max_width":0,"ocean_custom_logo_max_height":0,"ocean_custom_logo_tablet_max_height":0,"ocean_custom_logo_mobile_max_height":0,"ocean_header_custom_menu":"","ocean_menu_typo_font_family":"","ocean_menu_typo_font_subset":"","ocean_menu_typo_font_size":0,"ocean_menu_typo_font_size_tablet":0,"ocean_menu_typo_font_size_mobile":0,"ocean_menu_typo_font_size_unit":"px","ocean_menu_typo_font_weight":"","ocean_menu_typo_font_weight_tablet":"","ocean_menu_typo_font_weight_mobile":"","ocean_menu_typo_transform":"","ocean_menu_typo_transform_tablet":"","ocean_menu_typo_transform_mobile":"","ocean_menu_typo_line_height":0,"ocean_menu_typo_line_height_tablet":0,"ocean_menu_typo_line_height_mobile":0,"ocean_menu_typo_line_height_unit":"","ocean_menu_typo_spacing":0,"ocean_menu_typo_spacing_tablet":0,"ocean_menu_typo_spacing_mobile":0,"ocean_menu_typo_spacing_unit":"","ocean_menu_link_color":"","ocean_menu_link_color_hover":"","ocean_menu_link_color_active":"","ocean_menu_link_background":"","ocean_menu_link_hover_background":"","ocean_menu_link_active_background":"","ocean_menu_social_links_bg":"","ocean_menu_social_hover_links_bg":"","ocean_menu_social_links_color":"","ocean_menu_social_hover_links_color":"","ocean_disable_title":"on","ocean_disable_heading":"default","ocean_post_title":"","ocean_post_subheading":"","ocean_post_title_style":"","ocean_post_title_background_color":"","ocean_post_title_background":0,"ocean_post_title_bg_image_position":"","ocean_post_title_bg_image_attachment":"","ocean_post_title_bg_image_repeat":"","ocean_post_title_bg_image_size":"","ocean_post_title_height":0,"ocean_post_title_bg_overlay":0.5,"ocean_post_title_bg_overlay_color":"","ocean_disable_breadcrumbs":"default","ocean_breadcrumbs_color":"","ocean_breadcrumbs_separator_color":"","ocean_breadcrumbs_links_color":"","ocean_breadcrumbs_links_hover_color":"","ocean_display_footer_widgets":"default","ocean_display_footer_bottom":"default","ocean_custom_footer_template":"","omw_enable_modal_window":"enable","footnotes":""},"class_list":["post-4723","page","type-page","status-publish","hentry","entry"],"_links":{"self":[{"href":"https:\/\/www.civare-navigation.com\/index.php\/wp-json\/wp\/v2\/pages\/4723","targetHints":{"allow":["GET"]}}],"collection":[{"href":"https:\/\/www.civare-navigation.com\/index.php\/wp-json\/wp\/v2\/pages"}],"about":[{"href":"https:\/\/www.civare-navigation.com\/index.php\/wp-json\/wp\/v2\/types\/page"}],"author":[{"embeddable":true,"href":"https:\/\/www.civare-navigation.com\/index.php\/wp-json\/wp\/v2\/users\/1"}],"replies":[{"embeddable":true,"href":"https:\/\/www.civare-navigation.com\/index.php\/wp-json\/wp\/v2\/comments?post=4723"}],"version-history":[{"count":3,"href":"https:\/\/www.civare-navigation.com\/index.php\/wp-json\/wp\/v2\/pages\/4723\/revisions"}],"predecessor-version":[{"id":4803,"href":"https:\/\/www.civare-navigation.com\/index.php\/wp-json\/wp\/v2\/pages\/4723\/revisions\/4803"}],"wp:attachment":[{"href":"https:\/\/www.civare-navigation.com\/index.php\/wp-json\/wp\/v2\/media?parent=4723"}],"curies":[{"name":"wp","href":"https:\/\/api.w.org\/{rel}","templated":true}]}}