{"id":4672,"date":"2025-06-29T12:01:07","date_gmt":"2025-06-29T10:01:07","guid":{"rendered":"https:\/\/www.civare-navigation.com\/?page_id=4672"},"modified":"2025-07-12T11:38:33","modified_gmt":"2025-07-12T09:38:33","slug":"le-noeud-dun-mariage-solide-et-epanoui","status":"publish","type":"page","link":"https:\/\/www.civare-navigation.com\/index.php\/le-noeud-dun-mariage-solide-et-epanoui\/","title":{"rendered":"Le n\u0153ud d&rsquo;un mariage solide et \u00e9panoui"},"content":{"rendered":"\n<div class=\"wp-block-columns is-layout-flex wp-container-core-columns-is-layout-9d6595d7 wp-block-columns-is-layout-flex\">\n<div class=\"wp-block-column is-vertically-aligned-center is-layout-flow wp-block-column-is-layout-flow\" style=\"flex-basis:34%\">\n<figure class=\"wp-block-image size-large\"><img loading=\"lazy\" decoding=\"async\" width=\"753\" height=\"1024\" src=\"https:\/\/www.civare-navigation.com\/wp-content\/uploads\/2025\/06\/Design-sans-titre_20250629_131708_0000-753x1024.png\" alt=\"\" class=\"wp-image-4707\" srcset=\"https:\/\/www.civare-navigation.com\/wp-content\/uploads\/2025\/06\/Design-sans-titre_20250629_131708_0000-753x1024.png 753w, https:\/\/www.civare-navigation.com\/wp-content\/uploads\/2025\/06\/Design-sans-titre_20250629_131708_0000-221x300.png 221w, https:\/\/www.civare-navigation.com\/wp-content\/uploads\/2025\/06\/Design-sans-titre_20250629_131708_0000-768x1045.png 768w, https:\/\/www.civare-navigation.com\/wp-content\/uploads\/2025\/06\/Design-sans-titre_20250629_131708_0000.png 794w\" sizes=\"auto, (max-width: 753px) 100vw, 753px\" \/><\/figure>\n<\/div>\n\n\n\n<div class=\"wp-block-column hide-sm is-layout-flow wp-block-column-is-layout-flow\" style=\"flex-basis:2%\"><\/div>\n\n\n\n<div class=\"wp-block-column is-layout-flow wp-block-column-is-layout-flow\" style=\"flex-basis:64%\">\n<div class=\"wp-block-group center-on-mobile is-nowrap is-layout-flex wp-container-core-group-is-layout-ad2f72ca wp-block-group-is-layout-flex\">\n<div class=\"wp-block-group is-nowrap is-layout-flex wp-container-core-group-is-layout-ad2f72ca wp-block-group-is-layout-flex\">\n<figure class=\"wp-block-image size-full is-resized\"><img loading=\"lazy\" decoding=\"async\" width=\"100\" height=\"100\" src=\"https:\/\/www.civare-navigation.com\/wp-content\/uploads\/2025\/06\/cash-stack.png\" alt=\"\" class=\"wp-image-4629\" style=\"width:24px\"\/><\/figure>\n\n\n\n<p class=\"has-medium-font-size\">25.000 FCFA<\/p>\n<\/div>\n\n\n\n<div style=\"height:100px;width:0px\" aria-hidden=\"true\" class=\"wp-block-spacer show-sm wp-container-content-c42f3963\"><\/div>\n\n\n\n<div style=\"height:100px;width:0px\" aria-hidden=\"true\" class=\"wp-block-spacer hide-sm wp-container-content-fd3097a4\"><\/div>\n\n\n\n<div class=\"wp-block-group is-nowrap is-layout-flex wp-container-core-group-is-layout-ad2f72ca wp-block-group-is-layout-flex\">\n<figure class=\"wp-block-image size-full is-resized\"><img loading=\"lazy\" decoding=\"async\" width=\"100\" height=\"100\" src=\"https:\/\/www.civare-navigation.com\/wp-content\/uploads\/2025\/06\/tag-fill.png\" alt=\"\" class=\"wp-image-4630\" style=\"width:24px\"\/><\/figure>\n\n\n\n<p class=\"has-medium-font-size\">78 pages<\/p>\n<\/div>\n<\/div>\n\n\n\n<div class=\"wp-block-group center-on-mobile block-sm is-nowrap is-layout-flex wp-container-core-group-is-layout-ad2f72ca wp-block-group-is-layout-flex\">\n<div class=\"wp-block-buttons center-on-mobile is-layout-flex wp-block-buttons-is-layout-flex\">\n<div class=\"wp-block-button\"><a class=\"wp-block-button__link has-white-color has-text-color has-background has-link-color wp-element-button\" href=\"https:\/\/www.civare-navigation.com\/index.php\/harmonie-famille-pour-reussite-professionnelle\/\" style=\"background-color:#353535\">D\u00e9couvrez le Programme d&rsquo;Harmonie Pro-Famille affili\u00e9 \u00e0 ce livre<\/a><\/div>\n<\/div>\n\n\n\n<div style=\"height:100px;width:0px\" aria-hidden=\"true\" class=\"wp-block-spacer h16-sm wp-container-content-af3d81f1\"><\/div>\n\n\n\n<div class=\"wp-block-buttons center-on-mobile is-layout-flex wp-block-buttons-is-layout-flex\">\n<div class=\"wp-block-button\"><a class=\"wp-block-button__link has-white-color has-text-color has-link-color wp-element-button\" href=\"https:\/\/wa.me\/69885537?text=Bonjour,%20je%20souhaite%20acheter%20le%20 livre%20LE%20NOEUD%20D%27UN%20MARIAGE%20SOLIDE%20ET%20EPANOUI.\" target=\"_blank\" rel=\"noopener\"><img loading=\"lazy\" decoding=\"async\" width=\"20\" height=\"20\" class=\"wp-image-4836\" style=\"width: 20px;\" src=\"https:\/\/www.civare-navigation.com\/wp-content\/uploads\/2025\/07\/Telephone-2.png\" alt=\"\">  Acheter le livre<\/a><\/div>\n<\/div>\n<\/div>\n\n\n\n<div style=\"height:48px\" aria-hidden=\"true\" class=\"wp-block-spacer\"><\/div>\n\n\n\n<h2 class=\"wp-block-heading has-medium-font-size\">Avant-propos<\/h2>\n\n\n\n<p>Ce livre est n\u00e9 d\u2019une conviction profonde : le mariage est en crise parce que ses fondations ont \u00e9t\u00e9 oubli\u00e9es. \u00c0 force de red\u00e9finir, de r\u00e9inventer, ou de r\u00e9interpr\u00e9ter ce que signifie \u00ab \u00eatre mari\u00e9 \u00bb, la soci\u00e9t\u00e9 moderne a peu \u00e0 peu \u00e9rod\u00e9 les piliers invisibles qui donnaient au couple stabilit\u00e9, paix et dur\u00e9e.<\/p>\n\n\n\n<p>Aujourd\u2019hui, bien des unions s\u2019effondrent non pas faute d\u2019amour, mais faute de structure, faute de r\u00f4le clairement compris et assum\u00e9. Beaucoup entrent dans le mariage avec des sentiments sinc\u00e8res, des projets ambitieux, des r\u00eaves partag\u00e9s, mais sans une compr\u00e9hension solide de ce qui soutient v\u00e9ritablement l\u2019\u00e9difice conjugal.<\/p>\n\n\n\n<p>Ce livre ne pr\u00e9tend pas imposer un mod\u00e8le universel ni id\u00e9aliser le pass\u00e9. Il ne s\u2019agit pas d\u2019un retour aveugle aux traditions, ni d\u2019une glorification de la souffrance conjugale au nom de principes rigides. Il s\u2019agit d\u2019un retour aux fondements, d\u2019une red\u00e9couverte volontaire de ce qui, dans toute union durable, fonctionne naturellement : la compl\u00e9mentarit\u00e9 des r\u00f4les entre l\u2019homme et la femme.<\/p>\n<\/div>\n<\/div>\n\n\n\n<div style=\"height:24px\" aria-hidden=\"true\" class=\"wp-block-spacer show-sm\"><\/div>\n\n\n\n<div style=\"height:48px\" aria-hidden=\"true\" class=\"wp-block-spacer hide-sm\"><\/div>\n\n\n\n<p>Nous abordons ici la protection de l\u2019homme et la soumission de la femme, non comme des concepts r\u00e9trogrades, mais comme des postures choisies, \u00e9clair\u00e9es, assum\u00e9es. Car bien v\u00e9cus, ces r\u00f4les ne briment pas : ils lib\u00e8rent. Ils ne divisent pas : ils unissent. Ils ne cr\u00e9ent pas d\u2019in\u00e9galit\u00e9 : ils \u00e9tablissent une synergie.<\/p>\n\n\n\n<p>Ce livre s\u2019adresse :<\/p>\n\n\n\n<ul class=\"wp-block-list\">\n<li>Aux jeunes qui veulent se pr\u00e9parer au mariage avec maturit\u00e9 ;<\/li>\n\n\n\n<li>Aux couples mari\u00e9s qui veulent redonner du sens \u00e0 leur union ;<\/li>\n\n\n\n<li>Aux femmes et aux hommes qui veulent comprendre leur place, non dans la confusion des luttes, mais dans la clart\u00e9 des responsabilit\u00e9s.<\/li>\n<\/ul>\n\n\n\n<p>Que vous soyez croyant ou non, ce livre vous invite \u00e0 r\u00e9fl\u00e9chir, \u00e0 dialoguer, \u00e0 exp\u00e9rimenter une voie conjugale fond\u00e9e sur le respect des diff\u00e9rences, la puissance des r\u00f4les assum\u00e9s, et l\u2019intelligence de l\u2019amour incarn\u00e9.<\/p>\n\n\n\n<p>Si ce livre suscite en vous de la paix, du courage ou un d\u00e9sir de reconstruire ce qui a \u00e9t\u00e9 ab\u00eem\u00e9, alors il aura accompli sa mission.<\/p>\n\n\n\n<p>Que chaque lecteur trouve ici des cl\u00e9s,<br>Non pour dominer ou se soumettre par peur,<br>Mais pour aimer mieux, plus fort, et plus durablement.<\/p>\n\n\n\n<div class=\"wp-block-group is-vertical is-layout-flex wp-container-core-group-is-layout-8cf370e7 wp-block-group-is-layout-flex\">\n<p class=\"has-medium-font-size\"><strong>Moussidiou RADJI,<\/strong><\/p>\n\n\n\n<p><strong>Navigateur de carri\u00e8re; Expert consultant en orientation et mod\u00e8le de r\u00e9ussite professionnelle et financi\u00e8re<\/strong><\/p>\n<\/div>\n","protected":false},"excerpt":{"rendered":"<p>25.000 FCFA 78 pages Avant-propos Ce livre est n\u00e9 d\u2019une conviction profonde : le mariage est en crise parce que ses fondations ont \u00e9t\u00e9 oubli\u00e9es. \u00c0 force de red\u00e9finir, de r\u00e9inventer, ou de r\u00e9interpr\u00e9ter ce que signifie \u00ab \u00eatre mari\u00e9 \u00bb, la soci\u00e9t\u00e9 moderne a peu \u00e0 peu \u00e9rod\u00e9 les piliers invisibles qui donnaient au [&hellip;]<\/p>\n","protected":false},"author":1,"featured_media":0,"parent":0,"menu_order":0,"comment_status":"closed","ping_status":"closed","template":"","meta":{"ocean_post_layout":"","ocean_both_sidebars_style":"","ocean_both_sidebars_content_width":0,"ocean_both_sidebars_sidebars_width":0,"ocean_sidebar":"","ocean_second_sidebar":"","ocean_disable_margins":"enable","ocean_add_body_class":"","ocean_shortcode_before_top_bar":"","ocean_shortcode_after_top_bar":"","ocean_shortcode_before_header":"","ocean_shortcode_after_header":"","ocean_has_shortcode":"","ocean_shortcode_after_title":"","ocean_shortcode_before_footer_widgets":"","ocean_shortcode_after_footer_widgets":"","ocean_shortcode_before_footer_bottom":"","ocean_shortcode_after_footer_bottom":"","ocean_display_top_bar":"default","ocean_display_header":"default","ocean_header_style":"","ocean_center_header_left_menu":"","ocean_custom_header_template":"","ocean_custom_logo":0,"ocean_custom_retina_logo":0,"ocean_custom_logo_max_width":0,"ocean_custom_logo_tablet_max_width":0,"ocean_custom_logo_mobile_max_width":0,"ocean_custom_logo_max_height":0,"ocean_custom_logo_tablet_max_height":0,"ocean_custom_logo_mobile_max_height":0,"ocean_header_custom_menu":"","ocean_menu_typo_font_family":"","ocean_menu_typo_font_subset":"","ocean_menu_typo_font_size":0,"ocean_menu_typo_font_size_tablet":0,"ocean_menu_typo_font_size_mobile":0,"ocean_menu_typo_font_size_unit":"px","ocean_menu_typo_font_weight":"","ocean_menu_typo_font_weight_tablet":"","ocean_menu_typo_font_weight_mobile":"","ocean_menu_typo_transform":"","ocean_menu_typo_transform_tablet":"","ocean_menu_typo_transform_mobile":"","ocean_menu_typo_line_height":0,"ocean_menu_typo_line_height_tablet":0,"ocean_menu_typo_line_height_mobile":0,"ocean_menu_typo_line_height_unit":"","ocean_menu_typo_spacing":0,"ocean_menu_typo_spacing_tablet":0,"ocean_menu_typo_spacing_mobile":0,"ocean_menu_typo_spacing_unit":"","ocean_menu_link_color":"","ocean_menu_link_color_hover":"","ocean_menu_link_color_active":"","ocean_menu_link_background":"","ocean_menu_link_hover_background":"","ocean_menu_link_active_background":"","ocean_menu_social_links_bg":"","ocean_menu_social_hover_links_bg":"","ocean_menu_social_links_color":"","ocean_menu_social_hover_links_color":"","ocean_disable_title":"default","ocean_disable_heading":"default","ocean_post_title":"","ocean_post_subheading":"","ocean_post_title_style":"","ocean_post_title_background_color":"","ocean_post_title_background":0,"ocean_post_title_bg_image_position":"","ocean_post_title_bg_image_attachment":"","ocean_post_title_bg_image_repeat":"","ocean_post_title_bg_image_size":"","ocean_post_title_height":0,"ocean_post_title_bg_overlay":0.5,"ocean_post_title_bg_overlay_color":"","ocean_disable_breadcrumbs":"default","ocean_breadcrumbs_color":"","ocean_breadcrumbs_separator_color":"","ocean_breadcrumbs_links_color":"","ocean_breadcrumbs_links_hover_color":"","ocean_display_footer_widgets":"default","ocean_display_footer_bottom":"default","ocean_custom_footer_template":"","omw_enable_modal_window":"enable","footnotes":""},"class_list":["post-4672","page","type-page","status-publish","hentry","entry"],"_links":{"self":[{"href":"https:\/\/www.civare-navigation.com\/index.php\/wp-json\/wp\/v2\/pages\/4672","targetHints":{"allow":["GET"]}}],"collection":[{"href":"https:\/\/www.civare-navigation.com\/index.php\/wp-json\/wp\/v2\/pages"}],"about":[{"href":"https:\/\/www.civare-navigation.com\/index.php\/wp-json\/wp\/v2\/types\/page"}],"author":[{"embeddable":true,"href":"https:\/\/www.civare-navigation.com\/index.php\/wp-json\/wp\/v2\/users\/1"}],"replies":[{"embeddable":true,"href":"https:\/\/www.civare-navigation.com\/index.php\/wp-json\/wp\/v2\/comments?post=4672"}],"version-history":[{"count":9,"href":"https:\/\/www.civare-navigation.com\/index.php\/wp-json\/wp\/v2\/pages\/4672\/revisions"}],"predecessor-version":[{"id":6036,"href":"https:\/\/www.civare-navigation.com\/index.php\/wp-json\/wp\/v2\/pages\/4672\/revisions\/6036"}],"wp:attachment":[{"href":"https:\/\/www.civare-navigation.com\/index.php\/wp-json\/wp\/v2\/media?parent=4672"}],"curies":[{"name":"wp","href":"https:\/\/api.w.org\/{rel}","templated":true}]}}