{"id":4610,"date":"2025-06-27T16:17:12","date_gmt":"2025-06-27T14:17:12","guid":{"rendered":"https:\/\/www.civare-navigation.com\/?page_id=4610"},"modified":"2025-07-14T15:43:01","modified_gmt":"2025-07-14T13:43:01","slug":"les-petits-genies-de-largent-a-la-decouverte-de-la-finance-de-leconomie-et-de-la-cryptomonnaie","status":"publish","type":"page","link":"https:\/\/www.civare-navigation.com\/index.php\/les-petits-genies-de-largent-a-la-decouverte-de-la-finance-de-leconomie-et-de-la-cryptomonnaie\/","title":{"rendered":"LES PETITS GENIES DE L&rsquo;ARGENT : A la d\u00e9couverte de la Finance, de l&rsquo;Economie et de la Cryptomonnaie"},"content":{"rendered":"\n<div class=\"wp-block-columns is-layout-flex wp-container-core-columns-is-layout-9d6595d7 wp-block-columns-is-layout-flex\">\n<div class=\"wp-block-column is-vertically-aligned-center is-layout-flow wp-block-column-is-layout-flow\" style=\"flex-basis:34%\">\n<figure class=\"wp-block-image size-large\"><img loading=\"lazy\" decoding=\"async\" width=\"753\" height=\"1024\" src=\"https:\/\/www.civare-navigation.com\/wp-content\/uploads\/2025\/07\/Design-sans-titre-30-753x1024.png\" alt=\"\" class=\"wp-image-6748\" srcset=\"https:\/\/www.civare-navigation.com\/wp-content\/uploads\/2025\/07\/Design-sans-titre-30-753x1024.png 753w, https:\/\/www.civare-navigation.com\/wp-content\/uploads\/2025\/07\/Design-sans-titre-30-221x300.png 221w, https:\/\/www.civare-navigation.com\/wp-content\/uploads\/2025\/07\/Design-sans-titre-30-768x1045.png 768w, https:\/\/www.civare-navigation.com\/wp-content\/uploads\/2025\/07\/Design-sans-titre-30.png 794w\" sizes=\"auto, (max-width: 753px) 100vw, 753px\" \/><\/figure>\n<\/div>\n\n\n\n<div class=\"wp-block-column hide-sm is-layout-flow wp-block-column-is-layout-flow\" style=\"flex-basis:2%\"><\/div>\n\n\n\n<div class=\"wp-block-column is-layout-flow wp-block-column-is-layout-flow\" style=\"flex-basis:64%\">\n<div class=\"wp-block-group is-nowrap is-layout-flex wp-container-core-group-is-layout-ad2f72ca wp-block-group-is-layout-flex\">\n<div class=\"wp-block-group is-nowrap is-layout-flex wp-container-core-group-is-layout-ad2f72ca wp-block-group-is-layout-flex\">\n<figure class=\"wp-block-image size-full is-resized\"><img loading=\"lazy\" decoding=\"async\" width=\"100\" height=\"100\" src=\"https:\/\/www.civare-navigation.com\/wp-content\/uploads\/2025\/06\/cash-stack.png\" alt=\"\" class=\"wp-image-4629\" style=\"width:24px\"\/><\/figure>\n\n\n\n<p class=\"has-medium-font-size\">7.500 FCFA<\/p>\n<\/div>\n\n\n\n<div style=\"height:100px;width:0px\" aria-hidden=\"true\" class=\"wp-block-spacer show-sm wp-container-content-c42f3963\"><\/div>\n\n\n\n<div style=\"height:100px;width:0px\" aria-hidden=\"true\" class=\"wp-block-spacer hide-sm wp-container-content-fd3097a4\"><\/div>\n\n\n\n<div class=\"wp-block-group is-nowrap is-layout-flex wp-container-core-group-is-layout-ad2f72ca wp-block-group-is-layout-flex\">\n<figure class=\"wp-block-image size-full is-resized\"><img loading=\"lazy\" decoding=\"async\" width=\"100\" height=\"100\" src=\"https:\/\/www.civare-navigation.com\/wp-content\/uploads\/2025\/06\/tag-fill.png\" alt=\"\" class=\"wp-image-4630\" style=\"width:24px\"\/><\/figure>\n\n\n\n<p class=\"has-medium-font-size\">129 pages<\/p>\n<\/div>\n<\/div>\n\n\n\n<div class=\"wp-block-group is-nowrap is-layout-flex wp-container-core-group-is-layout-ad2f72ca wp-block-group-is-layout-flex\">\n<div class=\"wp-block-buttons is-layout-flex wp-block-buttons-is-layout-flex\">\n<div class=\"wp-block-button\"><a class=\"wp-block-button__link has-white-color has-text-color has-background has-link-color wp-element-button\" href=\"https:\/\/www.civare-navigation.com\/index.php\/programme-a-domicile-pour-linsertion-a-la-vie-active-p-ediva\/\" style=\"background-color:#353535\">D\u00e9couvrez le Programme EDIVA affili\u00e9 \u00e0 ce livre<\/a><\/div>\n<\/div>\n\n\n\n<div style=\"height:100px;width:0px\" aria-hidden=\"true\" class=\"wp-block-spacer wp-container-content-af3d81f1\"><\/div>\n\n\n\n<div class=\"wp-block-buttons is-layout-flex wp-block-buttons-is-layout-flex\">\n<div class=\"wp-block-button\"><a class=\"wp-block-button__link has-white-color has-text-color has-link-color wp-element-button\" href=\"https:\/\/wa.me\/69885537?text=Bonjour,%20je%20souhaite%20acheter%20le%20 livre%20LES%20PETITS%20GENIES%20E-TECH%20:%20A%20LA%20DECOUVERTE%20DE%20LA%20FINANCE,%20DE%20L%27ECONOMIE%20ET%20DE%20LA%20CRYPTOMONNAIE.\" target=\"_blank\" rel=\"noopener\"><img loading=\"lazy\" decoding=\"async\" width=\"20\" height=\"20\" class=\"wp-image-4836\" style=\"width: 20px;\" src=\"https:\/\/www.civare-navigation.com\/wp-content\/uploads\/2025\/07\/Telephone-2.png\" alt=\"\">  Acheter le livre<\/a><\/div>\n<\/div>\n<\/div>\n\n\n\n<div style=\"height:48px\" aria-hidden=\"true\" class=\"wp-block-spacer\"><\/div>\n\n\n\n<h2 class=\"wp-block-heading has-medium-font-size\">Avant-propos<\/h2>\n\n\n\n<p>Ce livre incarne l\u2019essence m\u00eame du Programme d\u2019\u00c9tude \u00e0 Domicile pour l\u2019Insertion \u00e0 la Vie Active (P-EDIVA) : former les enfants, d\u00e8s 7 ans, \u00e0 ma\u00eetriser les cl\u00e9s de la r\u00e9ussite professionnelle et financi\u00e8re, quels que soient leurs r\u00eaves ou leurs ambitions. Con\u00e7u sous la direction d\u2019un expert mondialement reconnu en navigation de carri\u00e8re, le P-EDIVA se distingue comme un parcours \u00e9ducatif sur mesure, adapt\u00e9 aux \u00e9l\u00e8ves du primaire, du secondaire et m\u00eame aux \u00e9tudiants universitaires.<br>Au c\u0153ur de ce programme innovant, une \u00e9quipe pluridisciplinaire d\u2019\u00e9lite : consultants en strat\u00e9gie professionnelle, mentors en mod\u00e8les de r\u00e9ussite financi\u00e8re, coachs certifi\u00e9s en d\u00e9veloppement de carri\u00e8re et enseignants aguerris. Ensemble, ils offrent un accompagnement intellectuel complet, articul\u00e9 autour de deux piliers :<\/p>\n\n\n\n<ul class=\"wp-block-list\">\n<li>Les \u00e9tudes dirig\u00e9es \u00e0 domicile pour consolider les savoirs acad\u00e9miques.<\/li>\n\n\n\n<li>Des modules pratiques d\u2019insertion dans la vie active pour transformer le savoir en comp\u00e9tences tangibles.<\/li>\n<\/ul>\n\n\n\n<p>Mais ce livre va plus loin : il initie les enfants, d\u00e8s l\u2019\u00e2ge de 7 ans, aux fondamentaux de la finance, de l\u2019\u00e9conomie moderne et des crypto-monnaies. \u00c0 travers des exemples concrets, des exercices ludiques et des mises en situation r\u00e9alistes, il cultive chez les jeunes apprenants une mentalit\u00e9 proactive, une autonomie financi\u00e8re pr\u00e9coce et une compr\u00e9hension des enjeux \u00e9conomiques du 21\u1d49 si\u00e8cle.<\/p>\n<\/div>\n<\/div>\n\n\n\n<div style=\"height:24px\" aria-hidden=\"true\" class=\"wp-block-spacer show-sm\"><\/div>\n\n\n\n<div style=\"height:48px\" aria-hidden=\"true\" class=\"wp-block-spacer hide-sm\"><\/div>\n\n\n\n<div class=\"wp-block-group is-vertical is-layout-flex wp-container-core-group-is-layout-8cf370e7 wp-block-group-is-layout-flex\">\n<p class=\"has-medium-font-size\"><strong>Pourquoi choisir ce livre ?<\/strong><\/p>\n\n\n\n<p>Voici pourquoi ce livre est un investissement pr\u00e9cieux pour son avenir :<\/p>\n<\/div>\n\n\n\n<ol class=\"wp-block-list\">\n<li><strong>Construire des bases solides pour une vie financi\u00e8re saine :<\/strong> Les finances personnelles et les concepts \u00e9conomiques ne sont pas enseign\u00e9s \u00e0 l\u2019\u00e9cole, mais ils sont indispensables pour prendre des d\u00e9cisions \u00e9clair\u00e9es. En apprenant \u00e0 g\u00e9rer un budget, \u00e0 \u00e9pargner, \u00e0 investir et \u00e0 comprendre les m\u00e9canismes \u00e9conomiques, votre enfant acquiert des comp\u00e9tences qui lui seront utiles tout au long de sa vie.<\/li>\n\n\n\n<li><strong>D\u00e9velopper la responsabilit\u00e9 et l\u2019autonomie : <\/strong>Comprendre la valeur de l\u2019argent et comment le g\u00e9rer enseigne la discipline, la planification et la prise de d\u00e9cision. Ces comp\u00e9tences sont pr\u00e9cieuses, non seulement pour les finances, mais aussi pour la vie quotidienne. Votre enfant deviendra plus responsable et confiant dans ses choix.<\/li>\n\n\n\n<li><strong>Pr\u00e9parer \u00e0 un monde \u00e9conomique en constante \u00e9volution : <\/strong>Les jeunes d\u2019aujourd\u2019hui grandissent dans un environnement \u00e9conomique complexe et en mutation rapide. Comprendre les bases de l\u2019\u00e9conomie, comme l\u2019inflation, les taux d\u2019int\u00e9r\u00eat, les march\u00e9s financiers et les cycles \u00e9conomiques, les aide \u00e0 appr\u00e9hender le monde qui les entoure et \u00e0 s\u2019adapter aux changements.<\/li>\n\n\n\n<li><strong>\u00c9viter les pi\u00e8ges financiers courants :<\/strong> Sans une \u00e9ducation financi\u00e8re de base, les jeunes adultes sont souvent confront\u00e9s \u00e0 des difficult\u00e9s comme les dettes \u00e9tudiantes, les cr\u00e9dits \u00e0 taux \u00e9lev\u00e9s ou les d\u00e9penses impulsives. En apprenant t\u00f4t \u00e0 g\u00e9rer son argent et \u00e0 comprendre les risques financiers, votre enfant sera mieux arm\u00e9 pour \u00e9viter ces \u00e9cueils et construire un avenir financier stable.<\/li>\n\n\n\n<li><strong>Stimuler une mentalit\u00e9 d\u2019abondance et de cr\u00e9ativit\u00e9 : <\/strong>Comprendre les finances et l\u2019\u00e9conomie ne se limite pas \u00e0 \u00e9conomiser ; cela inclut aussi apprendre \u00e0 faire fructifier son argent, \u00e0 identifier des opportunit\u00e9s et \u00e0 penser de mani\u00e8re entrepreneuriale. Ces comp\u00e9tences peuvent inspirer votre enfant \u00e0 r\u00eaver grand et \u00e0 r\u00e9aliser ses ambitions.<\/li>\n\n\n\n<li><strong>Devenir un citoyen \u00e9clair\u00e9 et engag\u00e9 :<\/strong> Les d\u00e9cisions \u00e9conomiques influencent notre soci\u00e9t\u00e9 et notre environnement. En comprenant les bases de l\u2019\u00e9conomie, votre enfant sera mieux pr\u00e9par\u00e9 pour participer activement \u00e0 la vie citoyenne, prendre des d\u00e9cisions \u00e9clair\u00e9es et contribuer positivement \u00e0 la soci\u00e9t\u00e9.<\/li>\n<\/ol>\n\n\n\n<div class=\"wp-block-group is-vertical is-layout-flex wp-container-core-group-is-layout-8cf370e7 wp-block-group-is-layout-flex\">\n<p>Offrez \u00e0 votre enfant un avantage comp\u00e9titif d\u00e9cisif dans un monde en constante \u00e9volution. Ce livre n\u2019est pas un simple manuel \u2013 c\u2019est un passeport pour une future o\u00f9 ils contr\u00f4leront leur destin\u00e9e \u00e9conomique et professionnelle, avec confiance et audace.<\/p>\n\n\n\n<p><strong>D\u00e9cidez aujourd\u2019hui de leur r\u00e9ussite de demain.<\/strong><\/p>\n<\/div>\n\n\n\n<div style=\"height:16px\" aria-hidden=\"true\" class=\"wp-block-spacer\"><\/div>\n\n\n\n<p class=\"has-medium-font-size\"><strong>Bonus : Un Certificat d\u2019initiation aux finances et \u00e0 l\u2019\u00e9conomies personnelles !<\/strong><\/p>\n","protected":false},"excerpt":{"rendered":"<p>7.500 FCFA 129 pages Avant-propos Ce livre incarne l\u2019essence m\u00eame du Programme d\u2019\u00c9tude \u00e0 Domicile pour l\u2019Insertion \u00e0 la Vie Active (P-EDIVA) : former les enfants, d\u00e8s 7 ans, \u00e0 ma\u00eetriser les cl\u00e9s de la r\u00e9ussite professionnelle et financi\u00e8re, quels que soient leurs r\u00eaves ou leurs ambitions. Con\u00e7u sous la direction d\u2019un expert mondialement reconnu [&hellip;]<\/p>\n","protected":false},"author":1,"featured_media":0,"parent":0,"menu_order":0,"comment_status":"closed","ping_status":"closed","template":"","meta":{"ocean_post_layout":"","ocean_both_sidebars_style":"","ocean_both_sidebars_content_width":0,"ocean_both_sidebars_sidebars_width":0,"ocean_sidebar":"","ocean_second_sidebar":"","ocean_disable_margins":"enable","ocean_add_body_class":"","ocean_shortcode_before_top_bar":"","ocean_shortcode_after_top_bar":"","ocean_shortcode_before_header":"","ocean_shortcode_after_header":"","ocean_has_shortcode":"","ocean_shortcode_after_title":"","ocean_shortcode_before_footer_widgets":"","ocean_shortcode_after_footer_widgets":"","ocean_shortcode_before_footer_bottom":"","ocean_shortcode_after_footer_bottom":"","ocean_display_top_bar":"default","ocean_display_header":"default","ocean_header_style":"","ocean_center_header_left_menu":"","ocean_custom_header_template":"","ocean_custom_logo":0,"ocean_custom_retina_logo":0,"ocean_custom_logo_max_width":0,"ocean_custom_logo_tablet_max_width":0,"ocean_custom_logo_mobile_max_width":0,"ocean_custom_logo_max_height":0,"ocean_custom_logo_tablet_max_height":0,"ocean_custom_logo_mobile_max_height":0,"ocean_header_custom_menu":"","ocean_menu_typo_font_family":"","ocean_menu_typo_font_subset":"","ocean_menu_typo_font_size":0,"ocean_menu_typo_font_size_tablet":0,"ocean_menu_typo_font_size_mobile":0,"ocean_menu_typo_font_size_unit":"px","ocean_menu_typo_font_weight":"","ocean_menu_typo_font_weight_tablet":"","ocean_menu_typo_font_weight_mobile":"","ocean_menu_typo_transform":"","ocean_menu_typo_transform_tablet":"","ocean_menu_typo_transform_mobile":"","ocean_menu_typo_line_height":0,"ocean_menu_typo_line_height_tablet":0,"ocean_menu_typo_line_height_mobile":0,"ocean_menu_typo_line_height_unit":"","ocean_menu_typo_spacing":0,"ocean_menu_typo_spacing_tablet":0,"ocean_menu_typo_spacing_mobile":0,"ocean_menu_typo_spacing_unit":"","ocean_menu_link_color":"","ocean_menu_link_color_hover":"","ocean_menu_link_color_active":"","ocean_menu_link_background":"","ocean_menu_link_hover_background":"","ocean_menu_link_active_background":"","ocean_menu_social_links_bg":"","ocean_menu_social_hover_links_bg":"","ocean_menu_social_links_color":"","ocean_menu_social_hover_links_color":"","ocean_disable_title":"default","ocean_disable_heading":"default","ocean_post_title":"","ocean_post_subheading":"","ocean_post_title_style":"","ocean_post_title_background_color":"","ocean_post_title_background":0,"ocean_post_title_bg_image_position":"","ocean_post_title_bg_image_attachment":"","ocean_post_title_bg_image_repeat":"","ocean_post_title_bg_image_size":"","ocean_post_title_height":0,"ocean_post_title_bg_overlay":0.5,"ocean_post_title_bg_overlay_color":"","ocean_disable_breadcrumbs":"default","ocean_breadcrumbs_color":"","ocean_breadcrumbs_separator_color":"","ocean_breadcrumbs_links_color":"","ocean_breadcrumbs_links_hover_color":"","ocean_display_footer_widgets":"default","ocean_display_footer_bottom":"default","ocean_custom_footer_template":"","omw_enable_modal_window":"enable","footnotes":""},"class_list":["post-4610","page","type-page","status-publish","hentry","entry"],"_links":{"self":[{"href":"https:\/\/www.civare-navigation.com\/index.php\/wp-json\/wp\/v2\/pages\/4610","targetHints":{"allow":["GET"]}}],"collection":[{"href":"https:\/\/www.civare-navigation.com\/index.php\/wp-json\/wp\/v2\/pages"}],"about":[{"href":"https:\/\/www.civare-navigation.com\/index.php\/wp-json\/wp\/v2\/types\/page"}],"author":[{"embeddable":true,"href":"https:\/\/www.civare-navigation.com\/index.php\/wp-json\/wp\/v2\/users\/1"}],"replies":[{"embeddable":true,"href":"https:\/\/www.civare-navigation.com\/index.php\/wp-json\/wp\/v2\/comments?post=4610"}],"version-history":[{"count":17,"href":"https:\/\/www.civare-navigation.com\/index.php\/wp-json\/wp\/v2\/pages\/4610\/revisions"}],"predecessor-version":[{"id":6830,"href":"https:\/\/www.civare-navigation.com\/index.php\/wp-json\/wp\/v2\/pages\/4610\/revisions\/6830"}],"wp:attachment":[{"href":"https:\/\/www.civare-navigation.com\/index.php\/wp-json\/wp\/v2\/media?parent=4610"}],"curies":[{"name":"wp","href":"https:\/\/api.w.org\/{rel}","templated":true}]}}