{"id":4229,"date":"2025-06-21T17:15:17","date_gmt":"2025-06-21T15:15:17","guid":{"rendered":"https:\/\/www.civare-navigation.com\/?page_id=4229"},"modified":"2025-07-13T15:44:34","modified_gmt":"2025-07-13T13:44:34","slug":"journee-des-employes","status":"publish","type":"page","link":"https:\/\/www.civare-navigation.com\/index.php\/journee-des-employes\/","title":{"rendered":"Journ\u00e9e des Employ\u00e9s"},"content":{"rendered":"\n<div style=\"height:70px\" aria-hidden=\"true\" class=\"wp-block-spacer show-sm\"><\/div>\n\n\n\n<div style=\"height:120px\" aria-hidden=\"true\" class=\"wp-block-spacer hide-sm\"><\/div>\n\n\n\n<div class=\"wp-block-columns is-layout-flex wp-container-core-columns-is-layout-9d6595d7 wp-block-columns-is-layout-flex\">\n<div class=\"wp-block-column is-vertically-aligned-top center-on-mobile is-layout-flow wp-block-column-is-layout-flow\" style=\"flex-basis:40%\">\n<div class=\"wp-block-group center-on-mobile is-vertical is-layout-flex wp-container-core-group-is-layout-8cf370e7 wp-block-group-is-layout-flex\">\n<h2 class=\"wp-block-heading title-sm-2 center-on-mobile has-large-font-size\"><strong>JOURN\u00c9E DES EMPLOY\u00c9S<\/strong><\/h2>\n\n\n\n<p class=\"sep-center-sm has-medium-font-size\"><strong>\u2013 1er MAI 2025<\/strong><\/p>\n<\/div>\n\n\n\n<p class=\"center-on-mobile\">\u00ab Ensemble vers l\u2019excellence \u00bb<\/p>\n<\/div>\n\n\n\n<div class=\"wp-block-column hide-sm is-layout-flow wp-block-column-is-layout-flow\" style=\"flex-basis:2%\"><\/div>\n\n\n\n<div class=\"wp-block-column is-layout-flow wp-block-column-is-layout-flow\" style=\"flex-basis:58%\">\n<p class=\"center-on-mobile\"><strong>C\u2019est VOTRE journ\u00e9e !<\/strong><br>Le Club des Employ\u00e9s vous invite \u00e0 c\u00e9l\u00e9brer vos efforts, vos r\u00e9ussites et vos liens, le&nbsp;<strong>1er mai 2025<\/strong>.<br><strong>Membres ou non<\/strong>, venez vibrer ensemble autour d\u2019activit\u00e9s uniques, de surprises et de moments inoubliables !<\/p>\n\n\n\n<div class=\"wp-block-group block-sm center-on-mobile is-nowrap is-layout-flex wp-container-core-group-is-layout-ad2f72ca wp-block-group-is-layout-flex\">\n<div class=\"wp-block-group center-on-mobile is-nowrap is-layout-flex wp-container-core-group-is-layout-ad2f72ca wp-block-group-is-layout-flex\">\n<figure class=\"wp-block-image size-full is-resized\"><img loading=\"lazy\" decoding=\"async\" width=\"100\" height=\"100\" src=\"https:\/\/www.civare-navigation.com\/wp-content\/uploads\/2025\/06\/calendar-event-fill.png\" alt=\"\" class=\"wp-image-4545\" style=\"width:24px\"\/><\/figure>\n\n\n\n<p class=\"has-text-color has-link-color wp-elements-9c50ed19c17ceeddad9648c9e54600ae\" style=\"color:#bf612a\"><strong>Date : 1er mai 2025<\/strong><\/p>\n<\/div>\n\n\n\n<div style=\"height:100px;width:0px\" aria-hidden=\"true\" class=\"wp-block-spacer h16-sm wp-container-content-fd3097a4\"><\/div>\n\n\n\n<div class=\"wp-block-group center-on-mobile is-nowrap is-layout-flex wp-container-core-group-is-layout-ad2f72ca wp-block-group-is-layout-flex\">\n<figure class=\"wp-block-image size-full is-resized\"><img loading=\"lazy\" decoding=\"async\" width=\"100\" height=\"100\" src=\"https:\/\/www.civare-navigation.com\/wp-content\/uploads\/2025\/06\/GeoAltFill.png\" alt=\"\" class=\"wp-image-4537\" style=\"width:24px\"\/><\/figure>\n\n\n\n<p class=\"has-text-color has-link-color wp-elements-0e021625019151ab02dd5416cfe2aebe\" style=\"color:#2a6786\"><strong><strong>Lieu : [\u00c0 pr\u00e9ciser]<\/strong><\/strong><\/p>\n<\/div>\n<\/div>\n<\/div>\n<\/div>\n\n\n\n<div style=\"height:48px\" aria-hidden=\"true\" class=\"wp-block-spacer\"><\/div>\n\n\n\n<div class=\"wp-block-cover\"><img loading=\"lazy\" decoding=\"async\" width=\"2048\" height=\"2048\" class=\"wp-block-cover__image-background wp-image-4487\" alt=\"\" src=\"https:\/\/www.civare-navigation.com\/wp-content\/uploads\/2025\/06\/Gemini_Generated_Image_figcp6figcp6figc-1-1.png\" data-object-fit=\"cover\" srcset=\"https:\/\/www.civare-navigation.com\/wp-content\/uploads\/2025\/06\/Gemini_Generated_Image_figcp6figcp6figc-1-1.png 2048w, https:\/\/www.civare-navigation.com\/wp-content\/uploads\/2025\/06\/Gemini_Generated_Image_figcp6figcp6figc-1-1-300x300.png 300w, https:\/\/www.civare-navigation.com\/wp-content\/uploads\/2025\/06\/Gemini_Generated_Image_figcp6figcp6figc-1-1-1024x1024.png 1024w, https:\/\/www.civare-navigation.com\/wp-content\/uploads\/2025\/06\/Gemini_Generated_Image_figcp6figcp6figc-1-1-150x150.png 150w, https:\/\/www.civare-navigation.com\/wp-content\/uploads\/2025\/06\/Gemini_Generated_Image_figcp6figcp6figc-1-1-768x768.png 768w, https:\/\/www.civare-navigation.com\/wp-content\/uploads\/2025\/06\/Gemini_Generated_Image_figcp6figcp6figc-1-1-1536x1536.png 1536w, https:\/\/www.civare-navigation.com\/wp-content\/uploads\/2025\/06\/Gemini_Generated_Image_figcp6figcp6figc-1-1-600x600.png 600w\" sizes=\"auto, (max-width: 2048px) 100vw, 2048px\" \/><span aria-hidden=\"true\" class=\"wp-block-cover__background has-background-dim\"><\/span><div class=\"wp-block-cover__inner-container is-layout-flow wp-block-cover-is-layout-flow\">\n<div style=\"height:24px\" aria-hidden=\"true\" class=\"wp-block-spacer show-sm\"><\/div>\n\n\n\n<p class=\"has-text-align-center title-sm has-large-font-size\"><strong>Au programme<\/strong><\/p>\n\n\n\n<div style=\"height:24px\" aria-hidden=\"true\" class=\"wp-block-spacer show-sm\"><\/div>\n\n\n\n<div style=\"height:48px\" aria-hidden=\"true\" class=\"wp-block-spacer hide-sm\"><\/div>\n\n\n\n<div class=\"wp-block-group block-sm is-content-justification-center is-nowrap is-layout-flex wp-container-core-group-is-layout-94bc23d7 wp-block-group-is-layout-flex\">\n<div class=\"wp-block-group is-vertical is-content-justification-center is-layout-flex wp-container-core-group-is-layout-4b2eccd6 wp-block-group-is-layout-flex\">\n<figure class=\"wp-block-image size-full is-resized\"><img loading=\"lazy\" decoding=\"async\" width=\"147\" height=\"147\" src=\"https:\/\/www.civare-navigation.com\/wp-content\/uploads\/2025\/06\/Group-39.png\" alt=\"\" class=\"wp-image-4492\" style=\"width:60px\"\/><\/figure>\n\n\n\n<div style=\"height:0px\" aria-hidden=\"true\" class=\"wp-block-spacer wp-container-content-af3d81f1\"><\/div>\n\n\n\n<div class=\"wp-block-group is-vertical is-content-justification-center is-layout-flex wp-container-core-group-is-layout-4b2eccd6 wp-block-group-is-layout-flex\">\n<p class=\"has-text-align-center has-white-color has-text-color has-link-color wp-elements-b89f67f0e1dcf7c03a3af239a8d42873\">Troph\u00e9es des&nbsp;<\/p>\n\n\n\n<p class=\"has-text-align-center has-white-color has-text-color has-link-color wp-elements-0f72693098d4229c2a6c6cacd890133a\"><strong>Meilleurs Employ\u00e9s 2025<\/strong><\/p>\n<\/div>\n<\/div>\n\n\n\n<div style=\"height:100px;width:0px\" aria-hidden=\"true\" class=\"wp-block-spacer h32-sm wp-container-content-fd3097a4\"><\/div>\n\n\n\n<div class=\"wp-block-group is-vertical is-content-justification-center is-layout-flex wp-container-core-group-is-layout-4b2eccd6 wp-block-group-is-layout-flex\">\n<figure class=\"wp-block-image size-full is-resized\"><img loading=\"lazy\" decoding=\"async\" width=\"147\" height=\"147\" src=\"https:\/\/www.civare-navigation.com\/wp-content\/uploads\/2025\/06\/Group-40.png\" alt=\"\" class=\"wp-image-4493\" style=\"width:60px\"\/><\/figure>\n\n\n\n<div style=\"height:0px\" aria-hidden=\"true\" class=\"wp-block-spacer wp-container-content-af3d81f1\"><\/div>\n\n\n\n<div class=\"wp-block-group is-vertical is-content-justification-center is-layout-flex wp-container-core-group-is-layout-4b2eccd6 wp-block-group-is-layout-flex\">\n<p class=\"has-text-align-center has-white-color has-text-color has-link-color wp-elements-979e25aeb5b4e82b64b4c5bd2b6bdedd\">Team building dynamique <\/p>\n\n\n\n<p class=\"has-text-align-center has-white-color has-text-color has-link-color wp-elements-5bd31660b2d41e261e91f07cdf96e6bb\">&amp; d\u00e9fis ludiques<\/p>\n<\/div>\n<\/div>\n\n\n\n<div style=\"height:100px;width:0px\" aria-hidden=\"true\" class=\"wp-block-spacer h32-sm wp-container-content-fd3097a4\"><\/div>\n\n\n\n<div class=\"wp-block-group is-vertical is-content-justification-center is-layout-flex wp-container-core-group-is-layout-4b2eccd6 wp-block-group-is-layout-flex\">\n<figure class=\"wp-block-image size-full is-resized\"><img loading=\"lazy\" decoding=\"async\" width=\"147\" height=\"147\" src=\"https:\/\/www.civare-navigation.com\/wp-content\/uploads\/2025\/06\/Group-41.png\" alt=\"\" class=\"wp-image-4494\" style=\"width:60px\"\/><\/figure>\n\n\n\n<div style=\"height:0px\" aria-hidden=\"true\" class=\"wp-block-spacer wp-container-content-af3d81f1\"><\/div>\n\n\n\n<div class=\"wp-block-group is-vertical is-content-justification-center is-layout-flex wp-container-core-group-is-layout-4b2eccd6 wp-block-group-is-layout-flex\">\n<p class=\"has-text-align-center has-white-color has-text-color has-link-color wp-elements-703d4d0b9aad8728029c6ef8a3eb9376\">Ateliers bien-\u00eatre pour<\/p>\n\n\n\n<p class=\"has-text-align-center has-white-color has-text-color has-link-color wp-elements-c7aac70b332d634bc8c3093270890568\">se ressourcer<\/p>\n<\/div>\n<\/div>\n\n\n\n<div style=\"height:100px;width:0px\" aria-hidden=\"true\" class=\"wp-block-spacer h32-sm wp-container-content-fd3097a4\"><\/div>\n\n\n\n<div class=\"wp-block-group is-vertical is-content-justification-center is-layout-flex wp-container-core-group-is-layout-4b2eccd6 wp-block-group-is-layout-flex\">\n<figure class=\"wp-block-image size-full is-resized\"><img loading=\"lazy\" decoding=\"async\" width=\"147\" height=\"147\" src=\"https:\/\/www.civare-navigation.com\/wp-content\/uploads\/2025\/06\/Group-42.png\" alt=\"\" class=\"wp-image-4495\" style=\"width:60px;height:auto\"\/><\/figure>\n\n\n\n<div style=\"height:0px\" aria-hidden=\"true\" class=\"wp-block-spacer wp-container-content-af3d81f1\"><\/div>\n\n\n\n<div class=\"wp-block-group is-vertical is-content-justification-center is-layout-flex wp-container-core-group-is-layout-4b2eccd6 wp-block-group-is-layout-flex\">\n<p class=\"has-text-align-center has-white-color has-text-color has-link-color wp-elements-ec0723f04102207b2024ceb7b85e6326\">Buffet gourmand &amp; <\/p>\n\n\n\n<p class=\"has-text-align-center has-white-color has-text-color has-link-color wp-elements-836a942f2d098d8b86e16d26eb3b2d0e\">douceurs surprises<\/p>\n<\/div>\n<\/div>\n\n\n\n<div style=\"height:100px;width:0px\" aria-hidden=\"true\" class=\"wp-block-spacer h32-sm wp-container-content-fd3097a4\"><\/div>\n\n\n\n<div class=\"wp-block-group is-vertical is-content-justification-center is-layout-flex wp-container-core-group-is-layout-4b2eccd6 wp-block-group-is-layout-flex\">\n<figure class=\"wp-block-image size-full is-resized\"><img loading=\"lazy\" decoding=\"async\" width=\"147\" height=\"147\" src=\"https:\/\/www.civare-navigation.com\/wp-content\/uploads\/2025\/06\/Group-43.png\" alt=\"\" class=\"wp-image-4496\" style=\"width:60px\"\/><\/figure>\n\n\n\n<div style=\"height:0px\" aria-hidden=\"true\" class=\"wp-block-spacer wp-container-content-af3d81f1\"><\/div>\n\n\n\n<div class=\"wp-block-group is-vertical is-content-justification-center is-layout-flex wp-container-core-group-is-layout-4b2eccd6 wp-block-group-is-layout-flex\">\n<p class=\"has-text-align-center has-white-color has-text-color has-link-color wp-elements-280f561c1cb4d40dcbbe7c7c7fff1f25\"><strong>Tombola<\/strong>&nbsp;avec des <\/p>\n\n\n\n<p class=\"has-text-align-center has-white-color has-text-color has-link-color wp-elements-420e8dc3d16b07db94a57f6301e165b3\">lots exceptionnels !<\/p>\n<\/div>\n<\/div>\n<\/div>\n\n\n\n<div style=\"height:24px\" aria-hidden=\"true\" class=\"wp-block-spacer\"><\/div>\n<\/div><\/div>\n\n\n\n<div style=\"height:48px\" aria-hidden=\"true\" class=\"wp-block-spacer show-sm\"><\/div>\n\n\n\n<div style=\"height:80px\" aria-hidden=\"true\" class=\"wp-block-spacer hide-sm\"><\/div>\n\n\n\n<div class=\"wp-block-columns is-layout-flex wp-container-core-columns-is-layout-9d6595d7 wp-block-columns-is-layout-flex\">\n<div class=\"wp-block-column hide-sm is-layout-flow wp-block-column-is-layout-flow\" style=\"flex-basis:10%\"><\/div>\n\n\n\n<div class=\"wp-block-column is-layout-flow wp-block-column-is-layout-flow\" style=\"flex-basis:80%\">\n<div class=\"wp-block-group is-vertical is-content-justification-center is-layout-flex wp-container-core-group-is-layout-4b2eccd6 wp-block-group-is-layout-flex\">\n<h2 class=\"wp-block-heading has-text-align-center title-sm-2 has-large-font-size\"><strong>Pourquoi venir ?<\/strong><\/h2>\n\n\n\n<div style=\"height:0px\" aria-hidden=\"true\" class=\"wp-block-spacer wp-container-content-c42f3963\"><\/div>\n\n\n\n<div class=\"wp-block-group block-sm is-content-justification-center is-nowrap is-layout-flex wp-container-core-group-is-layout-94bc23d7 wp-block-group-is-layout-flex\">\n<blockquote class=\"wp-block-quote is-layout-flow wp-block-quote-is-layout-flow\" style=\"font-style:normal;font-weight:400\">\n<p>Parce que VOUS m\u00e9ritez d\u2019\u00eatre c\u00e9l\u00e9br\u00e9(e).<\/p>\n<\/blockquote>\n\n\n\n<div style=\"height:100px;width:0px\" aria-hidden=\"true\" class=\"wp-block-spacer h16-sm wp-container-content-fd3097a4\"><\/div>\n\n\n\n<blockquote class=\"wp-block-quote is-layout-flow wp-block-quote-is-layout-flow\" style=\"font-style:normal;font-weight:400\">\n<p>Parce que c\u2019est l\u2019occasion de partager, rire et se d\u00e9couvrir autrement.<\/p>\n<\/blockquote>\n\n\n\n<div style=\"height:100px;width:0px\" aria-hidden=\"true\" class=\"wp-block-spacer h16-sm wp-container-content-fd3097a4\"><\/div>\n\n\n\n<blockquote class=\"wp-block-quote is-layout-flow wp-block-quote-is-layout-flow\" style=\"font-style:normal;font-weight:400\">\n<p>Parce qu\u2019ensemble, on cr\u00e9e l\u2019avenir !<\/p>\n<\/blockquote>\n<\/div>\n<\/div>\n<\/div>\n\n\n\n<div class=\"wp-block-column hide-sm is-layout-flow wp-block-column-is-layout-flow\" style=\"flex-basis:10%\"><\/div>\n<\/div>\n\n\n\n<div style=\"height:48px\" aria-hidden=\"true\" class=\"wp-block-spacer show-sm\"><\/div>\n\n\n\n<div style=\"height:100px\" aria-hidden=\"true\" class=\"wp-block-spacer hide-sm\"><\/div>\n\n\n\n<div class=\"wp-block-group block-sm is-content-justification-center is-nowrap is-layout-flex wp-container-core-group-is-layout-94bc23d7 wp-block-group-is-layout-flex\">\n<p class=\"has-text-align-center\"><strong>Inscriptions : <\/strong><\/p>\n\n\n\n<div style=\"height:100px;width:0px\" aria-hidden=\"true\" class=\"wp-block-spacer h16-sm wp-container-content-af3d81f1\"><\/div>\n\n\n\n<div class=\"wp-block-buttons is-layout-flex wp-block-buttons-is-layout-flex\">\n<div class=\"wp-block-button\"><a class=\"wp-block-button__link has-white-color has-text-color has-link-color wp-element-button\" href=\"https:\/\/wa.me\/69885537?text=Bonjour,%20je%20souhaite%20r\u00e9server%20ma%20place%20pour%20la%20Journ\u00e9e%20des%20Employ\u00e9s.\" target=\"_blank\" rel=\"noopener\"><strong>Cliquez ici pour r\u00e9server votre place !<\/strong><\/a><\/div>\n<\/div>\n<\/div>\n\n\n\n<div style=\"height:48px\" aria-hidden=\"true\" class=\"wp-block-spacer\"><\/div>\n\n\n\n<p class=\"has-text-align-center\"><em>#Journ\u00e9eDesEmploy\u00e9s #Reconnaissance2025 #TeamBuilding #EnsembleVersLexcellence<\/em><\/p>\n","protected":false},"excerpt":{"rendered":"<p>JOURN\u00c9E DES EMPLOY\u00c9S \u2013 1er MAI 2025 \u00ab Ensemble vers l\u2019excellence \u00bb C\u2019est VOTRE journ\u00e9e !Le Club des Employ\u00e9s vous invite \u00e0 c\u00e9l\u00e9brer vos efforts, vos r\u00e9ussites et vos liens, le&nbsp;1er mai 2025.Membres ou non, venez vibrer ensemble autour d\u2019activit\u00e9s uniques, de surprises et de moments inoubliables ! Date : 1er mai 2025 Lieu : [&hellip;]<\/p>\n","protected":false},"author":1,"featured_media":0,"parent":0,"menu_order":0,"comment_status":"closed","ping_status":"closed","template":"","meta":{"ocean_post_layout":"","ocean_both_sidebars_style":"","ocean_both_sidebars_content_width":0,"ocean_both_sidebars_sidebars_width":0,"ocean_sidebar":"","ocean_second_sidebar":"","ocean_disable_margins":"enable","ocean_add_body_class":"","ocean_shortcode_before_top_bar":"","ocean_shortcode_after_top_bar":"","ocean_shortcode_before_header":"","ocean_shortcode_after_header":"","ocean_has_shortcode":"","ocean_shortcode_after_title":"","ocean_shortcode_before_footer_widgets":"","ocean_shortcode_after_footer_widgets":"","ocean_shortcode_before_footer_bottom":"","ocean_shortcode_after_footer_bottom":"","ocean_display_top_bar":"default","ocean_display_header":"default","ocean_header_style":"","ocean_center_header_left_menu":"","ocean_custom_header_template":"","ocean_custom_logo":0,"ocean_custom_retina_logo":0,"ocean_custom_logo_max_width":0,"ocean_custom_logo_tablet_max_width":0,"ocean_custom_logo_mobile_max_width":0,"ocean_custom_logo_max_height":0,"ocean_custom_logo_tablet_max_height":0,"ocean_custom_logo_mobile_max_height":0,"ocean_header_custom_menu":"","ocean_menu_typo_font_family":"","ocean_menu_typo_font_subset":"","ocean_menu_typo_font_size":0,"ocean_menu_typo_font_size_tablet":0,"ocean_menu_typo_font_size_mobile":0,"ocean_menu_typo_font_size_unit":"px","ocean_menu_typo_font_weight":"","ocean_menu_typo_font_weight_tablet":"","ocean_menu_typo_font_weight_mobile":"","ocean_menu_typo_transform":"","ocean_menu_typo_transform_tablet":"","ocean_menu_typo_transform_mobile":"","ocean_menu_typo_line_height":0,"ocean_menu_typo_line_height_tablet":0,"ocean_menu_typo_line_height_mobile":0,"ocean_menu_typo_line_height_unit":"","ocean_menu_typo_spacing":0,"ocean_menu_typo_spacing_tablet":0,"ocean_menu_typo_spacing_mobile":0,"ocean_menu_typo_spacing_unit":"","ocean_menu_link_color":"","ocean_menu_link_color_hover":"","ocean_menu_link_color_active":"","ocean_menu_link_background":"","ocean_menu_link_hover_background":"","ocean_menu_link_active_background":"","ocean_menu_social_links_bg":"","ocean_menu_social_hover_links_bg":"","ocean_menu_social_links_color":"","ocean_menu_social_hover_links_color":"","ocean_disable_title":"on","ocean_disable_heading":"default","ocean_post_title":"","ocean_post_subheading":"","ocean_post_title_style":"","ocean_post_title_background_color":"","ocean_post_title_background":0,"ocean_post_title_bg_image_position":"","ocean_post_title_bg_image_attachment":"","ocean_post_title_bg_image_repeat":"","ocean_post_title_bg_image_size":"","ocean_post_title_height":0,"ocean_post_title_bg_overlay":0.5,"ocean_post_title_bg_overlay_color":"","ocean_disable_breadcrumbs":"default","ocean_breadcrumbs_color":"","ocean_breadcrumbs_separator_color":"","ocean_breadcrumbs_links_color":"","ocean_breadcrumbs_links_hover_color":"","ocean_display_footer_widgets":"default","ocean_display_footer_bottom":"default","ocean_custom_footer_template":"","omw_enable_modal_window":"enable","footnotes":""},"class_list":["post-4229","page","type-page","status-publish","hentry","entry"],"_links":{"self":[{"href":"https:\/\/www.civare-navigation.com\/index.php\/wp-json\/wp\/v2\/pages\/4229","targetHints":{"allow":["GET"]}}],"collection":[{"href":"https:\/\/www.civare-navigation.com\/index.php\/wp-json\/wp\/v2\/pages"}],"about":[{"href":"https:\/\/www.civare-navigation.com\/index.php\/wp-json\/wp\/v2\/types\/page"}],"author":[{"embeddable":true,"href":"https:\/\/www.civare-navigation.com\/index.php\/wp-json\/wp\/v2\/users\/1"}],"replies":[{"embeddable":true,"href":"https:\/\/www.civare-navigation.com\/index.php\/wp-json\/wp\/v2\/comments?post=4229"}],"version-history":[{"count":63,"href":"https:\/\/www.civare-navigation.com\/index.php\/wp-json\/wp\/v2\/pages\/4229\/revisions"}],"predecessor-version":[{"id":6450,"href":"https:\/\/www.civare-navigation.com\/index.php\/wp-json\/wp\/v2\/pages\/4229\/revisions\/6450"}],"wp:attachment":[{"href":"https:\/\/www.civare-navigation.com\/index.php\/wp-json\/wp\/v2\/media?parent=4229"}],"curies":[{"name":"wp","href":"https:\/\/api.w.org\/{rel}","templated":true}]}}