{"id":3613,"date":"2025-05-26T15:47:06","date_gmt":"2025-05-26T13:47:06","guid":{"rendered":"https:\/\/www.civare-navigation.com\/?page_id=3613"},"modified":"2025-05-27T14:57:17","modified_gmt":"2025-05-27T12:57:17","slug":"formulaire-dadhesion-a-lordre-national-de-la-rse-onrse","status":"publish","type":"page","link":"https:\/\/www.civare-navigation.com\/index.php\/formulaire-dadhesion-a-lordre-national-de-la-rse-onrse\/","title":{"rendered":"Formulaire d\u2019Adh\u00e9sion \u00e0 l\u2019Ordre National de la RSE (ONRSE)"},"content":{"rendered":"\n<div class=\"wp-block-columns is-layout-flex wp-container-core-columns-is-layout-9d6595d7 wp-block-columns-is-layout-flex\">\n<div class=\"wp-block-column is-layout-flow wp-block-column-is-layout-flow\" style=\"flex-basis:15%\"><\/div>\n\n\n\n<div class=\"wp-block-column is-layout-flow wp-block-column-is-layout-flow\" style=\"flex-basis:70%\">\n<div style=\"height:100px\" aria-hidden=\"true\" class=\"wp-block-spacer\"><\/div>\n\n\n\n<h1 class=\"wp-block-heading has-text-align-center has-large-font-size\">Formulaire d\u2019Adh\u00e9sion \u00e0 l\u2019Ordre National de la RSE (ONRSE)<\/h1>\n\n\n\n<p class=\"has-text-align-center\"><em>Port\u00e9 par le CIVARE \u2013 Centre d\u2019Insertion \u00e0 la Vie Active et de R\u00e9\u00e9ducation Entrepreneuriale<\/em><\/p>\n\n\n\n<div style=\"height:24px\" aria-hidden=\"true\" class=\"wp-block-spacer\"><\/div>\n<\/div>\n\n\n\n<div class=\"wp-block-column is-layout-flow wp-block-column-is-layout-flow\" style=\"flex-basis:15%\"><\/div>\n<\/div>\n\n\n\n<div class=\"wp-block-columns is-layout-flex wp-container-core-columns-is-layout-9d6595d7 wp-block-columns-is-layout-flex\">\n<div class=\"wp-block-column is-layout-flow wp-block-column-is-layout-flow\" style=\"flex-basis:25%\"><\/div>\n\n\n\n<div class=\"wp-block-column is-layout-flow wp-block-column-is-layout-flow\" style=\"flex-basis:50%\">\n<div class=\"wp-block-contact-form-7-contact-form-selector\">\n<div class=\"wpcf7 no-js\" id=\"wpcf7-f3615-o1\" lang=\"fr-FR\" dir=\"ltr\" data-wpcf7-id=\"3615\">\n<div class=\"screen-reader-response\"><p role=\"status\" aria-live=\"polite\" aria-atomic=\"true\"><\/p> <ul><\/ul><\/div>\n<form action=\"\/index.php\/wp-json\/wp\/v2\/pages\/3613#wpcf7-f3615-o1\" method=\"post\" class=\"wpcf7-form init\" aria-label=\"Formulaire de contact\" novalidate=\"novalidate\" data-status=\"init\">\n<fieldset class=\"hidden-fields-container\"><input type=\"hidden\" name=\"_wpcf7\" value=\"3615\" \/><input type=\"hidden\" name=\"_wpcf7_version\" value=\"6.1.5\" \/><input type=\"hidden\" name=\"_wpcf7_locale\" value=\"fr_FR\" \/><input type=\"hidden\" name=\"_wpcf7_unit_tag\" value=\"wpcf7-f3615-o1\" \/><input type=\"hidden\" name=\"_wpcf7_container_post\" value=\"0\" \/><input type=\"hidden\" name=\"_wpcf7_posted_data_hash\" value=\"\" \/>\n<\/fieldset>\n<p><label> <strong> Informations sur l\u2019Entreprise <\/strong><br \/>\n(Tous les champs marqu\u00e9s d\u2019un * sont obligatoires) <\/label>\n<\/p>\n<p><span class=\"wpcf7-form-control-wrap\" data-name=\"company-name\"><input size=\"40\" maxlength=\"400\" class=\"wpcf7-form-control wpcf7-text wpcf7-validates-as-required\" aria-required=\"true\" aria-invalid=\"false\" placeholder=\"Nom de l\u2019entreprise\/organisation*\" value=\"\" type=\"text\" name=\"company-name\" \/><\/span>\n<\/p>\n<p><span class=\"wpcf7-form-control-wrap\" data-name=\"company-siren\"><input size=\"40\" maxlength=\"400\" class=\"wpcf7-form-control wpcf7-text wpcf7-validates-as-required\" aria-required=\"true\" aria-invalid=\"false\" placeholder=\"SIRET\/SIREN*\" value=\"\" type=\"text\" name=\"company-siren\" \/><\/span>\n<\/p>\n<p><span class=\"wpcf7-form-control-wrap\" data-name=\"secteur-activite\"><select class=\"wpcf7-form-control wpcf7-select wpcf7-validates-as-required\" aria-required=\"true\" aria-invalid=\"false\" name=\"secteur-activite\"><option value=\"\">Secteur d\u2019activit\u00e9 principal*<\/option><option value=\"Education\">Education<\/option><option value=\"Formation\">Formation<\/option><option value=\"Sant\u00e9\">Sant\u00e9<\/option><option value=\"Mode\">Mode<\/option><option value=\"Autre\">Autre<\/option><\/select><\/span>\n<\/p>\n<p><label><br \/>\nTaille de l\u2019entreprise* <\/label><br \/>\n<span class=\"wpcf7-form-control-wrap\" data-name=\"statut-actuel\"><span class=\"wpcf7-form-control wpcf7-radio\"><span class=\"wpcf7-list-item first\"><label><input type=\"radio\" name=\"statut-actuel\" value=\"TPE\" \/><span class=\"wpcf7-list-item-label\">TPE<\/span><\/label><\/span><span class=\"wpcf7-list-item\"><label><input type=\"radio\" name=\"statut-actuel\" value=\"PME\" \/><span class=\"wpcf7-list-item-label\">PME<\/span><\/label><\/span><span class=\"wpcf7-list-item\"><label><input type=\"radio\" name=\"statut-actuel\" value=\"ETI\" \/><span class=\"wpcf7-list-item-label\">ETI<\/span><\/label><\/span><span class=\"wpcf7-list-item\"><label><input type=\"radio\" name=\"statut-actuel\" value=\"Grande entreprise\" \/><span class=\"wpcf7-list-item-label\">Grande entreprise<\/span><\/label><\/span><span class=\"wpcf7-list-item last\"><label><input type=\"radio\" name=\"statut-actuel\" value=\"Association\/ONG\" \/><span class=\"wpcf7-list-item-label\">Association\/ONG<\/span><\/label><\/span><\/span><\/span>\n<\/p>\n<p><span class=\"wpcf7-form-control-wrap\" data-name=\"company-adresse\"><input size=\"40\" maxlength=\"400\" class=\"wpcf7-form-control wpcf7-text wpcf7-validates-as-required\" aria-required=\"true\" aria-invalid=\"false\" placeholder=\"Adresse du si\u00e8ge social*\" value=\"\" type=\"text\" name=\"company-adresse\" \/><\/span>\n<\/p>\n<p><strong> <span class=\"wpcf7-form-control-wrap\" data-name=\"site-web\"><input size=\"40\" maxlength=\"400\" class=\"wpcf7-form-control wpcf7-text\" aria-invalid=\"false\" placeholder=\"Site web\" value=\"\" type=\"text\" name=\"site-web\" \/><\/span> <\/strong>\n<\/p>\n<p><label> <strong> Contact principal* <\/strong><br \/>\n<\/label><br \/>\n<span class=\"wpcf7-form-control-wrap\" data-name=\"contact-name\"><input size=\"40\" maxlength=\"400\" class=\"wpcf7-form-control wpcf7-text wpcf7-validates-as-required\" aria-required=\"true\" aria-invalid=\"false\" placeholder=\"Nom*\" value=\"\" type=\"text\" name=\"contact-name\" \/><\/span>\n<\/p>\n<p><span class=\"wpcf7-form-control-wrap\" data-name=\"contact-fonction\"><input size=\"40\" maxlength=\"400\" class=\"wpcf7-form-control wpcf7-text wpcf7-validates-as-required\" aria-required=\"true\" aria-invalid=\"false\" placeholder=\"Fonction*\" value=\"\" type=\"text\" name=\"contact-fonction\" \/><\/span>\n<\/p>\n<p><span class=\"wpcf7-form-control-wrap\" data-name=\"your-email\"><input size=\"40\" maxlength=\"400\" class=\"wpcf7-form-control wpcf7-email wpcf7-validates-as-required wpcf7-text wpcf7-validates-as-email\" autocomplete=\"email\" aria-required=\"true\" aria-invalid=\"false\" placeholder=\"E-mail*\" value=\"\" type=\"email\" name=\"your-email\" \/><\/span>\n<\/p>\n<p><span class=\"wpcf7-form-control-wrap\" data-name=\"contact-tel\"><input size=\"40\" maxlength=\"400\" class=\"wpcf7-form-control wpcf7-tel wpcf7-validates-as-required wpcf7-text wpcf7-validates-as-tel\" aria-required=\"true\" aria-invalid=\"false\" placeholder=\"T\u00e9l\u00e9phone*\" value=\"\" type=\"tel\" name=\"contact-tel\" \/><\/span>\n<\/p>\n<p><label> <strong> Engagement RSE Actuel<br \/>\nD\u00e9crivez vos actions RSE existantes (ex. initiatives environnementales, sociales, \u00e9thiques) : <\/strong><br \/>\n<\/label><br \/>\n<span class=\"wpcf7-form-control-wrap\" data-name=\"textarea-783\"><textarea cols=\"40\" rows=\"10\" maxlength=\"2000\" class=\"wpcf7-form-control wpcf7-textarea\" aria-invalid=\"false\" name=\"textarea-783\"><\/textarea><\/span><br \/>\n<label><br \/>\nCertifications\/labels RSE d\u00e9j\u00e0 obtenus (facultatif) : <\/label><br \/>\n<span class=\"wpcf7-form-control-wrap\" data-name=\"certif-obten\"><span class=\"wpcf7-form-control wpcf7-checkbox\"><span class=\"wpcf7-list-item first\"><label><input type=\"checkbox\" name=\"certif-obten[]\" value=\"ISO 26000\" \/><span class=\"wpcf7-list-item-label\">ISO 26000<\/span><\/label><\/span><span class=\"wpcf7-list-item\"><label><input type=\"checkbox\" name=\"certif-obten[]\" value=\"B Corp\" \/><span class=\"wpcf7-list-item-label\">B Corp<\/span><\/label><\/span><span class=\"wpcf7-list-item\"><label><input type=\"checkbox\" name=\"certif-obten[]\" value=\"Lucie 26000\" \/><span class=\"wpcf7-list-item-label\">Lucie 26000<\/span><\/label><\/span><span class=\"wpcf7-list-item last\"><label><input type=\"checkbox\" name=\"certif-obten[]\" value=\"Autre\" \/><span class=\"wpcf7-list-item-label\">Autre<\/span><\/label><\/span><\/span><\/span>\n<\/p>\n<p><span class=\"wpcf7-form-control-wrap\" data-name=\"other-certif\"><input size=\"40\" maxlength=\"400\" class=\"wpcf7-form-control wpcf7-text\" aria-invalid=\"false\" placeholder=\"Pr\u00e9ciser s&#039;il s&#039;agit d&#039;une autre certification\/label\" value=\"\" type=\"text\" name=\"other-certif\" \/><\/span>\n<\/p>\n<p><label><br \/>\nObjectifs prioritaires pour les 3 prochaines ann\u00e9es (cochez jusqu\u2019\u00e0 3) :* <\/label><br \/>\n<span class=\"wpcf7-form-control-wrap\" data-name=\"obj-priorit\"><span class=\"wpcf7-form-control wpcf7-checkbox wpcf7-validates-as-required\"><span class=\"wpcf7-list-item first\"><label><input type=\"checkbox\" name=\"obj-priorit[]\" value=\"R\u00e9duction de l\u2019empreinte carbone\" \/><span class=\"wpcf7-list-item-label\">R\u00e9duction de l\u2019empreinte carbone<\/span><\/label><\/span><span class=\"wpcf7-list-item\"><label><input type=\"checkbox\" name=\"obj-priorit[]\" value=\"\u00c9quit\u00e9 salariale et inclusion\" \/><span class=\"wpcf7-list-item-label\">\u00c9quit\u00e9 salariale et inclusion<\/span><\/label><\/span><span class=\"wpcf7-list-item\"><label><input type=\"checkbox\" name=\"obj-priorit[]\" value=\"\u00c9conomie circulaire\" \/><span class=\"wpcf7-list-item-label\">\u00c9conomie circulaire<\/span><\/label><\/span><span class=\"wpcf7-list-item\"><label><input type=\"checkbox\" name=\"obj-priorit[]\" value=\"Formation et d\u00e9veloppement des comp\u00e9tences\" \/><span class=\"wpcf7-list-item-label\">Formation et d\u00e9veloppement des comp\u00e9tences<\/span><\/label><\/span><span class=\"wpcf7-list-item\"><label><input type=\"checkbox\" name=\"obj-priorit[]\" value=\"Partenariats solidaires\" \/><span class=\"wpcf7-list-item-label\">Partenariats solidaires<\/span><\/label><\/span><span class=\"wpcf7-list-item last\"><label><input type=\"checkbox\" name=\"obj-priorit[]\" value=\"Autre\" \/><span class=\"wpcf7-list-item-label\">Autre<\/span><\/label><\/span><\/span><\/span>\n<\/p>\n<p><span class=\"wpcf7-form-control-wrap\" data-name=\"other-obj\"><input size=\"40\" maxlength=\"400\" class=\"wpcf7-form-control wpcf7-text\" aria-invalid=\"false\" placeholder=\"Pr\u00e9ciser s&#039;il s&#039;agit d&#039;un autre objectif prioritaire\" value=\"\" type=\"text\" name=\"other-obj\" \/><\/span>\n<\/p>\n<p><label> <strong> Adh\u00e9sion \u00e0 l\u2019ONRSE <\/strong><br \/>\n<\/label><br \/>\n<label><br \/>\nType d\u2019adh\u00e9sion :* <\/label><br \/>\n<span class=\"wpcf7-form-control-wrap\" data-name=\"type-adhesion\"><span class=\"wpcf7-form-control wpcf7-radio\"><span class=\"wpcf7-list-item first\"><label><input type=\"radio\" name=\"type-adhesion\" value=\"Membre actif (acc\u00e8s complet aux outils, certifications et \u00e9v\u00e9nements)\" \/><span class=\"wpcf7-list-item-label\">Membre actif (acc\u00e8s complet aux outils, certifications et \u00e9v\u00e9nements)<\/span><\/label><\/span><span class=\"wpcf7-list-item\"><label><input type=\"radio\" name=\"type-adhesion\" value=\"Partenaire strat\u00e9gique (collaborations cibl\u00e9es sur des projets RSE)\" \/><span class=\"wpcf7-list-item-label\">Partenaire strat\u00e9gique (collaborations cibl\u00e9es sur des projets RSE)<\/span><\/label><\/span><span class=\"wpcf7-list-item last\"><label><input type=\"radio\" name=\"type-adhesion\" value=\"Observateur (acc\u00e8s aux ressources sans engagement op\u00e9rationnel)\" \/><span class=\"wpcf7-list-item-label\">Observateur (acc\u00e8s aux ressources sans engagement op\u00e9rationnel)<\/span><\/label><\/span><\/span><\/span>\n<\/p>\n<p><label><br \/>\nAttentes vis-\u00e0-vis de l\u2019ONRSE (cochez toutes les r\u00e9ponses applicables) :* <\/label><br \/>\n<span class=\"wpcf7-form-control-wrap\" data-name=\"attentes\"><span class=\"wpcf7-form-control wpcf7-checkbox wpcf7-validates-as-required\"><span class=\"wpcf7-list-item first\"><label><input type=\"checkbox\" name=\"attentes[]\" value=\"B\u00e9n\u00e9ficier d\u2019un cadre RSE structur\u00e9\" \/><span class=\"wpcf7-list-item-label\">B\u00e9n\u00e9ficier d\u2019un cadre RSE structur\u00e9<\/span><\/label><\/span><span class=\"wpcf7-list-item\"><label><input type=\"checkbox\" name=\"attentes[]\" value=\"Obtenir une certification reconnue\" \/><span class=\"wpcf7-list-item-label\">Obtenir une certification reconnue<\/span><\/label><\/span><span class=\"wpcf7-list-item\"><label><input type=\"checkbox\" name=\"attentes[]\" value=\"Collaborer avec d\u2019autres entreprises engag\u00e9es\" \/><span class=\"wpcf7-list-item-label\">Collaborer avec d\u2019autres entreprises engag\u00e9es<\/span><\/label><\/span><span class=\"wpcf7-list-item\"><label><input type=\"checkbox\" name=\"attentes[]\" value=\"Acc\u00e9der \u00e0 des formations RSE\" \/><span class=\"wpcf7-list-item-label\">Acc\u00e9der \u00e0 des formations RSE<\/span><\/label><\/span><span class=\"wpcf7-list-item\"><label><input type=\"checkbox\" name=\"attentes[]\" value=\"Valoriser nos actions aupr\u00e8s des parties prenantes\" \/><span class=\"wpcf7-list-item-label\">Valoriser nos actions aupr\u00e8s des parties prenantes<\/span><\/label><\/span><span class=\"wpcf7-list-item last\"><label><input type=\"checkbox\" name=\"attentes[]\" value=\"Autre\" \/><span class=\"wpcf7-list-item-label\">Autre<\/span><\/label><\/span><\/span><\/span>\n<\/p>\n<p><span class=\"wpcf7-form-control-wrap\" data-name=\"other-attent\"><input size=\"40\" maxlength=\"400\" class=\"wpcf7-form-control wpcf7-text\" aria-invalid=\"false\" placeholder=\"Pr\u00e9ciser s&#039;il s&#039;agit d&#039;une autre attente\" value=\"\" type=\"text\" name=\"other-attent\" \/><\/span>\n<\/p>\n<p><label><br \/>\nSouhaitez-vous participer \u00e0 des groupes de travail th\u00e9matiques ? <\/label><br \/>\n<span class=\"wpcf7-form-control-wrap\" data-name=\"grp-travail\"><span class=\"wpcf7-form-control wpcf7-radio\"><span class=\"wpcf7-list-item first\"><label><input type=\"radio\" name=\"grp-travail\" value=\"Oui\" \/><span class=\"wpcf7-list-item-label\">Oui<\/span><\/label><\/span><span class=\"wpcf7-list-item last\"><label><input type=\"radio\" name=\"grp-travail\" value=\"Non\" \/><span class=\"wpcf7-list-item-label\">Non<\/span><\/label><\/span><\/span><\/span>\n<\/p>\n<p><span class=\"wpcf7-form-control-wrap\" data-name=\"other-grp-trav\"><input size=\"40\" maxlength=\"400\" class=\"wpcf7-form-control wpcf7-text\" aria-invalid=\"false\" placeholder=\"Pr\u00e9ciser...\" value=\"\" type=\"text\" name=\"other-grp-trav\" \/><\/span>\n<\/p>\n<p><label> <strong> Consentements et Engagements <\/strong><br \/>\n<\/label><br \/>\n<label><br \/>\nComment avez-vous connu l\u2019ONRSE ? :* <\/label><br \/>\n<span class=\"wpcf7-form-control-wrap\" data-name=\"conn-onrse\"><span class=\"wpcf7-form-control wpcf7-radio\"><span class=\"wpcf7-list-item first\"><label><input type=\"radio\" name=\"conn-onrse\" value=\"Site web du CIVARE\" \/><span class=\"wpcf7-list-item-label\">Site web du CIVARE<\/span><\/label><\/span><span class=\"wpcf7-list-item\"><label><input type=\"radio\" name=\"conn-onrse\" value=\"R\u00e9seaux sociaux\" \/><span class=\"wpcf7-list-item-label\">R\u00e9seaux sociaux<\/span><\/label><\/span><span class=\"wpcf7-list-item\"><label><input type=\"radio\" name=\"conn-onrse\" value=\"Recommandation d\u2019un partenaire\" \/><span class=\"wpcf7-list-item-label\">Recommandation d\u2019un partenaire<\/span><\/label><\/span><span class=\"wpcf7-list-item\"><label><input type=\"radio\" name=\"conn-onrse\" value=\"Salon\/\u00e9v\u00e9nement professionnel\" \/><span class=\"wpcf7-list-item-label\">Salon\/\u00e9v\u00e9nement professionnel<\/span><\/label><\/span><span class=\"wpcf7-list-item last\"><label><input type=\"radio\" name=\"conn-onrse\" value=\"Autre\" \/><span class=\"wpcf7-list-item-label\">Autre<\/span><\/label><\/span><\/span><\/span>\n<\/p>\n<p><span class=\"wpcf7-form-control-wrap\" data-name=\"other-con-onrse\"><input size=\"40\" maxlength=\"400\" class=\"wpcf7-form-control wpcf7-text\" aria-invalid=\"false\" placeholder=\"Pr\u00e9ciser s&#039;il s&#039;agit d&#039;un autre canal\" value=\"\" type=\"text\" name=\"other-con-onrse\" \/><\/span>\n<\/p>\n<p><label><br \/>\nL\u2019entreprise s\u2019engage \u00e0 :* <\/label><br \/>\n<span class=\"wpcf7-form-control-wrap\" data-name=\"engagmt1\"><span class=\"wpcf7-form-control wpcf7-checkbox wpcf7-validates-as-required\"><span class=\"wpcf7-list-item first last\"><label><input type=\"checkbox\" name=\"engagmt1[]\" value=\"Respecter les valeurs et charte \u00e9thique de l\u2019ONRSE.\" \/><span class=\"wpcf7-list-item-label\">Respecter les valeurs et charte \u00e9thique de l\u2019ONRSE.<\/span><\/label><\/span><\/span><\/span><br \/>\n<span class=\"wpcf7-form-control-wrap\" data-name=\"engagmt2\"><span class=\"wpcf7-form-control wpcf7-checkbox wpcf7-validates-as-required\"><span class=\"wpcf7-list-item first last\"><label><input type=\"checkbox\" name=\"engagmt2[]\" value=\"Participer \u00e0 au moins une action collective annuelle (ex. atelier, projet pilote).\" \/><span class=\"wpcf7-list-item-label\">Participer \u00e0 au moins une action collective annuelle (ex. atelier, projet pilote).<\/span><\/label><\/span><\/span><\/span><br \/>\n<span class=\"wpcf7-form-control-wrap\" data-name=\"engagmt3\"><span class=\"wpcf7-form-control wpcf7-checkbox wpcf7-validates-as-required\"><span class=\"wpcf7-list-item first last\"><label><input type=\"checkbox\" name=\"engagmt3[]\" value=\"Communiquer de mani\u00e8re transparente sur ses progr\u00e8s RSE.\" \/><span class=\"wpcf7-list-item-label\">Communiquer de mani\u00e8re transparente sur ses progr\u00e8s RSE.<\/span><\/label><\/span><\/span><\/span>\n<\/p>\n<p><label><br \/>\nConsentement aux donn\u00e9es :* <\/label><br \/>\n<span class=\"wpcf7-form-control-wrap\" data-name=\"consentmt1\"><span class=\"wpcf7-form-control wpcf7-checkbox wpcf7-validates-as-required\"><span class=\"wpcf7-list-item first last\"><label><input type=\"checkbox\" name=\"consentmt1[]\" value=\"J\u2019autorise le CIVARE \u00e0 utiliser les informations de l\u2019entreprise pour faciliter son int\u00e9gration \u00e0 l\u2019ONRSE, conform\u00e9ment \u00e0 la politique de confidentialit\u00e9.\" \/><span class=\"wpcf7-list-item-label\">J\u2019autorise le CIVARE \u00e0 utiliser les informations de l\u2019entreprise pour faciliter son int\u00e9gration \u00e0 l\u2019ONRSE, conform\u00e9ment \u00e0 la politique de confidentialit\u00e9.<\/span><\/label><\/span><\/span><\/span><br \/>\n<span class=\"wpcf7-form-control-wrap\" data-name=\"consentmt2\"><span class=\"wpcf7-form-control wpcf7-checkbox wpcf7-validates-as-required\"><span class=\"wpcf7-list-item first last\"><label><input type=\"checkbox\" name=\"consentmt2[]\" value=\"J\u2019accepte que les bonnes pratiques de mon entreprise soient partag\u00e9es anonymement \u00e0 des fins d\u2019inspiration collective.\" \/><span class=\"wpcf7-list-item-label\">J\u2019accepte que les bonnes pratiques de mon entreprise soient partag\u00e9es anonymement \u00e0 des fins d\u2019inspiration collective.<\/span><\/label><\/span><\/span><\/span>\n<\/p>\n<p><label> <strong> Validation et Soumission<br \/>\nJe certifie que les informations fournies sont exactes et engage mon entreprise \u00e0 respecter les principes de l\u2019ONRSE. <\/strong><br \/>\n<\/label>\n<\/p>\n<p><span class=\"wpcf7-form-control-wrap\" data-name=\"repr-legal\"><input size=\"40\" maxlength=\"400\" class=\"wpcf7-form-control wpcf7-text\" aria-invalid=\"false\" placeholder=\"Nom et signature du repr\u00e9sentant l\u00e9gal :*\" value=\"\" type=\"text\" name=\"repr-legal\" \/><\/span>\n<\/p>\n<p><span class=\"wpcf7-form-control-wrap\" data-name=\"adhesion-date\"><input class=\"wpcf7-form-control wpcf7-date wpcf7-validates-as-required wpcf7-validates-as-date\" aria-required=\"true\" aria-invalid=\"false\" value=\"\" type=\"date\" name=\"adhesion-date\" \/><\/span>\n<\/p>\n<p><input class=\"wpcf7-form-control wpcf7-submit has-spinner\" type=\"submit\" value=\"Soumettre mon adh\u00e9sion \u00e0 l&#039;ONRSE\" \/>\n<\/p><div class=\"wpcf7-response-output\" aria-hidden=\"true\"><\/div>\n<\/form>\n<\/div>\n<\/div>\n\n\n\n<p class=\"has-text-align-center\">Consulter notre<strong> <a href=\"https:\/\/www.civare-navigation.com\/index.php\/politique-de-confidentialite-de-lordre-national-de-la-rse-onrse\/\">politique de confidentialit\u00e9<\/a><\/strong>.<\/p>\n<\/div>\n\n\n\n<div class=\"wp-block-column is-layout-flow wp-block-column-is-layout-flow\" style=\"flex-basis:25%\"><\/div>\n<\/div>\n","protected":false},"excerpt":{"rendered":"<p>Formulaire d\u2019Adh\u00e9sion \u00e0 l\u2019Ordre National de la RSE (ONRSE) Port\u00e9 par le CIVARE \u2013 Centre d\u2019Insertion \u00e0 la Vie Active et de R\u00e9\u00e9ducation Entrepreneuriale Consulter notre politique de confidentialit\u00e9.<\/p>\n","protected":false},"author":1,"featured_media":0,"parent":0,"menu_order":0,"comment_status":"closed","ping_status":"closed","template":"","meta":{"ocean_post_layout":"","ocean_both_sidebars_style":"","ocean_both_sidebars_content_width":0,"ocean_both_sidebars_sidebars_width":0,"ocean_sidebar":"","ocean_second_sidebar":"","ocean_disable_margins":"enable","ocean_add_body_class":"","ocean_shortcode_before_top_bar":"","ocean_shortcode_after_top_bar":"","ocean_shortcode_before_header":"","ocean_shortcode_after_header":"","ocean_has_shortcode":"","ocean_shortcode_after_title":"","ocean_shortcode_before_footer_widgets":"","ocean_shortcode_after_footer_widgets":"","ocean_shortcode_before_footer_bottom":"","ocean_shortcode_after_footer_bottom":"","ocean_display_top_bar":"default","ocean_display_header":"default","ocean_header_style":"","ocean_center_header_left_menu":"","ocean_custom_header_template":"","ocean_custom_logo":0,"ocean_custom_retina_logo":0,"ocean_custom_logo_max_width":0,"ocean_custom_logo_tablet_max_width":0,"ocean_custom_logo_mobile_max_width":0,"ocean_custom_logo_max_height":0,"ocean_custom_logo_tablet_max_height":0,"ocean_custom_logo_mobile_max_height":0,"ocean_header_custom_menu":"","ocean_menu_typo_font_family":"","ocean_menu_typo_font_subset":"","ocean_menu_typo_font_size":0,"ocean_menu_typo_font_size_tablet":0,"ocean_menu_typo_font_size_mobile":0,"ocean_menu_typo_font_size_unit":"px","ocean_menu_typo_font_weight":"","ocean_menu_typo_font_weight_tablet":"","ocean_menu_typo_font_weight_mobile":"","ocean_menu_typo_transform":"","ocean_menu_typo_transform_tablet":"","ocean_menu_typo_transform_mobile":"","ocean_menu_typo_line_height":0,"ocean_menu_typo_line_height_tablet":0,"ocean_menu_typo_line_height_mobile":0,"ocean_menu_typo_line_height_unit":"","ocean_menu_typo_spacing":0,"ocean_menu_typo_spacing_tablet":0,"ocean_menu_typo_spacing_mobile":0,"ocean_menu_typo_spacing_unit":"","ocean_menu_link_color":"","ocean_menu_link_color_hover":"","ocean_menu_link_color_active":"","ocean_menu_link_background":"","ocean_menu_link_hover_background":"","ocean_menu_link_active_background":"","ocean_menu_social_links_bg":"","ocean_menu_social_hover_links_bg":"","ocean_menu_social_links_color":"","ocean_menu_social_hover_links_color":"","ocean_disable_title":"on","ocean_disable_heading":"default","ocean_post_title":"","ocean_post_subheading":"","ocean_post_title_style":"","ocean_post_title_background_color":"","ocean_post_title_background":0,"ocean_post_title_bg_image_position":"","ocean_post_title_bg_image_attachment":"","ocean_post_title_bg_image_repeat":"","ocean_post_title_bg_image_size":"","ocean_post_title_height":0,"ocean_post_title_bg_overlay":0.5,"ocean_post_title_bg_overlay_color":"","ocean_disable_breadcrumbs":"default","ocean_breadcrumbs_color":"","ocean_breadcrumbs_separator_color":"","ocean_breadcrumbs_links_color":"","ocean_breadcrumbs_links_hover_color":"","ocean_display_footer_widgets":"default","ocean_display_footer_bottom":"default","ocean_custom_footer_template":"","omw_enable_modal_window":"enable","footnotes":""},"class_list":["post-3613","page","type-page","status-publish","hentry","entry"],"_links":{"self":[{"href":"https:\/\/www.civare-navigation.com\/index.php\/wp-json\/wp\/v2\/pages\/3613","targetHints":{"allow":["GET"]}}],"collection":[{"href":"https:\/\/www.civare-navigation.com\/index.php\/wp-json\/wp\/v2\/pages"}],"about":[{"href":"https:\/\/www.civare-navigation.com\/index.php\/wp-json\/wp\/v2\/types\/page"}],"author":[{"embeddable":true,"href":"https:\/\/www.civare-navigation.com\/index.php\/wp-json\/wp\/v2\/users\/1"}],"replies":[{"embeddable":true,"href":"https:\/\/www.civare-navigation.com\/index.php\/wp-json\/wp\/v2\/comments?post=3613"}],"version-history":[{"count":8,"href":"https:\/\/www.civare-navigation.com\/index.php\/wp-json\/wp\/v2\/pages\/3613\/revisions"}],"predecessor-version":[{"id":3630,"href":"https:\/\/www.civare-navigation.com\/index.php\/wp-json\/wp\/v2\/pages\/3613\/revisions\/3630"}],"wp:attachment":[{"href":"https:\/\/www.civare-navigation.com\/index.php\/wp-json\/wp\/v2\/media?parent=3613"}],"curies":[{"name":"wp","href":"https:\/\/api.w.org\/{rel}","templated":true}]}}