{"id":3592,"date":"2025-05-23T18:07:00","date_gmt":"2025-05-23T16:07:00","guid":{"rendered":"https:\/\/www.civare-navigation.com\/?page_id=3592"},"modified":"2025-05-26T15:11:59","modified_gmt":"2025-05-26T13:11:59","slug":"formulaire-dinscription-au-reseau-professionnel-de-reference-rpr","status":"publish","type":"page","link":"https:\/\/www.civare-navigation.com\/index.php\/formulaire-dinscription-au-reseau-professionnel-de-reference-rpr\/","title":{"rendered":"Formulaire d\u2019Inscription au R\u00e9seau Professionnel de R\u00e9f\u00e9rence (RPR)"},"content":{"rendered":"\n<div class=\"wp-block-columns is-layout-flex wp-container-core-columns-is-layout-9d6595d7 wp-block-columns-is-layout-flex\">\n<div class=\"wp-block-column is-layout-flow wp-block-column-is-layout-flow\" style=\"flex-basis:15%\"><\/div>\n\n\n\n<div class=\"wp-block-column is-layout-flow wp-block-column-is-layout-flow\" style=\"flex-basis:70%\">\n<div style=\"height:100px\" aria-hidden=\"true\" class=\"wp-block-spacer\"><\/div>\n\n\n\n<h1 class=\"wp-block-heading has-text-align-center has-large-font-size\">Formulaire d\u2019Inscription au R\u00e9seau Professionnel de R\u00e9f\u00e9rence (RPR)<\/h1>\n\n\n\n<div style=\"height:24px\" aria-hidden=\"true\" class=\"wp-block-spacer\"><\/div>\n<\/div>\n\n\n\n<div class=\"wp-block-column is-layout-flow wp-block-column-is-layout-flow\" style=\"flex-basis:15%\"><\/div>\n<\/div>\n\n\n\n<div class=\"wp-block-columns is-layout-flex wp-container-core-columns-is-layout-9d6595d7 wp-block-columns-is-layout-flex\">\n<div class=\"wp-block-column is-layout-flow wp-block-column-is-layout-flow\" style=\"flex-basis:25%\"><\/div>\n\n\n\n<div class=\"wp-block-column is-layout-flow wp-block-column-is-layout-flow\" style=\"flex-basis:50%\">\n<div class=\"wp-block-contact-form-7-contact-form-selector\">\n<div class=\"wpcf7 no-js\" id=\"wpcf7-f3589-o1\" lang=\"fr-FR\" dir=\"ltr\" data-wpcf7-id=\"3589\">\n<div class=\"screen-reader-response\"><p role=\"status\" aria-live=\"polite\" aria-atomic=\"true\"><\/p> <ul><\/ul><\/div>\n<form action=\"\/index.php\/wp-json\/wp\/v2\/pages\/3592#wpcf7-f3589-o1\" method=\"post\" class=\"wpcf7-form init\" aria-label=\"Formulaire de contact\" novalidate=\"novalidate\" data-status=\"init\">\n<fieldset class=\"hidden-fields-container\"><input type=\"hidden\" name=\"_wpcf7\" value=\"3589\" \/><input type=\"hidden\" name=\"_wpcf7_version\" value=\"6.1.5\" \/><input type=\"hidden\" name=\"_wpcf7_locale\" value=\"fr_FR\" \/><input type=\"hidden\" name=\"_wpcf7_unit_tag\" value=\"wpcf7-f3589-o1\" \/><input type=\"hidden\" name=\"_wpcf7_container_post\" value=\"0\" \/><input type=\"hidden\" name=\"_wpcf7_posted_data_hash\" value=\"\" \/>\n<\/fieldset>\n<p><label> <strong> Informations Personnelles <\/strong><br \/>\n(Tous les champs marqu\u00e9s d\u2019un * sont obligatoires) <\/label>\n<\/p>\n<p><span class=\"wpcf7-form-control-wrap\" data-name=\"your-name\"><input size=\"40\" maxlength=\"400\" class=\"wpcf7-form-control wpcf7-text wpcf7-validates-as-required\" autocomplete=\"name\" aria-required=\"true\" aria-invalid=\"false\" placeholder=\"Votre nom*\" value=\"\" type=\"text\" name=\"your-name\" \/><\/span>\n<\/p>\n<p><span class=\"wpcf7-form-control-wrap\" data-name=\"your-surname\"><input size=\"40\" maxlength=\"400\" class=\"wpcf7-form-control wpcf7-text wpcf7-validates-as-required\" autocomplete=\"name\" aria-required=\"true\" aria-invalid=\"false\" placeholder=\"Votre pr\u00e9nom*\" value=\"\" type=\"text\" name=\"your-surname\" \/><\/span>\n<\/p>\n<p><label> Votre date de naissance* <\/label><br \/>\n<span class=\"wpcf7-form-control-wrap\" data-name=\"your-birth-date\"><input class=\"wpcf7-form-control wpcf7-date wpcf7-validates-as-required wpcf7-validates-as-date\" aria-required=\"true\" aria-invalid=\"false\" value=\"\" type=\"date\" name=\"your-birth-date\" \/><\/span>\n<\/p>\n<p><span class=\"wpcf7-form-control-wrap\" data-name=\"tel-76\"><input size=\"40\" maxlength=\"400\" class=\"wpcf7-form-control wpcf7-tel wpcf7-validates-as-required wpcf7-text wpcf7-validates-as-tel\" aria-required=\"true\" aria-invalid=\"false\" placeholder=\"Votre num\u00e9ro whatsapp*\" value=\"\" type=\"tel\" name=\"tel-76\" \/><\/span>\n<\/p>\n<p><span class=\"wpcf7-form-control-wrap\" data-name=\"your-email\"><input size=\"40\" maxlength=\"400\" class=\"wpcf7-form-control wpcf7-email wpcf7-validates-as-required wpcf7-text wpcf7-validates-as-email\" autocomplete=\"email\" aria-required=\"true\" aria-invalid=\"false\" placeholder=\"Votre email*\" value=\"\" type=\"email\" name=\"your-email\" \/><\/span>\n<\/p>\n<p><label><br \/>\n<strong> Informations Professionnelles <\/strong><br \/>\nVotre statut actuel* <\/label><br \/>\n<span class=\"wpcf7-form-control-wrap\" data-name=\"statut-actuel\"><span class=\"wpcf7-form-control wpcf7-checkbox wpcf7-validates-as-required\"><span class=\"wpcf7-list-item first\"><label><input type=\"checkbox\" name=\"statut-actuel[]\" value=\"En recherche d\u2019emploi\" \/><span class=\"wpcf7-list-item-label\">En recherche d\u2019emploi<\/span><\/label><\/span><span class=\"wpcf7-list-item\"><label><input type=\"checkbox\" name=\"statut-actuel[]\" value=\"Salari\u00e9(e)\" \/><span class=\"wpcf7-list-item-label\">Salari\u00e9(e)<\/span><\/label><\/span><span class=\"wpcf7-list-item\"><label><input type=\"checkbox\" name=\"statut-actuel[]\" value=\"Entrepreneur(e)\/Ind\u00e9pendant(e)\" \/><span class=\"wpcf7-list-item-label\">Entrepreneur(e)\/Ind\u00e9pendant(e)<\/span><\/label><\/span><span class=\"wpcf7-list-item\"><label><input type=\"checkbox\" name=\"statut-actuel[]\" value=\"\u00c9tudiant(e)\/En formation\" \/><span class=\"wpcf7-list-item-label\">\u00c9tudiant(e)\/En formation<\/span><\/label><\/span><span class=\"wpcf7-list-item last\"><label><input type=\"checkbox\" name=\"statut-actuel[]\" value=\"Autre\" \/><span class=\"wpcf7-list-item-label\">Autre<\/span><\/label><\/span><\/span><\/span>\n<\/p>\n<p><span class=\"wpcf7-form-control-wrap\" data-name=\"other-statut\"><input size=\"40\" maxlength=\"400\" class=\"wpcf7-form-control wpcf7-text\" aria-invalid=\"false\" placeholder=\"Pr\u00e9ciser s&#039;il s&#039;agit du statut autre\" value=\"\" type=\"text\" name=\"other-statut\" \/><\/span>\n<\/p>\n<p><span class=\"wpcf7-form-control-wrap\" data-name=\"domaine-activite-profession\"><select class=\"wpcf7-form-control wpcf7-select wpcf7-validates-as-required\" aria-required=\"true\" aria-invalid=\"false\" name=\"domaine-activite-profession\"><option value=\"\">Votre domaine d&#039;activit\u00e9 professionnelle*<\/option><option value=\"Education\">Education<\/option><option value=\"Formation\">Formation<\/option><option value=\"Sant\u00e9\">Sant\u00e9<\/option><option value=\"Mode\">Mode<\/option><option value=\"Autre\">Autre<\/option><\/select><\/span>\n<\/p>\n<p><label><br \/>\n<strong> Ann\u00e9es d\u2019exp\u00e9rience professionnelle : <\/strong> <\/label><br \/>\n<span class=\"wpcf7-form-control-wrap\" data-name=\"annees-experience-pro\"><span class=\"wpcf7-form-control wpcf7-radio\"><span class=\"wpcf7-list-item first\"><label><input type=\"radio\" name=\"annees-experience-pro\" value=\"0-2 ans\" \/><span class=\"wpcf7-list-item-label\">0-2 ans<\/span><\/label><\/span><span class=\"wpcf7-list-item\"><label><input type=\"radio\" name=\"annees-experience-pro\" value=\"3-5 ans\" \/><span class=\"wpcf7-list-item-label\">3-5 ans<\/span><\/label><\/span><span class=\"wpcf7-list-item\"><label><input type=\"radio\" name=\"annees-experience-pro\" value=\"6-10 ans\" \/><span class=\"wpcf7-list-item-label\">6-10 ans<\/span><\/label><\/span><span class=\"wpcf7-list-item last\"><label><input type=\"radio\" name=\"annees-experience-pro\" value=\"+10 ans\" \/><span class=\"wpcf7-list-item-label\">+10 ans<\/span><\/label><\/span><\/span><\/span>\n<\/p>\n<p><strong> <span class=\"wpcf7-form-control-wrap\" data-name=\"profil-professionnel\"><input size=\"40\" maxlength=\"400\" class=\"wpcf7-form-control wpcf7-text\" aria-invalid=\"false\" placeholder=\"Votre LinkedIn ou un lien vers un profil professionnel\" value=\"\" type=\"text\" name=\"profil-professionnel\" \/><\/span> <\/strong>\n<\/p>\n<p><label><br \/>\n<strong> Motivations et Attentes <\/strong><br \/>\nPourquoi souhaitez-vous rejoindre le RPR ? (Cochez toutes les r\u00e9ponses applicables)*<br \/>\n<\/label><br \/>\n<span class=\"wpcf7-form-control-wrap\" data-name=\"pourquoi-rejoindre-rpr\"><span class=\"wpcf7-form-control wpcf7-checkbox wpcf7-validates-as-required\"><span class=\"wpcf7-list-item first\"><label><input type=\"checkbox\" name=\"pourquoi-rejoindre-rpr[]\" value=\"\u00c9largir mon r\u00e9seau professionnel\" \/><span class=\"wpcf7-list-item-label\">\u00c9largir mon r\u00e9seau professionnel<\/span><\/label><\/span><span class=\"wpcf7-list-item\"><label><input type=\"checkbox\" name=\"pourquoi-rejoindre-rpr[]\" value=\"B\u00e9n\u00e9ficier de mentorat\" \/><span class=\"wpcf7-list-item-label\">B\u00e9n\u00e9ficier de mentorat<\/span><\/label><\/span><span class=\"wpcf7-list-item\"><label><input type=\"checkbox\" name=\"pourquoi-rejoindre-rpr[]\" value=\"Participer \u00e0 des \u00e9v\u00e9nements collaboratifs\" \/><span class=\"wpcf7-list-item-label\">Participer \u00e0 des \u00e9v\u00e9nements collaboratifs<\/span><\/label><\/span><span class=\"wpcf7-list-item\"><label><input type=\"checkbox\" name=\"pourquoi-rejoindre-rpr[]\" value=\"Acc\u00e9der \u00e0 des opportunit\u00e9s de carri\u00e8re\" \/><span class=\"wpcf7-list-item-label\">Acc\u00e9der \u00e0 des opportunit\u00e9s de carri\u00e8re<\/span><\/label><\/span><span class=\"wpcf7-list-item\"><label><input type=\"checkbox\" name=\"pourquoi-rejoindre-rpr[]\" value=\"Partager mes connaissances\/expertises\" \/><span class=\"wpcf7-list-item-label\">Partager mes connaissances\/expertises<\/span><\/label><\/span><span class=\"wpcf7-list-item last\"><label><input type=\"checkbox\" name=\"pourquoi-rejoindre-rpr[]\" value=\"Autre\" \/><span class=\"wpcf7-list-item-label\">Autre<\/span><\/label><\/span><\/span><\/span>\n<\/p>\n<p><span class=\"wpcf7-form-control-wrap\" data-name=\"other-join-rpr\"><input size=\"40\" maxlength=\"400\" class=\"wpcf7-form-control wpcf7-text\" aria-invalid=\"false\" placeholder=\"Pr\u00e9ciser s&#039;il s&#039;agit d&#039;une autre motivation\" value=\"\" type=\"text\" name=\"other-join-rpr\" \/><\/span>\n<\/p>\n<p><label><br \/>\nQuels sont vos domaines d\u2019int\u00e9r\u00eat prioritaires ?*<br \/>\n<\/label><br \/>\n<span class=\"wpcf7-form-control-wrap\" data-name=\"domaines-interets-prio\"><span class=\"wpcf7-form-control wpcf7-checkbox wpcf7-validates-as-required\"><span class=\"wpcf7-list-item first\"><label><input type=\"checkbox\" name=\"domaines-interets-prio[]\" value=\"D\u00e9veloppement durable\" \/><span class=\"wpcf7-list-item-label\">D\u00e9veloppement durable<\/span><\/label><\/span><span class=\"wpcf7-list-item\"><label><input type=\"checkbox\" name=\"domaines-interets-prio[]\" value=\"Entrepreneuriat\" \/><span class=\"wpcf7-list-item-label\">Entrepreneuriat<\/span><\/label><\/span><span class=\"wpcf7-list-item\"><label><input type=\"checkbox\" name=\"domaines-interets-prio[]\" value=\"Innovation technologique\" \/><span class=\"wpcf7-list-item-label\">Innovation technologique<\/span><\/label><\/span><span class=\"wpcf7-list-item\"><label><input type=\"checkbox\" name=\"domaines-interets-prio[]\" value=\"Inclusion sociale\" \/><span class=\"wpcf7-list-item-label\">Inclusion sociale<\/span><\/label><\/span><span class=\"wpcf7-list-item\"><label><input type=\"checkbox\" name=\"domaines-interets-prio[]\" value=\"Formation continue\" \/><span class=\"wpcf7-list-item-label\">Formation continue<\/span><\/label><\/span><span class=\"wpcf7-list-item last\"><label><input type=\"checkbox\" name=\"domaines-interets-prio[]\" value=\"Autre\" \/><span class=\"wpcf7-list-item-label\">Autre<\/span><\/label><\/span><\/span><\/span>\n<\/p>\n<p><span class=\"wpcf7-form-control-wrap\" data-name=\"other-interet\"><input size=\"40\" maxlength=\"400\" class=\"wpcf7-form-control wpcf7-text\" aria-invalid=\"false\" placeholder=\"Pr\u00e9ciser s&#039;il s&#039;agit d&#039;un autre domaine d&#039;int\u00e9r\u00eat\" value=\"\" type=\"text\" name=\"other-interet\" \/><\/span>\n<\/p>\n<p><label><br \/>\nDisponibilit\u00e9s pour les \u00e9v\u00e9nements RPR :<br \/>\n<\/label><br \/>\n<span class=\"wpcf7-form-control-wrap\" data-name=\"dispo-event-rpr\"><span class=\"wpcf7-form-control wpcf7-checkbox\"><span class=\"wpcf7-list-item first\"><label><input type=\"checkbox\" name=\"dispo-event-rpr[]\" value=\"En ligne\" \/><span class=\"wpcf7-list-item-label\">En ligne<\/span><\/label><\/span><span class=\"wpcf7-list-item\"><label><input type=\"checkbox\" name=\"dispo-event-rpr[]\" value=\"En pr\u00e9sentiel\" \/><span class=\"wpcf7-list-item-label\">En pr\u00e9sentiel<\/span><\/label><\/span><span class=\"wpcf7-list-item last\"><label><input type=\"checkbox\" name=\"dispo-event-rpr[]\" value=\"Les deux\" \/><span class=\"wpcf7-list-item-label\">Les deux<\/span><\/label><\/span><\/span><\/span>\n<\/p>\n<p><span class=\"wpcf7-form-control-wrap\" data-name=\"event-locat\"><input size=\"40\" maxlength=\"400\" class=\"wpcf7-form-control wpcf7-text\" aria-invalid=\"false\" placeholder=\"Pr\u00e9ciser la r\u00e9gion pour les \u00e9v\u00e8nements en pr\u00e9sentiel\" value=\"\" type=\"text\" name=\"event-locat\" \/><\/span>\n<\/p>\n<p><label><br \/>\n<strong> Engagement et Consentement <\/strong><br \/>\nComment avez-vous connu le RPR ?*<br \/>\n<\/label><br \/>\n<span class=\"wpcf7-form-control-wrap\" data-name=\"connais-rpr\"><span class=\"wpcf7-form-control wpcf7-checkbox wpcf7-validates-as-required\"><span class=\"wpcf7-list-item first\"><label><input type=\"checkbox\" name=\"connais-rpr[]\" value=\"Site web du CIVARE\" \/><span class=\"wpcf7-list-item-label\">Site web du CIVARE<\/span><\/label><\/span><span class=\"wpcf7-list-item\"><label><input type=\"checkbox\" name=\"connais-rpr[]\" value=\"R\u00e9seaux sociaux\" \/><span class=\"wpcf7-list-item-label\">R\u00e9seaux sociaux<\/span><\/label><\/span><span class=\"wpcf7-list-item\"><label><input type=\"checkbox\" name=\"connais-rpr[]\" value=\"Recommandation d\u2019un membre\" \/><span class=\"wpcf7-list-item-label\">Recommandation d\u2019un membre<\/span><\/label><\/span><span class=\"wpcf7-list-item\"><label><input type=\"checkbox\" name=\"connais-rpr[]\" value=\"Partenaire du CIVARE\" \/><span class=\"wpcf7-list-item-label\">Partenaire du CIVARE<\/span><\/label><\/span><span class=\"wpcf7-list-item last\"><label><input type=\"checkbox\" name=\"connais-rpr[]\" value=\"Autre\" \/><span class=\"wpcf7-list-item-label\">Autre<\/span><\/label><\/span><\/span><\/span>\n<\/p>\n<p><span class=\"wpcf7-form-control-wrap\" data-name=\"other\"><input size=\"40\" maxlength=\"400\" class=\"wpcf7-form-control wpcf7-text\" aria-invalid=\"false\" placeholder=\"Pr\u00e9ciser si vous avez connu le RPR d&#039;une autre mani\u00e8re\" value=\"\" type=\"text\" name=\"other\" \/><\/span>\n<\/p>\n<p><span class=\"wpcf7-form-control-wrap\" data-name=\"engag-rpr\"><span class=\"wpcf7-form-control wpcf7-checkbox wpcf7-validates-as-required\"><span class=\"wpcf7-list-item first last\"><label><input type=\"checkbox\" name=\"engag-rpr[]\" value=\"Je m\u2019engage \u00e0 respecter les valeurs du RPR (collaboration, \u00e9thique, inclusion) et \u00e0 participer activement aux activit\u00e9s propos\u00e9es (au moins 1 \u00e9v\u00e9nement trimestriel).\" \/><span class=\"wpcf7-list-item-label\">Je m\u2019engage \u00e0 respecter les valeurs du RPR (collaboration, \u00e9thique, inclusion) et \u00e0 participer activement aux activit\u00e9s propos\u00e9es (au moins 1 \u00e9v\u00e9nement trimestriel).<\/span><\/label><\/span><\/span><\/span>\n<\/p>\n<p><span class=\"wpcf7-form-control-wrap\" data-name=\"consent-rpr\"><span class=\"wpcf7-form-control wpcf7-checkbox wpcf7-validates-as-required\"><span class=\"wpcf7-list-item first last\"><label><input type=\"checkbox\" name=\"consent-rpr[]\" value=\"J\u2019autorise le CIVARE \u00e0 utiliser mes donn\u00e9es dans le cadre du RPR, conform\u00e9ment \u00e0 la politique de confidentialit\u00e9.\" \/><span class=\"wpcf7-list-item-label\">J\u2019autorise le CIVARE \u00e0 utiliser mes donn\u00e9es dans le cadre du RPR, conform\u00e9ment \u00e0 la politique de confidentialit\u00e9.<\/span><\/label><\/span><\/span><\/span>\n<\/p>\n<p><span class=\"wpcf7-form-control-wrap\" data-name=\"valid-soum\"><span class=\"wpcf7-form-control wpcf7-checkbox wpcf7-validates-as-required\"><span class=\"wpcf7-list-item first last\"><label><input type=\"checkbox\" name=\"valid-soum[]\" value=\"Je certifie que les informations fournies sont exactes et compl\u00e8tes.\" \/><span class=\"wpcf7-list-item-label\">Je certifie que les informations fournies sont exactes et compl\u00e8tes.<\/span><\/label><\/span><\/span><\/span>\n<\/p>\n<p><input class=\"wpcf7-form-control wpcf7-submit has-spinner\" type=\"submit\" value=\"Soumettre\" \/>\n<\/p><div class=\"wpcf7-response-output\" aria-hidden=\"true\"><\/div>\n<\/form>\n<\/div>\n<\/div>\n\n\n\n<p class=\"has-text-align-center\">Consulter notre<strong> <a href=\"https:\/\/www.civare-navigation.com\/index.php\/politique-de-confidentialite-du-reseau-professionnel-de-reference-rpr\/\">politique de confidentialit\u00e9<\/a><\/strong>.<\/p>\n<\/div>\n\n\n\n<div class=\"wp-block-column is-layout-flow wp-block-column-is-layout-flow\" style=\"flex-basis:25%\"><\/div>\n<\/div>\n","protected":false},"excerpt":{"rendered":"<p>Formulaire d\u2019Inscription au R\u00e9seau Professionnel de R\u00e9f\u00e9rence (RPR) Consulter notre politique de confidentialit\u00e9.<\/p>\n","protected":false},"author":1,"featured_media":0,"parent":0,"menu_order":0,"comment_status":"closed","ping_status":"closed","template":"","meta":{"ocean_post_layout":"","ocean_both_sidebars_style":"","ocean_both_sidebars_content_width":0,"ocean_both_sidebars_sidebars_width":0,"ocean_sidebar":"","ocean_second_sidebar":"","ocean_disable_margins":"enable","ocean_add_body_class":"","ocean_shortcode_before_top_bar":"","ocean_shortcode_after_top_bar":"","ocean_shortcode_before_header":"","ocean_shortcode_after_header":"","ocean_has_shortcode":"","ocean_shortcode_after_title":"","ocean_shortcode_before_footer_widgets":"","ocean_shortcode_after_footer_widgets":"","ocean_shortcode_before_footer_bottom":"","ocean_shortcode_after_footer_bottom":"","ocean_display_top_bar":"default","ocean_display_header":"default","ocean_header_style":"","ocean_center_header_left_menu":"","ocean_custom_header_template":"","ocean_custom_logo":0,"ocean_custom_retina_logo":0,"ocean_custom_logo_max_width":0,"ocean_custom_logo_tablet_max_width":0,"ocean_custom_logo_mobile_max_width":0,"ocean_custom_logo_max_height":0,"ocean_custom_logo_tablet_max_height":0,"ocean_custom_logo_mobile_max_height":0,"ocean_header_custom_menu":"","ocean_menu_typo_font_family":"","ocean_menu_typo_font_subset":"","ocean_menu_typo_font_size":0,"ocean_menu_typo_font_size_tablet":0,"ocean_menu_typo_font_size_mobile":0,"ocean_menu_typo_font_size_unit":"px","ocean_menu_typo_font_weight":"","ocean_menu_typo_font_weight_tablet":"","ocean_menu_typo_font_weight_mobile":"","ocean_menu_typo_transform":"","ocean_menu_typo_transform_tablet":"","ocean_menu_typo_transform_mobile":"","ocean_menu_typo_line_height":0,"ocean_menu_typo_line_height_tablet":0,"ocean_menu_typo_line_height_mobile":0,"ocean_menu_typo_line_height_unit":"","ocean_menu_typo_spacing":0,"ocean_menu_typo_spacing_tablet":0,"ocean_menu_typo_spacing_mobile":0,"ocean_menu_typo_spacing_unit":"","ocean_menu_link_color":"","ocean_menu_link_color_hover":"","ocean_menu_link_color_active":"","ocean_menu_link_background":"","ocean_menu_link_hover_background":"","ocean_menu_link_active_background":"","ocean_menu_social_links_bg":"","ocean_menu_social_hover_links_bg":"","ocean_menu_social_links_color":"","ocean_menu_social_hover_links_color":"","ocean_disable_title":"on","ocean_disable_heading":"default","ocean_post_title":"","ocean_post_subheading":"","ocean_post_title_style":"","ocean_post_title_background_color":"","ocean_post_title_background":0,"ocean_post_title_bg_image_position":"","ocean_post_title_bg_image_attachment":"","ocean_post_title_bg_image_repeat":"","ocean_post_title_bg_image_size":"","ocean_post_title_height":0,"ocean_post_title_bg_overlay":0.5,"ocean_post_title_bg_overlay_color":"","ocean_disable_breadcrumbs":"default","ocean_breadcrumbs_color":"","ocean_breadcrumbs_separator_color":"","ocean_breadcrumbs_links_color":"","ocean_breadcrumbs_links_hover_color":"","ocean_display_footer_widgets":"default","ocean_display_footer_bottom":"default","ocean_custom_footer_template":"","omw_enable_modal_window":"enable","footnotes":""},"class_list":["post-3592","page","type-page","status-publish","hentry","entry"],"_links":{"self":[{"href":"https:\/\/www.civare-navigation.com\/index.php\/wp-json\/wp\/v2\/pages\/3592","targetHints":{"allow":["GET"]}}],"collection":[{"href":"https:\/\/www.civare-navigation.com\/index.php\/wp-json\/wp\/v2\/pages"}],"about":[{"href":"https:\/\/www.civare-navigation.com\/index.php\/wp-json\/wp\/v2\/types\/page"}],"author":[{"embeddable":true,"href":"https:\/\/www.civare-navigation.com\/index.php\/wp-json\/wp\/v2\/users\/1"}],"replies":[{"embeddable":true,"href":"https:\/\/www.civare-navigation.com\/index.php\/wp-json\/wp\/v2\/comments?post=3592"}],"version-history":[{"count":8,"href":"https:\/\/www.civare-navigation.com\/index.php\/wp-json\/wp\/v2\/pages\/3592\/revisions"}],"predecessor-version":[{"id":3612,"href":"https:\/\/www.civare-navigation.com\/index.php\/wp-json\/wp\/v2\/pages\/3592\/revisions\/3612"}],"wp:attachment":[{"href":"https:\/\/www.civare-navigation.com\/index.php\/wp-json\/wp\/v2\/media?parent=3592"}],"curies":[{"name":"wp","href":"https:\/\/api.w.org\/{rel}","templated":true}]}}