{"id":2236,"date":"2025-05-07T15:12:21","date_gmt":"2025-05-07T13:12:21","guid":{"rendered":"https:\/\/www.civare-navigation.com\/?page_id=2236"},"modified":"2025-08-13T14:44:31","modified_gmt":"2025-08-13T12:44:31","slug":"consultation-et-accompagnement-pour-les-particuliers","status":"publish","type":"page","link":"https:\/\/www.civare-navigation.com\/index.php\/consultation-et-accompagnement-pour-les-particuliers\/","title":{"rendered":"Consultation et Accompagnement pour les particuliers"},"content":{"rendered":"\n<div class=\"wp-block-group alignfull\"><div class=\"wp-block-group__inner-container is-layout-constrained wp-block-group-is-layout-constrained\">\n<div style=\"height:60px\" aria-hidden=\"true\" class=\"wp-block-spacer\"><\/div>\n\n\n\n<div class=\"wp-block-columns are-vertically-aligned-top is-layout-flex wp-container-core-columns-is-layout-9d6595d7 wp-block-columns-is-layout-flex\">\n<div class=\"wp-block-column is-vertically-aligned-top hide-sm is-layout-flow wp-block-column-is-layout-flow\" style=\"flex-basis:3%\"><\/div>\n\n\n\n<div class=\"wp-block-column is-vertically-aligned-top is-layout-flow wp-block-column-is-layout-flow\" style=\"flex-basis:94%\">\n<div class=\"wp-block-columns is-layout-flex wp-container-core-columns-is-layout-9d6595d7 wp-block-columns-is-layout-flex\">\n<div class=\"wp-block-column is-layout-flow wp-block-column-is-layout-flow\" style=\"flex-basis:100%\">\n<div class=\"wp-block-cover m-col\"><img loading=\"lazy\" decoding=\"async\" width=\"1024\" height=\"1024\" class=\"wp-block-cover__image-background wp-image-2135\" alt=\"\" src=\"https:\/\/www.civare-navigation.com\/wp-content\/uploads\/2025\/05\/Gemini_Generated_Image_dz3658dz3658dz36-1024x1024.jpg\" data-object-fit=\"cover\" srcset=\"https:\/\/www.civare-navigation.com\/wp-content\/uploads\/2025\/05\/Gemini_Generated_Image_dz3658dz3658dz36-1024x1024.jpg 1024w, https:\/\/www.civare-navigation.com\/wp-content\/uploads\/2025\/05\/Gemini_Generated_Image_dz3658dz3658dz36-300x300.jpg 300w, https:\/\/www.civare-navigation.com\/wp-content\/uploads\/2025\/05\/Gemini_Generated_Image_dz3658dz3658dz36-150x150.jpg 150w, https:\/\/www.civare-navigation.com\/wp-content\/uploads\/2025\/05\/Gemini_Generated_Image_dz3658dz3658dz36-768x768.jpg 768w, https:\/\/www.civare-navigation.com\/wp-content\/uploads\/2025\/05\/Gemini_Generated_Image_dz3658dz3658dz36-1536x1536.jpg 1536w, https:\/\/www.civare-navigation.com\/wp-content\/uploads\/2025\/05\/Gemini_Generated_Image_dz3658dz3658dz36-600x600.jpg 600w, https:\/\/www.civare-navigation.com\/wp-content\/uploads\/2025\/05\/Gemini_Generated_Image_dz3658dz3658dz36.jpg 2048w\" sizes=\"auto, (max-width: 1024px) 100vw, 1024px\" \/><span aria-hidden=\"true\" class=\"wp-block-cover__background has-background-dim\"><\/span><div class=\"wp-block-cover__inner-container is-layout-flow wp-block-cover-is-layout-flow\">\n<h1 class=\"wp-block-heading has-text-align-center title-sm has-white-color has-text-color has-link-color has-x-large-font-size wp-elements-0d34f8250439d2141e1d3bb12b704875\">Nos services de Consultation et d&rsquo;Accompagnement<\/h1>\n\n\n\n<div class=\"wp-block-group is-vertical is-content-justification-center is-layout-flex wp-container-core-group-is-layout-4b2eccd6 wp-block-group-is-layout-flex\">\n<p class=\"has-text-align-center has-white-color has-text-color has-link-color wp-elements-df5a35e6eec9c9559097e42b810e450c\">Transformez Votre Avenir Professionnel avec CIVARE<\/p>\n\n\n\n<p class=\"has-text-align-center has-white-color has-text-color has-link-color wp-elements-ce8db2390bb4da70fb54645999c9ab46\">Des solutions sur mesure pour les particuliers et les entreprises, con\u00e7ues pour lib\u00e9rer votre potentiel.<\/p>\n<\/div>\n<\/div><\/div>\n<\/div>\n<\/div>\n\n\n\n<div style=\"height:48px\" aria-hidden=\"true\" class=\"wp-block-spacer\"><\/div>\n\n\n\n<div class=\"wp-block-group m-col is-content-justification-center is-nowrap is-layout-flex wp-container-core-group-is-layout-079bfc22 wp-block-group-is-layout-flex\">\n<div class=\"wp-block-group is-vertical is-content-justification-center is-layout-flex wp-container-core-group-is-layout-4b2eccd6 wp-block-group-is-layout-flex\">\n<h2 class=\"wp-block-heading has-text-align-center has-text-color has-link-color wp-elements-06b12653fac4d62559a13ec6d45301e4\" style=\"color:#bf612a;text-transform:uppercase\">Pour les particuliers<\/h2>\n\n\n\n<hr class=\"wp-block-separator has-text-color has-alpha-channel-opacity has-background is-style-default\" style=\"background-color:#bf612a;color:#bf612a\"\/>\n<\/div>\n\n\n\n<div style=\"height:100px;width:0px\" aria-hidden=\"true\" class=\"wp-block-spacer wp-container-content-fd3097a4\"><\/div>\n\n\n\n<h2 class=\"wp-block-heading has-text-align-center has-text-color has-link-color wp-elements-63bbc9f04a4b4dcbc7a1acbb7d1e8fdd\" style=\"color:#d5d9dd;text-transform:uppercase\"><a href=\"https:\/\/www.civare-navigation.com\/index.php\/consultation-et-accompagnement-pour-les-entreprises\/\">Pour les entreprises<\/a><\/h2>\n<\/div>\n\n\n\n<div style=\"height:16px\" aria-hidden=\"true\" class=\"wp-block-spacer\"><\/div>\n\n\n\n<div class=\"wp-block-columns is-layout-flex wp-container-core-columns-is-layout-9d6595d7 wp-block-columns-is-layout-flex\">\n<div class=\"wp-block-column m-col is-layout-flow wp-block-column-is-layout-flow\" style=\"flex-basis:32%\">\n<div class=\"wp-block-group is-layout-grid wp-container-core-group-is-layout-8d2db683 wp-block-group-is-layout-grid\">\n<div class=\"wp-block-group wp-container-content-64aeeb98 is-vertical is-layout-flex wp-container-core-group-is-layout-8cf370e7 wp-block-group-is-layout-flex\">\n<figure class=\"wp-block-image size-full is-resized\"><img loading=\"lazy\" decoding=\"async\" width=\"158\" height=\"151\" src=\"https:\/\/www.civare-navigation.com\/wp-content\/uploads\/2025\/06\/i-orientation-scolaire-pro-1.png\" alt=\"\" class=\"wp-image-4285\" style=\"aspect-ratio:1;object-fit:cover;width:80px\"\/><\/figure>\n\n\n\n<div class=\"wp-block-group is-vertical is-layout-flex wp-container-core-group-is-layout-8cf370e7 wp-block-group-is-layout-flex\">\n<h2 class=\"wp-block-heading\"><strong>1. Orientation Scolaire et Professionnelle<\/strong><\/h2>\n\n\n\n<p>Trouvez la voie qui vous correspond&nbsp;: Tests de personnalit\u00e9, d\u2019int\u00e9r\u00eats et de comp\u00e9tences pour choisir un cursus scolaire ou une carri\u00e8re en ad\u00e9quation avec vos forces.<br>Id\u00e9al pour&nbsp;: \u00c9tudiants ind\u00e9cis, adultes en qu\u00eate de sens.<\/p>\n<\/div>\n\n\n\n<div style=\"height:0px\" aria-hidden=\"true\" class=\"wp-block-spacer wp-container-content-737907dd\"><\/div>\n<\/div>\n\n\n\n<div class=\"wp-block-group show-sm is-vertical is-layout-flex wp-container-core-group-is-layout-8cf370e7 wp-block-group-is-layout-flex\">\n<figure class=\"wp-block-image size-full is-resized show-sm\"><img loading=\"lazy\" decoding=\"async\" width=\"158\" height=\"151\" src=\"https:\/\/www.civare-navigation.com\/wp-content\/uploads\/2025\/06\/i-bilan-competences-1.png\" alt=\"\" class=\"wp-image-4286\" style=\"aspect-ratio:1;object-fit:contain;width:80px\"\/><\/figure>\n\n\n\n<div class=\"wp-block-group show-sm is-vertical is-layout-flex wp-container-core-group-is-layout-8cf370e7 wp-block-group-is-layout-flex\">\n<h2 class=\"wp-block-heading show-sm\"><strong>2. Bilan de Comp\u00e9tences<\/strong><\/h2>\n\n\n\n<p class=\"show-sm\">R\u00e9inventez-vous&nbsp;: \u00c9valuez vos aptitudes, motivations et valeurs pour identifier des pistes de reconversion ou d\u2019\u00e9volution.<br>Id\u00e9al pour&nbsp;: Professionnels en qu\u00eate de changement.<\/p>\n<\/div>\n\n\n\n<div style=\"height:0px\" aria-hidden=\"true\" class=\"wp-block-spacer show-sm wp-container-content-737907dd\"><\/div>\n<\/div>\n\n\n\n<div class=\"wp-block-group is-vertical is-layout-flex wp-container-core-group-is-layout-8cf370e7 wp-block-group-is-layout-flex\">\n<figure class=\"wp-block-image size-full is-resized\"><img loading=\"lazy\" decoding=\"async\" width=\"158\" height=\"151\" src=\"https:\/\/www.civare-navigation.com\/wp-content\/uploads\/2025\/06\/i-accompagnement-recherche-emploi-1.png\" alt=\"\" class=\"wp-image-4287\" style=\"aspect-ratio:1;object-fit:contain;width:80px\"\/><\/figure>\n\n\n\n<div class=\"wp-block-group is-vertical is-layout-flex wp-container-core-group-is-layout-8cf370e7 wp-block-group-is-layout-flex\">\n<h2 class=\"wp-block-heading\"><strong>3. Accompagnement \u00e0 la Recherche d\u2019Emploi<\/strong><\/h2>\n\n\n\n<p>D\u00e9crochez l\u2019opportunit\u00e9 id\u00e9ale&nbsp;: CV percutant, lettres de motivation cibl\u00e9es, simulations d\u2019entretiens et strat\u00e9gies de r\u00e9seautage.<br>Id\u00e9al pour&nbsp;: Candidats souhaitant se d\u00e9marquer.<\/p>\n<\/div>\n\n\n\n<div style=\"height:0px\" aria-hidden=\"true\" class=\"wp-block-spacer wp-container-content-737907dd\"><\/div>\n<\/div>\n\n\n\n<div class=\"wp-block-group show-sm is-vertical is-layout-flex wp-container-core-group-is-layout-8cf370e7 wp-block-group-is-layout-flex\">\n<figure class=\"wp-block-image size-full is-resized show-sm\"><img loading=\"lazy\" decoding=\"async\" width=\"158\" height=\"151\" src=\"https:\/\/www.civare-navigation.com\/wp-content\/uploads\/2025\/06\/i-coaching-carrire-1.png\" alt=\"\" class=\"wp-image-4288\" style=\"aspect-ratio:1;object-fit:contain;width:80px\"\/><\/figure>\n\n\n\n<div class=\"wp-block-group show-sm is-vertical is-layout-flex wp-container-core-group-is-layout-8cf370e7 wp-block-group-is-layout-flex\">\n<h2 class=\"wp-block-heading show-sm\"><strong>4. Coaching de Carri\u00e8re<\/strong><\/h2>\n\n\n\n<p class=\"show-sm\">Boostez votre confiance&nbsp;: Gestion du stress, prise de d\u00e9cision \u00e9clair\u00e9e, adaptation aux transitions (d\u00e9m\u00e9nagement, parentalit\u00e9, etc.).<br>Id\u00e9al pour&nbsp;: Professionnels en p\u00e9riode de changement.<\/p>\n<\/div>\n\n\n\n<div style=\"height:0px\" aria-hidden=\"true\" class=\"wp-block-spacer show-sm wp-container-content-737907dd\"><\/div>\n<\/div>\n\n\n\n<div class=\"wp-block-group is-vertical is-layout-flex wp-container-core-group-is-layout-8cf370e7 wp-block-group-is-layout-flex\">\n<figure class=\"wp-block-image size-full is-resized\"><img loading=\"lazy\" decoding=\"async\" width=\"158\" height=\"151\" src=\"https:\/\/www.civare-navigation.com\/wp-content\/uploads\/2025\/06\/i-transition-reorientation-1.png\" alt=\"\" class=\"wp-image-4290\" style=\"aspect-ratio:1;object-fit:contain;width:80px\"\/><\/figure>\n\n\n\n<div class=\"wp-block-group is-vertical is-layout-flex wp-container-core-group-is-layout-8cf370e7 wp-block-group-is-layout-flex\">\n<h2 class=\"wp-block-heading\"><strong>5. Transition ou R\u00e9orientation<\/strong><\/h2>\n\n\n\n<p>Rebondissez sereinement&nbsp;: Accompagnement personnalis\u00e9 lors de bouleversements personnels ou professionnels.<\/p>\n<\/div>\n<\/div>\n<\/div>\n<\/div>\n\n\n\n<div class=\"wp-block-column hide-sm is-layout-flow wp-block-column-is-layout-flow\" style=\"flex-basis:2%\"><\/div>\n\n\n\n<div class=\"wp-block-column hide-sm is-layout-flow wp-block-column-is-layout-flow\" style=\"flex-basis:32%\">\n<div class=\"wp-block-group is-layout-grid wp-container-core-group-is-layout-8d2db683 wp-block-group-is-layout-grid\">\n<div class=\"wp-block-group is-vertical is-layout-flex wp-container-core-group-is-layout-8cf370e7 wp-block-group-is-layout-flex\">\n<figure class=\"wp-block-image size-full is-resized\"><img loading=\"lazy\" decoding=\"async\" width=\"158\" height=\"151\" src=\"https:\/\/www.civare-navigation.com\/wp-content\/uploads\/2025\/06\/i-bilan-competences-1.png\" alt=\"\" class=\"wp-image-4286\" style=\"aspect-ratio:1;object-fit:contain;width:80px\"\/><\/figure>\n\n\n\n<div class=\"wp-block-group is-vertical is-layout-flex wp-container-core-group-is-layout-8cf370e7 wp-block-group-is-layout-flex\">\n<h2 class=\"wp-block-heading\"><strong>2. Bilan de Comp\u00e9tences<\/strong><\/h2>\n\n\n\n<p>R\u00e9inventez-vous&nbsp;: \u00c9valuez vos aptitudes, motivations et valeurs pour identifier des pistes de reconversion ou d\u2019\u00e9volution.<br>Id\u00e9al pour&nbsp;: Professionnels en qu\u00eate de changement.<\/p>\n<\/div>\n\n\n\n<div style=\"height:0px\" aria-hidden=\"true\" class=\"wp-block-spacer wp-container-content-737907dd\"><\/div>\n<\/div>\n\n\n\n<div class=\"wp-block-group is-vertical is-layout-flex wp-container-core-group-is-layout-8cf370e7 wp-block-group-is-layout-flex\">\n<figure class=\"wp-block-image size-full is-resized\"><img loading=\"lazy\" decoding=\"async\" width=\"158\" height=\"151\" src=\"https:\/\/www.civare-navigation.com\/wp-content\/uploads\/2025\/06\/i-coaching-carrire-1.png\" alt=\"\" class=\"wp-image-4288\" style=\"aspect-ratio:1;object-fit:contain;width:80px\"\/><\/figure>\n\n\n\n<div class=\"wp-block-group is-vertical is-layout-flex wp-container-core-group-is-layout-8cf370e7 wp-block-group-is-layout-flex\">\n<h2 class=\"wp-block-heading\"><strong>4. Coaching de Carri\u00e8re<\/strong><\/h2>\n\n\n\n<p>Boostez votre confiance&nbsp;: Gestion du stress, prise de d\u00e9cision \u00e9clair\u00e9e, adaptation aux transitions (d\u00e9m\u00e9nagement, parentalit\u00e9, etc.).<br>Id\u00e9al pour&nbsp;: Professionnels en p\u00e9riode de changement.<\/p>\n<\/div>\n<\/div>\n<\/div>\n<\/div>\n\n\n\n<div class=\"wp-block-column hide-sm is-layout-flow wp-block-column-is-layout-flow\" style=\"flex-basis:2%\"><\/div>\n\n\n\n<div class=\"wp-block-column is-layout-flow wp-block-column-is-layout-flow\" style=\"flex-basis:32%\">\n<div style=\"height:48px\" aria-hidden=\"true\" class=\"wp-block-spacer show-sm\"><\/div>\n\n\n\n<div style=\"height:86px\" aria-hidden=\"true\" class=\"wp-block-spacer hide-sm\"><\/div>\n\n\n\n<div class=\"wp-block-group is-vertical is-content-justification-center is-layout-flex wp-container-core-group-is-layout-4b2eccd6 wp-block-group-is-layout-flex\">\n<div class=\"wp-block-group m-col is-vertical is-layout-flex wp-container-core-group-is-layout-8cf370e7 wp-block-group-is-layout-flex\">\n<p class=\"has-text-align-center\"><strong>Pour les Particuliers : Construisez une Carri\u00e8re \u00c9panouissante<\/strong><\/p>\n\n\n\n<p class=\"has-text-align-center\">Vous r\u00eavez d\u2019un parcours professionnel align\u00e9 avec vos aspirations ? CIVARE vous guide \u00e0 chaque \u00e9tape.<\/p>\n<\/div>\n\n\n\n<div style=\"height:0px\" aria-hidden=\"true\" class=\"wp-block-spacer wp-container-content-fd3097a4\"><\/div>\n\n\n\n<div class=\"wp-block-cover is-light\" style=\"min-height:200px;aspect-ratio:unset;\"><span aria-hidden=\"true\" class=\"wp-block-cover__background has-background-dim-100 has-background-dim\" style=\"background-color:#f2ede6\"><\/span><div class=\"wp-block-cover__inner-container is-layout-constrained wp-block-cover-is-layout-constrained\">\n<div style=\"height:16px\" aria-hidden=\"true\" class=\"wp-block-spacer\"><\/div>\n\n\n\n<p class=\"has-text-align-center\"><strong>Offre Sp\u00e9ciale Particuliers<\/strong>&nbsp;:&nbsp;<em>1\u00e8re s\u00e9ance d\u2019orientation gratuite !<\/em><br>Pr\u00eat \u00e0 agir ? Contactez-nous d\u00e8s maintenant \u2192&nbsp; <strong>&nbsp;<\/strong><\/p>\n\n\n\n<div class=\"wp-block-buttons is-content-justification-center is-layout-flex wp-container-core-buttons-is-layout-16018d1d wp-block-buttons-is-layout-flex\">\n<div class=\"wp-block-button\"><a class=\"wp-block-button__link has-white-color has-text-color has-link-color wp-element-button\" href=\"https:\/\/wa.me\/69885537\" target=\"_blank\" rel=\"noopener\">\u260e <strong>&nbsp;WhatsApp : 229 0169885537<\/strong><\/a><\/div>\n\n\n\n<div class=\"wp-block-button\"><a class=\"wp-block-button__link has-white-color has-text-color has-background has-link-color wp-element-button\" href=\"https:\/\/www.civare-navigation.com\/index.php\/formulaire-de-demande-de-consultation-1\/\" style=\"background-color:#343434\"><strong>Formulaire de demande de Consultation<\/strong><\/a><\/div>\n<\/div>\n\n\n\n<div style=\"height:16px\" aria-hidden=\"true\" class=\"wp-block-spacer\"><\/div>\n<\/div><\/div>\n<\/div>\n<\/div>\n<\/div>\n\n\n\n<div style=\"height:24px\" aria-hidden=\"true\" class=\"wp-block-spacer hide-sm\"><\/div>\n<\/div>\n\n\n\n<div class=\"wp-block-column is-vertically-aligned-top hide-sm is-layout-flow wp-block-column-is-layout-flow\" style=\"flex-basis:3%\"><\/div>\n<\/div>\n<\/div><\/div>\n","protected":false},"excerpt":{"rendered":"<p>Pour les particuliers Pour les entreprises 1. Orientation Scolaire et Professionnelle Trouvez la voie qui vous correspond&nbsp;: Tests de personnalit\u00e9, d\u2019int\u00e9r\u00eats et de comp\u00e9tences pour choisir un cursus scolaire ou une carri\u00e8re en ad\u00e9quation avec vos forces.Id\u00e9al pour&nbsp;: \u00c9tudiants ind\u00e9cis, adultes en qu\u00eate de sens. 2. Bilan de Comp\u00e9tences R\u00e9inventez-vous&nbsp;: \u00c9valuez vos aptitudes, motivations et [&hellip;]<\/p>\n","protected":false},"author":1,"featured_media":0,"parent":0,"menu_order":0,"comment_status":"closed","ping_status":"closed","template":"","meta":{"ocean_post_layout":"","ocean_both_sidebars_style":"","ocean_both_sidebars_content_width":0,"ocean_both_sidebars_sidebars_width":0,"ocean_sidebar":"","ocean_second_sidebar":"","ocean_disable_margins":"enable","ocean_add_body_class":"","ocean_shortcode_before_top_bar":"","ocean_shortcode_after_top_bar":"","ocean_shortcode_before_header":"","ocean_shortcode_after_header":"","ocean_has_shortcode":"","ocean_shortcode_after_title":"","ocean_shortcode_before_footer_widgets":"","ocean_shortcode_after_footer_widgets":"","ocean_shortcode_before_footer_bottom":"","ocean_shortcode_after_footer_bottom":"","ocean_display_top_bar":"default","ocean_display_header":"default","ocean_header_style":"","ocean_center_header_left_menu":"","ocean_custom_header_template":"","ocean_custom_logo":0,"ocean_custom_retina_logo":0,"ocean_custom_logo_max_width":0,"ocean_custom_logo_tablet_max_width":0,"ocean_custom_logo_mobile_max_width":0,"ocean_custom_logo_max_height":0,"ocean_custom_logo_tablet_max_height":0,"ocean_custom_logo_mobile_max_height":0,"ocean_header_custom_menu":"","ocean_menu_typo_font_family":"","ocean_menu_typo_font_subset":"","ocean_menu_typo_font_size":0,"ocean_menu_typo_font_size_tablet":0,"ocean_menu_typo_font_size_mobile":0,"ocean_menu_typo_font_size_unit":"px","ocean_menu_typo_font_weight":"","ocean_menu_typo_font_weight_tablet":"","ocean_menu_typo_font_weight_mobile":"","ocean_menu_typo_transform":"","ocean_menu_typo_transform_tablet":"","ocean_menu_typo_transform_mobile":"","ocean_menu_typo_line_height":0,"ocean_menu_typo_line_height_tablet":0,"ocean_menu_typo_line_height_mobile":0,"ocean_menu_typo_line_height_unit":"","ocean_menu_typo_spacing":0,"ocean_menu_typo_spacing_tablet":0,"ocean_menu_typo_spacing_mobile":0,"ocean_menu_typo_spacing_unit":"","ocean_menu_link_color":"","ocean_menu_link_color_hover":"","ocean_menu_link_color_active":"","ocean_menu_link_background":"","ocean_menu_link_hover_background":"","ocean_menu_link_active_background":"","ocean_menu_social_links_bg":"","ocean_menu_social_hover_links_bg":"","ocean_menu_social_links_color":"","ocean_menu_social_hover_links_color":"","ocean_disable_title":"on","ocean_disable_heading":"default","ocean_post_title":"","ocean_post_subheading":"","ocean_post_title_style":"","ocean_post_title_background_color":"","ocean_post_title_background":0,"ocean_post_title_bg_image_position":"","ocean_post_title_bg_image_attachment":"","ocean_post_title_bg_image_repeat":"","ocean_post_title_bg_image_size":"","ocean_post_title_height":0,"ocean_post_title_bg_overlay":0.5,"ocean_post_title_bg_overlay_color":"","ocean_disable_breadcrumbs":"default","ocean_breadcrumbs_color":"","ocean_breadcrumbs_separator_color":"","ocean_breadcrumbs_links_color":"","ocean_breadcrumbs_links_hover_color":"","ocean_display_footer_widgets":"default","ocean_display_footer_bottom":"default","ocean_custom_footer_template":"","omw_enable_modal_window":"enable","footnotes":""},"class_list":["post-2236","page","type-page","status-publish","hentry","entry"],"_links":{"self":[{"href":"https:\/\/www.civare-navigation.com\/index.php\/wp-json\/wp\/v2\/pages\/2236","targetHints":{"allow":["GET"]}}],"collection":[{"href":"https:\/\/www.civare-navigation.com\/index.php\/wp-json\/wp\/v2\/pages"}],"about":[{"href":"https:\/\/www.civare-navigation.com\/index.php\/wp-json\/wp\/v2\/types\/page"}],"author":[{"embeddable":true,"href":"https:\/\/www.civare-navigation.com\/index.php\/wp-json\/wp\/v2\/users\/1"}],"replies":[{"embeddable":true,"href":"https:\/\/www.civare-navigation.com\/index.php\/wp-json\/wp\/v2\/comments?post=2236"}],"version-history":[{"count":79,"href":"https:\/\/www.civare-navigation.com\/index.php\/wp-json\/wp\/v2\/pages\/2236\/revisions"}],"predecessor-version":[{"id":6282,"href":"https:\/\/www.civare-navigation.com\/index.php\/wp-json\/wp\/v2\/pages\/2236\/revisions\/6282"}],"wp:attachment":[{"href":"https:\/\/www.civare-navigation.com\/index.php\/wp-json\/wp\/v2\/media?parent=2236"}],"curies":[{"name":"wp","href":"https:\/\/api.w.org\/{rel}","templated":true}]}}