{"id":2196,"date":"2025-05-07T12:52:48","date_gmt":"2025-05-07T10:52:48","guid":{"rendered":"https:\/\/www.civare-navigation.com\/?page_id=2196"},"modified":"2025-07-13T18:20:11","modified_gmt":"2025-07-13T16:20:11","slug":"ordre-national-de-la-responsabilite-societale-des-entreprises-onrse","status":"publish","type":"page","link":"https:\/\/www.civare-navigation.com\/index.php\/ordre-national-de-la-responsabilite-societale-des-entreprises-onrse\/","title":{"rendered":"Ordre National de la Responsabilit\u00e9 Soci\u00e9tale des Entreprises (ONRSE)"},"content":{"rendered":"\n<div style=\"height:60px\" aria-hidden=\"true\" class=\"wp-block-spacer show-sm\"><\/div>\n\n\n\n<div style=\"height:80px\" aria-hidden=\"true\" class=\"wp-block-spacer hide-sm\"><\/div>\n\n\n\n<div class=\"wp-block-group\"><div class=\"wp-block-group__inner-container is-layout-constrained wp-block-group-is-layout-constrained\">\n<div class=\"wp-block-columns are-vertically-aligned-center is-layout-flex wp-container-core-columns-is-layout-9d6595d7 wp-block-columns-is-layout-flex\">\n<div class=\"wp-block-column is-vertically-aligned-center is-layout-flow wp-block-column-is-layout-flow\" style=\"flex-basis:48%\">\n<div class=\"wp-block-columns are-vertically-aligned-center is-layout-flex wp-container-core-columns-is-layout-9d6595d7 wp-block-columns-is-layout-flex\">\n<div class=\"wp-block-column hide-sm is-layout-flow wp-block-column-is-layout-flow\" style=\"flex-basis:5%\"><\/div>\n\n\n\n<div class=\"wp-block-column is-vertically-aligned-center absolute is-layout-flow wp-block-column-is-layout-flow\" style=\"flex-basis:20%\">\n<div class=\"wp-block-cover onrse-banner\" style=\"min-height:280px;aspect-ratio:unset;\"><span aria-hidden=\"true\" class=\"wp-block-cover__background has-background-dim-100 has-background-dim\" style=\"background-color:#343434\"><\/span><div class=\"wp-block-cover__inner-container is-layout-constrained wp-block-cover-is-layout-constrained\">\n<div class=\"wp-block-group is-vertical is-content-justification-center is-layout-flex wp-container-core-group-is-layout-4b2eccd6 wp-block-group-is-layout-flex\">\n<p class=\"has-text-align-center separator rpr-mt same-line rse-mt has-white-color has-text-color has-link-color wp-elements-936b76148535536e4f8cb3eb5f095034\">ONRSE (P-NIP)<\/p>\n\n\n\n<div style=\"height:0px\" aria-hidden=\"true\" class=\"wp-block-spacer wp-container-content-962be591\"><\/div>\n\n\n\n<hr class=\"wp-block-separator aligncenter has-text-color has-white-color has-alpha-channel-opacity has-white-background-color has-background separator rse-sep-w-sm\"\/>\n<\/div>\n<\/div><\/div>\n<\/div>\n\n\n\n<div class=\"wp-block-column is-vertically-aligned-center rpr-img-sm is-layout-flow wp-block-column-is-layout-flow\" style=\"flex-basis:95%\">\n<figure class=\"wp-block-image size-large\"><img loading=\"lazy\" decoding=\"async\" width=\"1024\" height=\"1024\" src=\"https:\/\/www.civare-navigation.com\/wp-content\/uploads\/2025\/05\/Gemini_Generated_Image_h3gljrh3gljrh3gl-1024x1024.jpeg\" alt=\"\" class=\"wp-image-2149\" srcset=\"https:\/\/www.civare-navigation.com\/wp-content\/uploads\/2025\/05\/Gemini_Generated_Image_h3gljrh3gljrh3gl-1024x1024.jpeg 1024w, https:\/\/www.civare-navigation.com\/wp-content\/uploads\/2025\/05\/Gemini_Generated_Image_h3gljrh3gljrh3gl-300x300.jpeg 300w, https:\/\/www.civare-navigation.com\/wp-content\/uploads\/2025\/05\/Gemini_Generated_Image_h3gljrh3gljrh3gl-150x150.jpeg 150w, https:\/\/www.civare-navigation.com\/wp-content\/uploads\/2025\/05\/Gemini_Generated_Image_h3gljrh3gljrh3gl-768x768.jpeg 768w, https:\/\/www.civare-navigation.com\/wp-content\/uploads\/2025\/05\/Gemini_Generated_Image_h3gljrh3gljrh3gl-1536x1536.jpeg 1536w, https:\/\/www.civare-navigation.com\/wp-content\/uploads\/2025\/05\/Gemini_Generated_Image_h3gljrh3gljrh3gl-600x600.jpeg 600w, https:\/\/www.civare-navigation.com\/wp-content\/uploads\/2025\/05\/Gemini_Generated_Image_h3gljrh3gljrh3gl.jpeg 2048w\" sizes=\"auto, (max-width: 1024px) 100vw, 1024px\" \/><\/figure>\n<\/div>\n<\/div>\n<\/div>\n\n\n\n<div class=\"wp-block-column is-vertically-aligned-center hide-sm is-layout-flow wp-block-column-is-layout-flow\" style=\"flex-basis:4%\"><\/div>\n\n\n\n<div class=\"wp-block-column is-vertically-aligned-center is-layout-flow wp-block-column-is-layout-flow\" style=\"flex-basis:48%\">\n<h1 class=\"wp-block-heading title-sm-2 has-large-font-size\">Ordre National de la Responsabilit\u00e9 Soci\u00e9tale des Entreprises (ONRSE)<\/h1>\n\n\n\n<div style=\"height:16px\" aria-hidden=\"true\" class=\"wp-block-spacer\"><\/div>\n\n\n\n<p><strong>ONRSE : Devenez un Pionnier de la Responsabilit\u00e9 Soci\u00e9tale !<\/strong><\/p>\n\n\n\n<blockquote class=\"wp-block-quote is-style-default is-layout-flow wp-block-quote-is-layout-flow\">\n<p style=\"font-style:normal;font-weight:400\"><strong>L\u2019Ordre National de la RSE (ONRSE)<\/strong>, port\u00e9 par le CIVARE, est bien plus qu\u2019une initiative : c\u2019est un mouvement collectif pour transformer les entreprises en acteurs majeurs d\u2019un monde \u00e9quitable et durable.<\/p>\n<\/blockquote>\n\n\n\n<div style=\"height:16px\" aria-hidden=\"true\" class=\"wp-block-spacer\"><\/div>\n\n\n\n<div class=\"wp-block-buttons center-on-mobile is-layout-flex wp-block-buttons-is-layout-flex\">\n<div class=\"wp-block-button\"><a class=\"wp-block-button__link has-white-color has-text-color has-link-color wp-element-button\" href=\"https:\/\/www.civare-navigation.com\/index.php\/formulaire-dadhesion-a-lordre-national-de-la-rse-onrse\/\">Inscription \u00e0 l&rsquo;ONRSE<\/a><\/div>\n<\/div>\n<\/div>\n<\/div>\n\n\n\n<div style=\"height:48px\" aria-hidden=\"true\" class=\"wp-block-spacer show-sm\"><\/div>\n\n\n\n<div style=\"height:80px\" aria-hidden=\"true\" class=\"wp-block-spacer hide-sm\"><\/div>\n\n\n\n<h2 class=\"wp-block-heading\"><strong><strong><strong>Pourquoi adh\u00e9rer \u00e0 l\u2019ONRSE ?<\/strong><\/strong><\/strong><\/h2>\n\n\n\n<div style=\"height:16px\" aria-hidden=\"true\" class=\"wp-block-spacer\"><\/div>\n\n\n\n<div class=\"wp-block-columns is-layout-flex wp-container-core-columns-is-layout-9d6595d7 wp-block-columns-is-layout-flex\">\n<div class=\"wp-block-column is-layout-flow wp-block-column-is-layout-flow\" style=\"flex-basis:34.33%\">\n<div class=\"wp-block-group is-nowrap is-layout-flex wp-container-core-group-is-layout-ad2f72ca wp-block-group-is-layout-flex\">\n<div class=\"wp-block-group is-vertical is-layout-flex wp-container-core-group-is-layout-8cf370e7 wp-block-group-is-layout-flex\">\n<figure class=\"wp-block-image size-full is-resized\"><img loading=\"lazy\" decoding=\"async\" width=\"100\" height=\"100\" src=\"https:\/\/www.civare-navigation.com\/wp-content\/uploads\/2025\/06\/building.png\" alt=\"\" class=\"wp-image-4214\" style=\"width:60px\"\/><\/figure>\n\n\n\n<p><strong>Strat\u00e9gies RSE Puissantes<\/strong><br>Structurez votre engagement gr\u00e2ce \u00e0 des&nbsp;<em>cadres de r\u00e9f\u00e9rence innovants<\/em>, des certifications reconnues et des outils concrets. Alignez vos pratiques sur les Objectifs de D\u00e9veloppement Durable (ODD) et d\u00e9passez les standards traditionnels.<\/p>\n<\/div>\n\n\n\n<div style=\"height:100px;width:0px\" aria-hidden=\"true\" class=\"wp-block-spacer wp-container-content-fd3097a4\"><\/div>\n<\/div>\n<\/div>\n\n\n\n<div class=\"wp-block-column is-layout-flow wp-block-column-is-layout-flow\" style=\"flex-basis:34.33%\">\n<div class=\"wp-block-group is-nowrap is-layout-flex wp-container-core-group-is-layout-ad2f72ca wp-block-group-is-layout-flex\">\n<div class=\"wp-block-group is-vertical is-layout-flex wp-container-core-group-is-layout-8cf370e7 wp-block-group-is-layout-flex\">\n<figure class=\"wp-block-image size-full is-resized\"><img loading=\"lazy\" decoding=\"async\" width=\"101\" height=\"100\" src=\"https:\/\/www.civare-navigation.com\/wp-content\/uploads\/2025\/06\/arrow-repeat.png\" alt=\"\" class=\"wp-image-4216\" style=\"width:60px\"\/><\/figure>\n\n\n\n<p><strong>Partenariats \u00e0 Impact<\/strong><br>Collaborez avec des entreprises visionnaires, des institutions engag\u00e9es et des talents motiv\u00e9s. L\u2019ONRSE facilite les synergies pour des projets qui allient&nbsp;<em>performance \u00e9conomique et impact soci\u00e9tal<\/em>.<\/p>\n<\/div>\n\n\n\n<div style=\"height:100px;width:0px\" aria-hidden=\"true\" class=\"wp-block-spacer wp-container-content-fd3097a4\"><\/div>\n<\/div>\n<\/div>\n\n\n\n<div class=\"wp-block-column is-layout-flow wp-block-column-is-layout-flow\" style=\"flex-basis:31.33%\">\n<div class=\"wp-block-group is-vertical is-layout-flex wp-container-core-group-is-layout-8cf370e7 wp-block-group-is-layout-flex\">\n<figure class=\"wp-block-image size-full is-resized\"><img loading=\"lazy\" decoding=\"async\" width=\"100\" height=\"100\" src=\"https:\/\/www.civare-navigation.com\/wp-content\/uploads\/2025\/06\/award-fill.png\" alt=\"\" class=\"wp-image-4217\" style=\"width:60px\"\/><\/figure>\n\n\n\n<p><strong>Exemplarit\u00e9 et Reconnaissance<\/strong><br>Valorisez vos actions en mati\u00e8re d\u2019\u00e9thique, d\u2019environnement et d\u2019\u00e9quit\u00e9 sociale. B\u00e9n\u00e9ficiez d\u2019une visibilit\u00e9 accrue aupr\u00e8s des consommateurs, investisseurs et talents qui privil\u00e9gient les organisations responsables.<\/p>\n<\/div>\n<\/div>\n<\/div>\n\n\n\n<div style=\"height:48px\" aria-hidden=\"true\" class=\"wp-block-spacer show-sm\"><\/div>\n\n\n\n<div style=\"height:80px\" aria-hidden=\"true\" class=\"wp-block-spacer hide-sm\"><\/div>\n\n\n\n<div class=\"wp-block-cover\"><span aria-hidden=\"true\" class=\"wp-block-cover__background has-background-dim-100 has-background-dim has-background-gradient\" style=\"background:linear-gradient(262deg,rgb(159,179,196) 0%,rgb(54,59,64) 100%)\"><\/span><div class=\"wp-block-cover__inner-container is-layout-constrained wp-block-cover-is-layout-constrained\">\n<div class=\"wp-block-columns is-layout-flex wp-container-core-columns-is-layout-9d6595d7 wp-block-columns-is-layout-flex\">\n<div class=\"wp-block-column is-layout-flow wp-block-column-is-layout-flow\" style=\"flex-basis:15%\"><\/div>\n\n\n\n<div class=\"wp-block-column is-layout-flow wp-block-column-is-layout-flow\" style=\"flex-basis:70%\">\n<h2 class=\"wp-block-heading has-text-align-center has-white-color has-text-color has-link-color wp-elements-194b9d7dbacfbe50aca5a680f0ff8e0d\"><strong><strong><strong>Rejoignez l\u2019ONRSE et incarnez le changement !<\/strong><\/strong><\/strong><\/h2>\n\n\n\n<p class=\"has-text-align-center has-white-color has-text-color has-link-color wp-elements-35fe2d04c0bffe9658361bdb3fff1892\">Que vous soyez dirigeant, start-up ou PME, l\u2019ONRSE vous offre les cl\u00e9s pour :<br><img loading=\"lazy\" decoding=\"async\" width=\"6\" height=\"6\" class=\"wp-image-4209\" style=\"width: 6px;\" src=\"https:\/\/www.civare-navigation.com\/wp-content\/uploads\/2025\/06\/Vector-8.png\" alt=\"\">&nbsp; <strong>Int\u00e9grer<\/strong>&nbsp;la RSE au c\u0153ur de votre mod\u00e8le.<br><img loading=\"lazy\" decoding=\"async\" width=\"6\" height=\"6\" class=\"wp-image-4209\" style=\"width: 6px;\" src=\"https:\/\/www.civare-navigation.com\/wp-content\/uploads\/2025\/06\/Vector-8.png\" alt=\"\">&nbsp; <strong>Inspirer<\/strong>&nbsp;par des actions concr\u00e8tes et mesurables.<br><img loading=\"lazy\" decoding=\"async\" width=\"6\" height=\"6\" class=\"wp-image-4209\" style=\"width: 6px;\" src=\"https:\/\/www.civare-navigation.com\/wp-content\/uploads\/2025\/06\/Vector-8.png\" alt=\"\">&nbsp; <strong>Innover<\/strong>&nbsp;en collaborant avec des acteurs partageant vos valeurs.<\/p>\n\n\n\n<p class=\"has-text-align-center has-white-color has-text-color has-link-color wp-elements-d3187708ac7dd97e530afe13f778c377\"><strong>Passez \u00e0 l\u2019action d\u00e8s aujourd\u2019hui !<\/strong><br>\u00c9crivez \u00e0 un ambassadeur pour adh\u00e9rer \u00e0 l\u2019ONRSE et transformez votre entreprise en fer de lance de la transition durable.<\/p>\n\n\n\n<div style=\"height:24px\" aria-hidden=\"true\" class=\"wp-block-spacer\"><\/div>\n\n\n\n<div class=\"wp-block-buttons is-content-justification-center is-layout-flex wp-container-core-buttons-is-layout-16018d1d wp-block-buttons-is-layout-flex\">\n<div class=\"wp-block-button\"><a class=\"wp-block-button__link has-black-color has-white-background-color has-text-color has-background has-link-color wp-element-button\" href=\"https:\/\/wa.me\/69885537?text=Bonjour,%20je%20souhaite%20rejoindre%20l%27Ordre%20National%20de%20la%20Responsabilit\u00e9%20Soci\u00e9tale%20des%20Entreprises%20(ONRSE).\" target=\"_blank\" rel=\"noopener\"><strong>WhatsApp ambassadeur : +229 0169885537<\/strong><\/a><\/div>\n<\/div>\n<\/div>\n\n\n\n<div class=\"wp-block-column is-layout-flow wp-block-column-is-layout-flow\" style=\"flex-basis:15%\"><\/div>\n<\/div>\n<\/div><\/div>\n\n\n\n<div style=\"height:48px\" aria-hidden=\"true\" class=\"wp-block-spacer show-sm\"><\/div>\n\n\n\n<div style=\"height:80px\" aria-hidden=\"true\" class=\"wp-block-spacer hide-sm\"><\/div>\n\n\n\n<h2 class=\"wp-block-heading\"><strong><strong><strong>L\u2019Impact de l\u2019ONRSE :<\/strong><\/strong><\/strong><\/h2>\n\n\n\n<div class=\"wp-block-columns col-gap-sm is-layout-flex wp-container-core-columns-is-layout-9d6595d7 wp-block-columns-is-layout-flex\">\n<div class=\"wp-block-column is-layout-flow wp-block-column-is-layout-flow\" style=\"flex-basis:32%\">\n<blockquote class=\"wp-block-quote is-layout-flow wp-block-quote-is-layout-flow\" style=\"font-style:normal;font-weight:400\">\n<div class=\"wp-block-group is-vertical is-layout-flex wp-container-core-group-is-layout-8cf370e7 wp-block-group-is-layout-flex\">\n<p><strong>Pour votre entreprise<\/strong>&nbsp;:<\/p>\n\n\n\n<p>Une croissance align\u00e9e sur les enjeux globaux, renfor\u00e7ant votre r\u00e9putation et votre r\u00e9silience.<\/p>\n<\/div>\n<\/blockquote>\n<\/div>\n\n\n\n<div class=\"wp-block-column hide-sm is-layout-flow wp-block-column-is-layout-flow\" style=\"flex-basis:2%\"><\/div>\n\n\n\n<div class=\"wp-block-column is-layout-flow wp-block-column-is-layout-flow\" style=\"flex-basis:32%\">\n<blockquote class=\"wp-block-quote is-layout-flow wp-block-quote-is-layout-flow\" style=\"font-style:normal;font-weight:400\">\n<div class=\"wp-block-group is-vertical is-layout-flex wp-container-core-group-is-layout-8cf370e7 wp-block-group-is-layout-flex\">\n<p><strong>Pour la soci\u00e9t\u00e9<\/strong>&nbsp;:<\/p>\n\n\n\n<p>Des emplois justes, une \u00e9conomie inclusive et une plan\u00e8te pr\u00e9serv\u00e9e.<\/p>\n<\/div>\n<\/blockquote>\n<\/div>\n\n\n\n<div class=\"wp-block-column hide-sm is-layout-flow wp-block-column-is-layout-flow\" style=\"flex-basis:2%\"><\/div>\n\n\n\n<div class=\"wp-block-column is-layout-flow wp-block-column-is-layout-flow\" style=\"flex-basis:32%\">\n<blockquote class=\"wp-block-quote is-layout-flow wp-block-quote-is-layout-flow\" style=\"font-style:normal;font-weight:400\">\n<div class=\"wp-block-group is-vertical is-layout-flex wp-container-core-group-is-layout-8cf370e7 wp-block-group-is-layout-flex\">\n<p><strong>Pour l\u2019avenir<\/strong>&nbsp;:<\/p>\n\n\n\n<p>Un h\u00e9ritage durable o\u00f9 r\u00e9ussite rime avec responsabilit\u00e9.<\/p>\n<\/div>\n<\/blockquote>\n<\/div>\n<\/div>\n\n\n\n<div style=\"height:48px\" aria-hidden=\"true\" class=\"wp-block-spacer show-sm\"><\/div>\n\n\n\n<div style=\"height:80px\" aria-hidden=\"true\" class=\"wp-block-spacer hide-sm\"><\/div>\n<\/div><\/div>\n\n\n\n<p class=\"has-text-align-center\"><em>\u00ab Ensemble, b\u00e2tissons un avenir o\u00f9 l\u2019entreprise progresse&nbsp;avec&nbsp;la soci\u00e9t\u00e9, pas&nbsp;\u00e0 ses d\u00e9pens. \u00bb<\/em><strong><\/strong><\/p>\n\n\n\n<p class=\"has-text-align-center\"><em>Avec l\u2019ONRSE, chaque entreprise devient une pierre angulaire de l\u2019\u00e9conomie de demain.<\/em><\/p>\n\n\n\n<p class=\"has-text-align-center\"><strong>#ONRSE #RSE #D\u00e9veloppementDurable #CIVARE<\/strong><\/p>\n\n\n\n<p class=\"has-text-align-center\"><strong>CIVARE<\/strong>&nbsp;\u2013 Osez l\u2019insertion, cultivez l\u2019impact.<\/p>\n","protected":false},"excerpt":{"rendered":"<p>Ordre National de la Responsabilit\u00e9 Soci\u00e9tale des Entreprises (ONRSE) ONRSE : Devenez un Pionnier de la Responsabilit\u00e9 Soci\u00e9tale ! L\u2019Ordre National de la RSE (ONRSE), port\u00e9 par le CIVARE, est bien plus qu\u2019une initiative : c\u2019est un mouvement collectif pour transformer les entreprises en acteurs majeurs d\u2019un monde \u00e9quitable et durable. Pourquoi adh\u00e9rer \u00e0 l\u2019ONRSE [&hellip;]<\/p>\n","protected":false},"author":1,"featured_media":0,"parent":0,"menu_order":0,"comment_status":"closed","ping_status":"closed","template":"","meta":{"ocean_post_layout":"","ocean_both_sidebars_style":"","ocean_both_sidebars_content_width":0,"ocean_both_sidebars_sidebars_width":0,"ocean_sidebar":"","ocean_second_sidebar":"","ocean_disable_margins":"enable","ocean_add_body_class":"","ocean_shortcode_before_top_bar":"","ocean_shortcode_after_top_bar":"","ocean_shortcode_before_header":"","ocean_shortcode_after_header":"","ocean_has_shortcode":"","ocean_shortcode_after_title":"","ocean_shortcode_before_footer_widgets":"","ocean_shortcode_after_footer_widgets":"","ocean_shortcode_before_footer_bottom":"","ocean_shortcode_after_footer_bottom":"","ocean_display_top_bar":"default","ocean_display_header":"default","ocean_header_style":"","ocean_center_header_left_menu":"","ocean_custom_header_template":"","ocean_custom_logo":0,"ocean_custom_retina_logo":0,"ocean_custom_logo_max_width":0,"ocean_custom_logo_tablet_max_width":0,"ocean_custom_logo_mobile_max_width":0,"ocean_custom_logo_max_height":0,"ocean_custom_logo_tablet_max_height":0,"ocean_custom_logo_mobile_max_height":0,"ocean_header_custom_menu":"","ocean_menu_typo_font_family":"","ocean_menu_typo_font_subset":"","ocean_menu_typo_font_size":0,"ocean_menu_typo_font_size_tablet":0,"ocean_menu_typo_font_size_mobile":0,"ocean_menu_typo_font_size_unit":"px","ocean_menu_typo_font_weight":"","ocean_menu_typo_font_weight_tablet":"","ocean_menu_typo_font_weight_mobile":"","ocean_menu_typo_transform":"","ocean_menu_typo_transform_tablet":"","ocean_menu_typo_transform_mobile":"","ocean_menu_typo_line_height":0,"ocean_menu_typo_line_height_tablet":0,"ocean_menu_typo_line_height_mobile":0,"ocean_menu_typo_line_height_unit":"","ocean_menu_typo_spacing":0,"ocean_menu_typo_spacing_tablet":0,"ocean_menu_typo_spacing_mobile":0,"ocean_menu_typo_spacing_unit":"","ocean_menu_link_color":"","ocean_menu_link_color_hover":"","ocean_menu_link_color_active":"","ocean_menu_link_background":"","ocean_menu_link_hover_background":"","ocean_menu_link_active_background":"","ocean_menu_social_links_bg":"","ocean_menu_social_hover_links_bg":"","ocean_menu_social_links_color":"","ocean_menu_social_hover_links_color":"","ocean_disable_title":"on","ocean_disable_heading":"default","ocean_post_title":"","ocean_post_subheading":"","ocean_post_title_style":"","ocean_post_title_background_color":"","ocean_post_title_background":0,"ocean_post_title_bg_image_position":"","ocean_post_title_bg_image_attachment":"","ocean_post_title_bg_image_repeat":"","ocean_post_title_bg_image_size":"","ocean_post_title_height":0,"ocean_post_title_bg_overlay":0.5,"ocean_post_title_bg_overlay_color":"","ocean_disable_breadcrumbs":"default","ocean_breadcrumbs_color":"","ocean_breadcrumbs_separator_color":"","ocean_breadcrumbs_links_color":"","ocean_breadcrumbs_links_hover_color":"","ocean_display_footer_widgets":"default","ocean_display_footer_bottom":"default","ocean_custom_footer_template":"","omw_enable_modal_window":"enable","footnotes":""},"class_list":["post-2196","page","type-page","status-publish","hentry","entry"],"_links":{"self":[{"href":"https:\/\/www.civare-navigation.com\/index.php\/wp-json\/wp\/v2\/pages\/2196","targetHints":{"allow":["GET"]}}],"collection":[{"href":"https:\/\/www.civare-navigation.com\/index.php\/wp-json\/wp\/v2\/pages"}],"about":[{"href":"https:\/\/www.civare-navigation.com\/index.php\/wp-json\/wp\/v2\/types\/page"}],"author":[{"embeddable":true,"href":"https:\/\/www.civare-navigation.com\/index.php\/wp-json\/wp\/v2\/users\/1"}],"replies":[{"embeddable":true,"href":"https:\/\/www.civare-navigation.com\/index.php\/wp-json\/wp\/v2\/comments?post=2196"}],"version-history":[{"count":21,"href":"https:\/\/www.civare-navigation.com\/index.php\/wp-json\/wp\/v2\/pages\/2196\/revisions"}],"predecessor-version":[{"id":6594,"href":"https:\/\/www.civare-navigation.com\/index.php\/wp-json\/wp\/v2\/pages\/2196\/revisions\/6594"}],"wp:attachment":[{"href":"https:\/\/www.civare-navigation.com\/index.php\/wp-json\/wp\/v2\/media?parent=2196"}],"curies":[{"name":"wp","href":"https:\/\/api.w.org\/{rel}","templated":true}]}}