{"id":2194,"date":"2025-05-07T12:51:24","date_gmt":"2025-05-07T10:51:24","guid":{"rendered":"https:\/\/www.civare-navigation.com\/?page_id=2194"},"modified":"2025-07-13T18:07:43","modified_gmt":"2025-07-13T16:07:43","slug":"emploi-merite-pour-une-economie-durable-emed","status":"publish","type":"page","link":"https:\/\/www.civare-navigation.com\/index.php\/emploi-merite-pour-une-economie-durable-emed\/","title":{"rendered":"Emploi M\u00e9rit\u00e9 pour une \u00c9conomie Durable (EMED)"},"content":{"rendered":"\n<div style=\"height:60px\" aria-hidden=\"true\" class=\"wp-block-spacer show-sm\"><\/div>\n\n\n\n<div style=\"height:80px\" aria-hidden=\"true\" class=\"wp-block-spacer hide-sm\"><\/div>\n\n\n\n<div class=\"wp-block-group\"><div class=\"wp-block-group__inner-container is-layout-constrained wp-block-group-is-layout-constrained\">\n<div class=\"wp-block-columns are-vertically-aligned-center is-layout-flex wp-container-core-columns-is-layout-9d6595d7 wp-block-columns-is-layout-flex\">\n<div class=\"wp-block-column is-vertically-aligned-center is-layout-flow wp-block-column-is-layout-flow\" style=\"flex-basis:48%\">\n<div class=\"wp-block-columns are-vertically-aligned-center is-layout-flex wp-container-core-columns-is-layout-9d6595d7 wp-block-columns-is-layout-flex\">\n<div class=\"wp-block-column hide-sm is-layout-flow wp-block-column-is-layout-flow\" style=\"flex-basis:5%\"><\/div>\n\n\n\n<div class=\"wp-block-column is-vertically-aligned-center absolute is-layout-flow wp-block-column-is-layout-flow\" style=\"flex-basis:20%\">\n<div class=\"wp-block-cover emed-banner\" style=\"min-height:280px;aspect-ratio:unset;\"><span aria-hidden=\"true\" class=\"wp-block-cover__background has-background-dim-100 has-background-dim\" style=\"background-color:#343434\"><\/span><div class=\"wp-block-cover__inner-container is-layout-constrained wp-block-cover-is-layout-constrained\">\n<div class=\"wp-block-group is-vertical is-content-justification-center is-layout-flex wp-container-core-group-is-layout-4b2eccd6 wp-block-group-is-layout-flex\">\n<p class=\"has-text-align-center separator rpr-mt same-line emed-mt has-white-color has-text-color has-link-color wp-elements-8e644100e2f8533613b271d47c4fef71\">EMED (P-NIP)<\/p>\n\n\n\n<div style=\"height:0px\" aria-hidden=\"true\" class=\"wp-block-spacer wp-container-content-962be591\"><\/div>\n\n\n\n<hr class=\"wp-block-separator aligncenter has-text-color has-white-color has-alpha-channel-opacity has-white-background-color has-background separator emed-sep-w-sm\"\/>\n<\/div>\n<\/div><\/div>\n<\/div>\n\n\n\n<div class=\"wp-block-column is-vertically-aligned-center rpr-img-sm is-layout-flow wp-block-column-is-layout-flow\" style=\"flex-basis:95%\">\n<figure class=\"wp-block-image size-large\"><img loading=\"lazy\" decoding=\"async\" width=\"1024\" height=\"1024\" src=\"https:\/\/www.civare-navigation.com\/wp-content\/uploads\/2025\/05\/Gemini_Generated_Image_xt43rcxt43rcxt43-1024x1024.jpeg\" alt=\"\" class=\"wp-image-2562\" srcset=\"https:\/\/www.civare-navigation.com\/wp-content\/uploads\/2025\/05\/Gemini_Generated_Image_xt43rcxt43rcxt43-1024x1024.jpeg 1024w, https:\/\/www.civare-navigation.com\/wp-content\/uploads\/2025\/05\/Gemini_Generated_Image_xt43rcxt43rcxt43-300x300.jpeg 300w, https:\/\/www.civare-navigation.com\/wp-content\/uploads\/2025\/05\/Gemini_Generated_Image_xt43rcxt43rcxt43-150x150.jpeg 150w, https:\/\/www.civare-navigation.com\/wp-content\/uploads\/2025\/05\/Gemini_Generated_Image_xt43rcxt43rcxt43-768x768.jpeg 768w, https:\/\/www.civare-navigation.com\/wp-content\/uploads\/2025\/05\/Gemini_Generated_Image_xt43rcxt43rcxt43-1536x1536.jpeg 1536w, https:\/\/www.civare-navigation.com\/wp-content\/uploads\/2025\/05\/Gemini_Generated_Image_xt43rcxt43rcxt43-600x600.jpeg 600w, https:\/\/www.civare-navigation.com\/wp-content\/uploads\/2025\/05\/Gemini_Generated_Image_xt43rcxt43rcxt43.jpeg 2048w\" sizes=\"auto, (max-width: 1024px) 100vw, 1024px\" \/><\/figure>\n<\/div>\n<\/div>\n<\/div>\n\n\n\n<div class=\"wp-block-column is-vertically-aligned-center hide-sm is-layout-flow wp-block-column-is-layout-flow\" style=\"flex-basis:4%\"><\/div>\n\n\n\n<div class=\"wp-block-column is-vertically-aligned-center is-layout-flow wp-block-column-is-layout-flow\" style=\"flex-basis:48%\">\n<h1 class=\"wp-block-heading title-sm-2 has-large-font-size\">Emploi M\u00e9rit\u00e9 pour une \u00c9conomie Durable (EMED)<\/h1>\n\n\n\n<div style=\"height:16px\" aria-hidden=\"true\" class=\"wp-block-spacer\"><\/div>\n\n\n\n<p><strong>EMED : Votre Carri\u00e8re au C\u0153ur d\u2019une \u00c9conomie Durable !<\/strong><\/p>\n\n\n\n<blockquote class=\"wp-block-quote is-style-default is-layout-flow wp-block-quote-is-layout-flow\">\n<p style=\"font-style:normal;font-weight:400\"><strong>L\u2019Emploi M\u00e9rit\u00e9 pour une \u00c9conomie Durable (EMED)<\/strong>, port\u00e9 par le CIVARE, est bien plus qu\u2019un accompagnement professionnel : c\u2019est un engagement pour votre avenir et celui de la plan\u00e8te.<\/p>\n<\/blockquote>\n\n\n\n<div style=\"height:16px\" aria-hidden=\"true\" class=\"wp-block-spacer\"><\/div>\n\n\n\n<div class=\"wp-block-buttons center-on-mobile is-layout-flex wp-block-buttons-is-layout-flex\">\n<div class=\"wp-block-button\"><a class=\"wp-block-button__link has-white-color has-text-color has-link-color wp-element-button\" href=\"https:\/\/www.civare-navigation.com\/index.php\/formulaire-dinscription-a-lemploi-merite-pour-une-economie-durable-emed\/\">Inscription \u00e0 l&rsquo;EMED<\/a><\/div>\n<\/div>\n<\/div>\n<\/div>\n\n\n\n<div style=\"height:80px\" aria-hidden=\"true\" class=\"wp-block-spacer\"><\/div>\n\n\n\n<h2 class=\"wp-block-heading\"><strong><strong>Pourquoi choisir EMED ?<\/strong><\/strong><\/h2>\n\n\n\n<div style=\"height:16px\" aria-hidden=\"true\" class=\"wp-block-spacer\"><\/div>\n\n\n\n<div class=\"wp-block-columns is-layout-flex wp-container-core-columns-is-layout-9d6595d7 wp-block-columns-is-layout-flex\">\n<div class=\"wp-block-column is-layout-flow wp-block-column-is-layout-flow\" style=\"flex-basis:34.33%\">\n<div class=\"wp-block-group is-nowrap is-layout-flex wp-container-core-group-is-layout-ad2f72ca wp-block-group-is-layout-flex\">\n<div class=\"wp-block-group is-vertical is-layout-flex wp-container-core-group-is-layout-8cf370e7 wp-block-group-is-layout-flex\">\n<figure class=\"wp-block-image size-full is-resized\"><img loading=\"lazy\" decoding=\"async\" width=\"100\" height=\"100\" src=\"https:\/\/www.civare-navigation.com\/wp-content\/uploads\/2025\/06\/person-badge-fill.png\" alt=\"\" class=\"wp-image-4203\" style=\"width:60px\"\/><\/figure>\n\n\n\n<p><strong>Un Parcours Sur Mesure<\/strong><br>B\u00e9n\u00e9ficiez d\u2019un accompagnement individualis\u00e9 pour identifier vos comp\u00e9tences, affiner vos aspirations et cibler des emplois qui&nbsp;<em>allient sens et stabilit\u00e9<\/em>. Coaching personnalis\u00e9, formations adapt\u00e9es et outils innovants vous guident vers des m\u00e9tiers d\u2019avenir.<\/p>\n<\/div>\n\n\n\n<div style=\"height:100px;width:0px\" aria-hidden=\"true\" class=\"wp-block-spacer wp-container-content-fd3097a4\"><\/div>\n<\/div>\n<\/div>\n\n\n\n<div class=\"wp-block-column is-layout-flow wp-block-column-is-layout-flow\" style=\"flex-basis:34.33%\">\n<div class=\"wp-block-group is-nowrap is-layout-flex wp-container-core-group-is-layout-ad2f72ca wp-block-group-is-layout-flex\">\n<div class=\"wp-block-group is-vertical is-layout-flex wp-container-core-group-is-layout-8cf370e7 wp-block-group-is-layout-flex\">\n<figure class=\"wp-block-image size-full is-resized\"><img loading=\"lazy\" decoding=\"async\" width=\"101\" height=\"100\" src=\"https:\/\/www.civare-navigation.com\/wp-content\/uploads\/2025\/06\/tree-fill.png\" alt=\"\" class=\"wp-image-4204\" style=\"width:60px\"\/><\/figure>\n\n\n\n<p><strong>Des Opportunit\u00e9s Align\u00e9es sur la Durabilit\u00e9<\/strong><br>Trouvez un emploi qui respecte vos valeurs ! EMED vous connecte \u00e0 des entreprises engag\u00e9es dans la transition \u00e9cologique et sociale. Contribuez \u00e0 des secteurs cl\u00e9s comme les \u00e9nergies renouvelables, l\u2019\u00e9conomie circulaire ou l\u2019inclusion num\u00e9rique.<\/p>\n<\/div>\n\n\n\n<div style=\"height:100px;width:0px\" aria-hidden=\"true\" class=\"wp-block-spacer wp-container-content-fd3097a4\"><\/div>\n<\/div>\n<\/div>\n\n\n\n<div class=\"wp-block-column is-layout-flow wp-block-column-is-layout-flow\" style=\"flex-basis:31.33%\">\n<div class=\"wp-block-group is-vertical is-layout-flex wp-container-core-group-is-layout-8cf370e7 wp-block-group-is-layout-flex\">\n<figure class=\"wp-block-image size-full is-resized\"><img loading=\"lazy\" decoding=\"async\" width=\"101\" height=\"100\" src=\"https:\/\/www.civare-navigation.com\/wp-content\/uploads\/2025\/06\/graph-up.png\" alt=\"\" class=\"wp-image-4205\" style=\"width:60px\"\/><\/figure>\n\n\n\n<p><strong>Comp\u00e9tences x Emploi = Impact R\u00e9el<\/strong><br>Gr\u00e2ce \u00e0 notre syst\u00e8me d\u2019<strong>appariement intelligent<\/strong>, vos talents rencontrent les besoins des employeurs responsables. D\u00e9veloppez des expertises recherch\u00e9es et participez \u00e0 construire une \u00e9conomie&nbsp;<em>r\u00e9siliente et juste<\/em>.<\/p>\n<\/div>\n<\/div>\n<\/div>\n\n\n\n<div style=\"height:48px\" aria-hidden=\"true\" class=\"wp-block-spacer show-sm\"><\/div>\n\n\n\n<div style=\"height:80px\" aria-hidden=\"true\" class=\"wp-block-spacer hide-sm\"><\/div>\n\n\n\n<div class=\"wp-block-cover\"><span aria-hidden=\"true\" class=\"wp-block-cover__background has-background-dim-100 has-background-dim has-background-gradient\" style=\"background:linear-gradient(262deg,rgb(159,179,196) 0%,rgb(54,59,64) 100%)\"><\/span><div class=\"wp-block-cover__inner-container is-layout-constrained wp-block-cover-is-layout-constrained\">\n<div class=\"wp-block-columns is-layout-flex wp-container-core-columns-is-layout-9d6595d7 wp-block-columns-is-layout-flex\">\n<div class=\"wp-block-column is-layout-flow wp-block-column-is-layout-flow\" style=\"flex-basis:15%\"><\/div>\n\n\n\n<div class=\"wp-block-column is-layout-flow wp-block-column-is-layout-flow\" style=\"flex-basis:70%\">\n<h2 class=\"wp-block-heading has-text-align-center has-white-color has-text-color has-link-color wp-elements-2793af3c5c6bc16de77dfb2f46f435b1\"><strong><strong>Rejoignez le Mouvement EMED !<\/strong><\/strong><\/h2>\n\n\n\n<p class=\"has-text-align-center has-white-color has-text-color has-link-color wp-elements-c588354d8b070cd63fe0c578157bda97\">Que vous soyez en recherche d\u2019emploi, en reconversion ou en qu\u00eate de sens professionnel, EMED est votre alli\u00e9 pour :<\/p>\n\n\n\n<div class=\"wp-block-columns is-layout-flex wp-container-core-columns-is-layout-9d6595d7 wp-block-columns-is-layout-flex\">\n<div class=\"wp-block-column is-layout-flow wp-block-column-is-layout-flow\" style=\"flex-basis:30%\"><\/div>\n\n\n\n<div class=\"wp-block-column is-layout-flow wp-block-column-is-layout-flow\" style=\"flex-basis:40%\">\n<p class=\"has-text-align-left m-col has-white-color has-text-color has-link-color wp-elements-b91b477d95f58d840eb13725b902babb\"><img loading=\"lazy\" decoding=\"async\" width=\"6\" height=\"6\" class=\"wp-image-4209\" style=\"width: 6px;\" src=\"https:\/\/www.civare-navigation.com\/wp-content\/uploads\/2025\/06\/Vector-8.png\" alt=\"\">&nbsp; <strong>Trouver<\/strong>&nbsp;un poste durable et valorisant.<br><img loading=\"lazy\" decoding=\"async\" width=\"6\" height=\"6\" class=\"wp-image-4209\" style=\"width: 6px;\" src=\"https:\/\/www.civare-navigation.com\/wp-content\/uploads\/2025\/06\/Vector-8.png\" alt=\"\">  <strong>Vous Former<\/strong>&nbsp;aux m\u00e9tiers de demain.<br><img loading=\"lazy\" decoding=\"async\" width=\"6\" height=\"6\" class=\"wp-image-4209\" style=\"width: 6px;\" src=\"https:\/\/www.civare-navigation.com\/wp-content\/uploads\/2025\/06\/Vector-8.png\" alt=\"\">  <strong>Agir<\/strong>&nbsp;concr\u00e8tement pour le bien commun.<\/p>\n<\/div>\n\n\n\n<div class=\"wp-block-column is-layout-flow wp-block-column-is-layout-flow\" style=\"flex-basis:30%\"><\/div>\n<\/div>\n\n\n\n<p class=\"has-text-align-center has-white-color has-text-color has-link-color wp-elements-8bd70740a1bd7314c3bc1fd797b298d1\"><strong>Passez \u00e0 l\u2019action d\u00e8s aujourd\u2019hui !<\/strong><br>contactez un ambassadeur pour vous inscrire et laissez EMED transformer votre parcours en une success story durable.<\/p>\n\n\n\n<div style=\"height:24px\" aria-hidden=\"true\" class=\"wp-block-spacer\"><\/div>\n\n\n\n<div class=\"wp-block-buttons is-content-justification-center is-layout-flex wp-container-core-buttons-is-layout-16018d1d wp-block-buttons-is-layout-flex\">\n<div class=\"wp-block-button\"><a class=\"wp-block-button__link has-black-color has-white-background-color has-text-color has-background has-link-color wp-element-button\" href=\"https:\/\/wa.me\/69885537?text=Bonjour,%20je%20souhaite%20rejoindre%20le%20mouvement%20Emploi%20M\u00e9rit\u00e9%20pour%20une%20Economie%20Durable%20(EMED).\" target=\"_blank\" rel=\"noopener\"><strong>WhatsApp ambassadeur : +229 0169885537<\/strong><\/a><\/div>\n\n\n\n<div class=\"wp-block-button\"><a class=\"wp-block-button__link has-black-color has-white-background-color has-text-color has-background has-link-color wp-element-button\" href=\"https:\/\/www.civare-navigation.com\/index.php\/nos-offres-de-certifications-alignees-avec-les-odd\/\"><strong>Nos offres de certifications align\u00e9es avec les ODD<\/strong><\/a><\/div>\n<\/div>\n<\/div>\n\n\n\n<div class=\"wp-block-column is-layout-flow wp-block-column-is-layout-flow\" style=\"flex-basis:15%\"><\/div>\n<\/div>\n<\/div><\/div>\n\n\n\n<div style=\"height:48px\" aria-hidden=\"true\" class=\"wp-block-spacer show-sm\"><\/div>\n\n\n\n<div style=\"height:80px\" aria-hidden=\"true\" class=\"wp-block-spacer hide-sm\"><\/div>\n\n\n\n<h2 class=\"wp-block-heading\"><strong><strong>L\u2019Impact d\u2019EMED :<\/strong><\/strong><\/h2>\n\n\n\n<div class=\"wp-block-columns col-gap-sm is-layout-flex wp-container-core-columns-is-layout-9d6595d7 wp-block-columns-is-layout-flex\">\n<div class=\"wp-block-column is-layout-flow wp-block-column-is-layout-flow\" style=\"flex-basis:32%\">\n<blockquote class=\"wp-block-quote is-layout-flow wp-block-quote-is-layout-flow\" style=\"font-style:normal;font-weight:400\">\n<div class=\"wp-block-group is-vertical is-layout-flex wp-container-core-group-is-layout-8cf370e7 wp-block-group-is-layout-flex\">\n<p><strong>Pour vous<\/strong>&nbsp;: <\/p>\n\n\n\n<p>Une carri\u00e8re \u00e9panouissante, ancr\u00e9e dans des valeurs fortes.<\/p>\n<\/div>\n<\/blockquote>\n<\/div>\n\n\n\n<div class=\"wp-block-column hide-sm is-layout-flow wp-block-column-is-layout-flow\" style=\"flex-basis:2%\"><\/div>\n\n\n\n<div class=\"wp-block-column is-layout-flow wp-block-column-is-layout-flow\" style=\"flex-basis:32%\">\n<blockquote class=\"wp-block-quote is-layout-flow wp-block-quote-is-layout-flow\" style=\"font-style:normal;font-weight:400\">\n<div class=\"wp-block-group is-vertical is-layout-flex wp-container-core-group-is-layout-8cf370e7 wp-block-group-is-layout-flex\">\n<p><strong>Pour les entreprises<\/strong>&nbsp;:<\/p>\n\n\n\n<p>Des collaborateurs qualifi\u00e9s, motiv\u00e9s par l\u2019impact positif.<\/p>\n<\/div>\n<\/blockquote>\n<\/div>\n\n\n\n<div class=\"wp-block-column hide-sm is-layout-flow wp-block-column-is-layout-flow\" style=\"flex-basis:2%\"><\/div>\n\n\n\n<div class=\"wp-block-column is-layout-flow wp-block-column-is-layout-flow\" style=\"flex-basis:32%\">\n<blockquote class=\"wp-block-quote is-layout-flow wp-block-quote-is-layout-flow\" style=\"font-style:normal;font-weight:400\">\n<div class=\"wp-block-group is-vertical is-layout-flex wp-container-core-group-is-layout-8cf370e7 wp-block-group-is-layout-flex\">\n<p><strong>Pour la soci\u00e9t\u00e9<\/strong>&nbsp;: <\/p>\n\n\n\n<p>Une \u00e9conomie plus verte, inclusive et tourn\u00e9e vers l\u2019avenir.<\/p>\n<\/div>\n<\/blockquote>\n<\/div>\n<\/div>\n\n\n\n<div style=\"height:48px\" aria-hidden=\"true\" class=\"wp-block-spacer show-sm\"><\/div>\n\n\n\n<div style=\"height:80px\" aria-hidden=\"true\" class=\"wp-block-spacer hide-sm\"><\/div>\n\n\n\n<div class=\"wp-block-group is-vertical is-content-justification-center is-layout-flex wp-container-core-group-is-layout-4b2eccd6 wp-block-group-is-layout-flex\">\n<p class=\"has-text-align-center\"><em>\u00ab L\u2019emploi de demain se construit aujourd\u2019hui.<\/em> <\/p>\n\n\n\n<p class=\"has-text-align-center\"><em>Votre talent m\u00e9rite de rayonner. Avec EMED, donnez du sens \u00e0 chaque \u00e9tape de votre carri\u00e8re.<\/em><\/p>\n<\/div>\n\n\n\n<p class=\"has-text-align-center\"><strong>#EMED #\u00c9conomieDurable #Carri\u00e8reEngag\u00e9e #CIVARE<\/strong><\/p>\n\n\n\n<p class=\"has-text-align-center\"><strong>CIVARE<\/strong>&nbsp;\u2013 Osez l\u2019insertion, cultivez l\u2019impact.<\/p>\n<\/div><\/div>\n","protected":false},"excerpt":{"rendered":"<p>Emploi M\u00e9rit\u00e9 pour une \u00c9conomie Durable (EMED) EMED : Votre Carri\u00e8re au C\u0153ur d\u2019une \u00c9conomie Durable ! L\u2019Emploi M\u00e9rit\u00e9 pour une \u00c9conomie Durable (EMED), port\u00e9 par le CIVARE, est bien plus qu\u2019un accompagnement professionnel : c\u2019est un engagement pour votre avenir et celui de la plan\u00e8te. Pourquoi choisir EMED ? Un Parcours Sur MesureB\u00e9n\u00e9ficiez d\u2019un [&hellip;]<\/p>\n","protected":false},"author":1,"featured_media":0,"parent":0,"menu_order":0,"comment_status":"closed","ping_status":"closed","template":"","meta":{"ocean_post_layout":"","ocean_both_sidebars_style":"","ocean_both_sidebars_content_width":0,"ocean_both_sidebars_sidebars_width":0,"ocean_sidebar":"","ocean_second_sidebar":"","ocean_disable_margins":"enable","ocean_add_body_class":"","ocean_shortcode_before_top_bar":"","ocean_shortcode_after_top_bar":"","ocean_shortcode_before_header":"","ocean_shortcode_after_header":"","ocean_has_shortcode":"","ocean_shortcode_after_title":"","ocean_shortcode_before_footer_widgets":"","ocean_shortcode_after_footer_widgets":"","ocean_shortcode_before_footer_bottom":"","ocean_shortcode_after_footer_bottom":"","ocean_display_top_bar":"default","ocean_display_header":"default","ocean_header_style":"","ocean_center_header_left_menu":"","ocean_custom_header_template":"","ocean_custom_logo":0,"ocean_custom_retina_logo":0,"ocean_custom_logo_max_width":0,"ocean_custom_logo_tablet_max_width":0,"ocean_custom_logo_mobile_max_width":0,"ocean_custom_logo_max_height":0,"ocean_custom_logo_tablet_max_height":0,"ocean_custom_logo_mobile_max_height":0,"ocean_header_custom_menu":"","ocean_menu_typo_font_family":"","ocean_menu_typo_font_subset":"","ocean_menu_typo_font_size":0,"ocean_menu_typo_font_size_tablet":0,"ocean_menu_typo_font_size_mobile":0,"ocean_menu_typo_font_size_unit":"px","ocean_menu_typo_font_weight":"","ocean_menu_typo_font_weight_tablet":"","ocean_menu_typo_font_weight_mobile":"","ocean_menu_typo_transform":"","ocean_menu_typo_transform_tablet":"","ocean_menu_typo_transform_mobile":"","ocean_menu_typo_line_height":0,"ocean_menu_typo_line_height_tablet":0,"ocean_menu_typo_line_height_mobile":0,"ocean_menu_typo_line_height_unit":"","ocean_menu_typo_spacing":0,"ocean_menu_typo_spacing_tablet":0,"ocean_menu_typo_spacing_mobile":0,"ocean_menu_typo_spacing_unit":"","ocean_menu_link_color":"","ocean_menu_link_color_hover":"","ocean_menu_link_color_active":"","ocean_menu_link_background":"","ocean_menu_link_hover_background":"","ocean_menu_link_active_background":"","ocean_menu_social_links_bg":"","ocean_menu_social_hover_links_bg":"","ocean_menu_social_links_color":"","ocean_menu_social_hover_links_color":"","ocean_disable_title":"on","ocean_disable_heading":"default","ocean_post_title":"","ocean_post_subheading":"","ocean_post_title_style":"","ocean_post_title_background_color":"","ocean_post_title_background":0,"ocean_post_title_bg_image_position":"","ocean_post_title_bg_image_attachment":"","ocean_post_title_bg_image_repeat":"","ocean_post_title_bg_image_size":"","ocean_post_title_height":0,"ocean_post_title_bg_overlay":0.5,"ocean_post_title_bg_overlay_color":"","ocean_disable_breadcrumbs":"default","ocean_breadcrumbs_color":"","ocean_breadcrumbs_separator_color":"","ocean_breadcrumbs_links_color":"","ocean_breadcrumbs_links_hover_color":"","ocean_display_footer_widgets":"default","ocean_display_footer_bottom":"default","ocean_custom_footer_template":"","omw_enable_modal_window":"enable","footnotes":""},"class_list":["post-2194","page","type-page","status-publish","hentry","entry"],"_links":{"self":[{"href":"https:\/\/www.civare-navigation.com\/index.php\/wp-json\/wp\/v2\/pages\/2194","targetHints":{"allow":["GET"]}}],"collection":[{"href":"https:\/\/www.civare-navigation.com\/index.php\/wp-json\/wp\/v2\/pages"}],"about":[{"href":"https:\/\/www.civare-navigation.com\/index.php\/wp-json\/wp\/v2\/types\/page"}],"author":[{"embeddable":true,"href":"https:\/\/www.civare-navigation.com\/index.php\/wp-json\/wp\/v2\/users\/1"}],"replies":[{"embeddable":true,"href":"https:\/\/www.civare-navigation.com\/index.php\/wp-json\/wp\/v2\/comments?post=2194"}],"version-history":[{"count":34,"href":"https:\/\/www.civare-navigation.com\/index.php\/wp-json\/wp\/v2\/pages\/2194\/revisions"}],"predecessor-version":[{"id":6577,"href":"https:\/\/www.civare-navigation.com\/index.php\/wp-json\/wp\/v2\/pages\/2194\/revisions\/6577"}],"wp:attachment":[{"href":"https:\/\/www.civare-navigation.com\/index.php\/wp-json\/wp\/v2\/media?parent=2194"}],"curies":[{"name":"wp","href":"https:\/\/api.w.org\/{rel}","templated":true}]}}