{"id":2192,"date":"2025-05-07T12:50:37","date_gmt":"2025-05-07T10:50:37","guid":{"rendered":"https:\/\/www.civare-navigation.com\/?page_id=2192"},"modified":"2025-08-13T14:37:49","modified_gmt":"2025-08-13T12:37:49","slug":"reseau-professionnel-de-reference-rpr","status":"publish","type":"page","link":"https:\/\/www.civare-navigation.com\/index.php\/reseau-professionnel-de-reference-rpr\/","title":{"rendered":"R\u00e9seau Professionnel de R\u00e9f\u00e9rence (RPR)"},"content":{"rendered":"\n<div style=\"height:60px\" aria-hidden=\"true\" class=\"wp-block-spacer show-sm\"><\/div>\n\n\n\n<div style=\"height:80px\" aria-hidden=\"true\" class=\"wp-block-spacer hide-sm\"><\/div>\n\n\n\n<div class=\"wp-block-group\"><div class=\"wp-block-group__inner-container is-layout-constrained wp-block-group-is-layout-constrained\">\n<div class=\"wp-block-columns are-vertically-aligned-center is-layout-flex wp-container-core-columns-is-layout-9d6595d7 wp-block-columns-is-layout-flex\">\n<div class=\"wp-block-column is-vertically-aligned-center is-layout-flow wp-block-column-is-layout-flow\" style=\"flex-basis:48%\">\n<div class=\"wp-block-columns are-vertically-aligned-center is-layout-flex wp-container-core-columns-is-layout-9d6595d7 wp-block-columns-is-layout-flex\">\n<div class=\"wp-block-column hide-sm is-layout-flow wp-block-column-is-layout-flow\" style=\"flex-basis:5%\"><\/div>\n\n\n\n<div class=\"wp-block-column is-vertically-aligned-center absolute is-layout-flow wp-block-column-is-layout-flow\" style=\"flex-basis:20%\">\n<div class=\"wp-block-cover rpr-banner\" style=\"min-height:280px;aspect-ratio:unset;\"><span aria-hidden=\"true\" class=\"wp-block-cover__background has-background-dim-100 has-background-dim\" style=\"background-color:#343434\"><\/span><div class=\"wp-block-cover__inner-container is-layout-constrained wp-block-cover-is-layout-constrained\">\n<p class=\"has-text-align-center separator rpr-mt same-line has-white-color has-text-color has-link-color wp-elements-24431a078ed06ad80793eedb49d456e4\">RPR (P-NIP)<\/p>\n\n\n\n<hr class=\"wp-block-separator aligncenter has-text-color has-white-color has-alpha-channel-opacity has-white-background-color has-background separator center sep-w-sm\"\/>\n<\/div><\/div>\n<\/div>\n\n\n\n<div class=\"wp-block-column is-vertically-aligned-center rpr-img-sm is-layout-flow wp-block-column-is-layout-flow\" style=\"flex-basis:95%\">\n<figure class=\"wp-block-image size-large\"><img loading=\"lazy\" decoding=\"async\" width=\"1024\" height=\"1024\" src=\"https:\/\/www.civare-navigation.com\/wp-content\/uploads\/2025\/05\/Gemini_Generated_Image_6edwwu6edwwu6edw-1024x1024.jpg\" alt=\"\" class=\"wp-image-2121\" srcset=\"https:\/\/www.civare-navigation.com\/wp-content\/uploads\/2025\/05\/Gemini_Generated_Image_6edwwu6edwwu6edw-1024x1024.jpg 1024w, https:\/\/www.civare-navigation.com\/wp-content\/uploads\/2025\/05\/Gemini_Generated_Image_6edwwu6edwwu6edw-300x300.jpg 300w, https:\/\/www.civare-navigation.com\/wp-content\/uploads\/2025\/05\/Gemini_Generated_Image_6edwwu6edwwu6edw-150x150.jpg 150w, https:\/\/www.civare-navigation.com\/wp-content\/uploads\/2025\/05\/Gemini_Generated_Image_6edwwu6edwwu6edw-768x768.jpg 768w, https:\/\/www.civare-navigation.com\/wp-content\/uploads\/2025\/05\/Gemini_Generated_Image_6edwwu6edwwu6edw-1536x1536.jpg 1536w, https:\/\/www.civare-navigation.com\/wp-content\/uploads\/2025\/05\/Gemini_Generated_Image_6edwwu6edwwu6edw-600x600.jpg 600w, https:\/\/www.civare-navigation.com\/wp-content\/uploads\/2025\/05\/Gemini_Generated_Image_6edwwu6edwwu6edw.jpg 2048w\" sizes=\"auto, (max-width: 1024px) 100vw, 1024px\" \/><\/figure>\n<\/div>\n<\/div>\n<\/div>\n\n\n\n<div class=\"wp-block-column is-vertically-aligned-center hide-sm is-layout-flow wp-block-column-is-layout-flow\" style=\"flex-basis:4%\"><\/div>\n\n\n\n<div class=\"wp-block-column is-vertically-aligned-center is-layout-flow wp-block-column-is-layout-flow\" style=\"flex-basis:48%\">\n<h1 class=\"wp-block-heading title-sm-2 has-large-font-size\">R\u00e9seau Professionnel de R\u00e9f\u00e9rence (RPR)<\/h1>\n\n\n\n<div style=\"height:16px\" aria-hidden=\"true\" class=\"wp-block-spacer\"><\/div>\n\n\n\n<p><strong>Rejoignez le R\u00e9seau Professionnel de R\u00e9f\u00e9rence (RPR) : Votre Passerelle vers des Opportunit\u00e9s Illimit\u00e9es !<\/strong><\/p>\n\n\n\n<blockquote class=\"wp-block-quote is-style-default is-layout-flow wp-block-quote-is-layout-flow\">\n<p style=\"font-style:normal;font-weight:400\"><strong>Le R\u00e9seau Professionnel de R\u00e9f\u00e9rence (RPR)<\/strong>, port\u00e9 par le CIVARE, est bien plus qu\u2019un r\u00e9seau : c\u2019est une communaut\u00e9 dynamique o\u00f9 les carri\u00e8res s\u2019\u00e9panouissent, les id\u00e9es se partagent et les collaborations naissent.<\/p>\n<\/blockquote>\n\n\n\n<div style=\"height:16px\" aria-hidden=\"true\" class=\"wp-block-spacer\"><\/div>\n\n\n\n<div class=\"wp-block-buttons center-on-mobile is-layout-flex wp-block-buttons-is-layout-flex\">\n<div class=\"wp-block-button\"><a class=\"wp-block-button__link has-white-color has-text-color has-link-color wp-element-button\" href=\"https:\/\/www.civare-navigation.com\/index.php\/formulaire-dinscription-au-reseau-professionnel-de-reference-rpr\/\">Inscription au RPR<\/a><\/div>\n<\/div>\n<\/div>\n<\/div>\n\n\n\n<div style=\"height:48px\" aria-hidden=\"true\" class=\"wp-block-spacer show-sm\"><\/div>\n\n\n\n<div style=\"height:80px\" aria-hidden=\"true\" class=\"wp-block-spacer hide-sm\"><\/div>\n\n\n\n<h2 class=\"wp-block-heading\"><strong>Pourquoi adh\u00e9rer au RPR ?<\/strong><\/h2>\n\n\n\n<div class=\"wp-block-columns is-layout-flex wp-container-core-columns-is-layout-9d6595d7 wp-block-columns-is-layout-flex\">\n<div class=\"wp-block-column is-layout-flow wp-block-column-is-layout-flow\" style=\"flex-basis:34.33%\">\n<div class=\"wp-block-group is-nowrap is-layout-flex wp-container-core-group-is-layout-ad2f72ca wp-block-group-is-layout-flex\">\n<div class=\"wp-block-group is-vertical is-layout-flex wp-container-core-group-is-layout-8cf370e7 wp-block-group-is-layout-flex\">\n<figure class=\"wp-block-image size-full is-resized\"><img loading=\"lazy\" decoding=\"async\" width=\"100\" height=\"100\" src=\"https:\/\/www.civare-navigation.com\/wp-content\/uploads\/2025\/06\/diagram-3-fill-1.png\" alt=\"\" class=\"wp-image-4178\" style=\"width:60px\"\/><\/figure>\n\n\n\n<p><strong>\u00c9largissez Votre R\u00e9seau<\/strong><br>Connectez-vous \u00e0 des professionnels inspirants, des mentors exp\u00e9riment\u00e9s et des entrepreneurs engag\u00e9s. B\u00e9n\u00e9ficiez de&nbsp;<em>mentorat personnalis\u00e9<\/em>, participez \u00e0 des&nbsp;<em>\u00e9v\u00e9nements collaboratifs<\/em>&nbsp;et utilisez des&nbsp;<em>plateformes num\u00e9riques innovantes<\/em>&nbsp;pour \u00e9changer et grandir.<\/p>\n<\/div>\n\n\n\n<div style=\"height:100px;width:0px\" aria-hidden=\"true\" class=\"wp-block-spacer wp-container-content-fd3097a4\"><\/div>\n<\/div>\n<\/div>\n\n\n\n<div class=\"wp-block-column is-layout-flow wp-block-column-is-layout-flow\" style=\"flex-basis:34.33%\">\n<div class=\"wp-block-group is-nowrap is-layout-flex wp-container-core-group-is-layout-ad2f72ca wp-block-group-is-layout-flex\">\n<div class=\"wp-block-group is-vertical is-layout-flex wp-container-core-group-is-layout-8cf370e7 wp-block-group-is-layout-flex\">\n<figure class=\"wp-block-image size-full is-resized\"><img loading=\"lazy\" decoding=\"async\" width=\"100\" height=\"100\" src=\"https:\/\/www.civare-navigation.com\/wp-content\/uploads\/2025\/06\/gear-wide-connected-1.png\" alt=\"\" class=\"wp-image-4179\" style=\"width:60px\"\/><\/figure>\n\n\n\n<p><strong>Partagez et Apprenez<\/strong><br>Acc\u00e9dez \u00e0 des connaissances cl\u00e9s, des bonnes pratiques sectorielles et des retours d\u2019exp\u00e9rience. Que vous soyez en reconversion, en recherche d\u2019emploi ou en phase de d\u00e9veloppement d\u2019entreprise, le RPR est votre espace pour&nbsp;<em>apprendre, innover et briller<\/em>.<\/p>\n<\/div>\n\n\n\n<div style=\"height:100px;width:0px\" aria-hidden=\"true\" class=\"wp-block-spacer wp-container-content-fd3097a4\"><\/div>\n<\/div>\n<\/div>\n\n\n\n<div class=\"wp-block-column is-layout-flow wp-block-column-is-layout-flow\" style=\"flex-basis:31.33%\">\n<div class=\"wp-block-group is-vertical is-layout-flex wp-container-core-group-is-layout-8cf370e7 wp-block-group-is-layout-flex\">\n<figure class=\"wp-block-image size-full is-resized\"><img loading=\"lazy\" decoding=\"async\" width=\"100\" height=\"100\" src=\"https:\/\/www.civare-navigation.com\/wp-content\/uploads\/2025\/06\/broadcast-1.png\" alt=\"\" class=\"wp-image-4180\" style=\"width:60px\"\/><\/figure>\n\n\n\n<p><strong>Saisissez des Opportunit\u00e9s Concr\u00e8tes<\/strong><br>D\u00e9couvrez des offres d\u2019emploi cibl\u00e9es, des appels \u00e0 projets et des partenariats strat\u00e9giques. Le RPR transforme les rencontres en opportunit\u00e9s professionnelles&nbsp;<em>durables et align\u00e9es avec vos aspirations<\/em>.<\/p>\n<\/div>\n<\/div>\n<\/div>\n\n\n\n<div style=\"height:48px\" aria-hidden=\"true\" class=\"wp-block-spacer show-sm\"><\/div>\n\n\n\n<div style=\"height:80px\" aria-hidden=\"true\" class=\"wp-block-spacer hide-sm\"><\/div>\n\n\n\n<div class=\"wp-block-cover\"><span aria-hidden=\"true\" class=\"wp-block-cover__background has-background-dim-100 has-background-dim has-background-gradient\" style=\"background:linear-gradient(262deg,rgb(159,179,196) 0%,rgb(54,59,64) 100%)\"><\/span><div class=\"wp-block-cover__inner-container is-layout-constrained wp-block-cover-is-layout-constrained\">\n<div class=\"wp-block-columns is-layout-flex wp-container-core-columns-is-layout-9d6595d7 wp-block-columns-is-layout-flex\">\n<div class=\"wp-block-column is-layout-flow wp-block-column-is-layout-flow\" style=\"flex-basis:15%\"><\/div>\n\n\n\n<div class=\"wp-block-column is-layout-flow wp-block-column-is-layout-flow\" style=\"flex-basis:70%\">\n<h2 class=\"wp-block-heading has-text-align-center has-white-color has-text-color has-link-color wp-elements-c550ceb55fc14fd53388e5aca4c7295f\"><strong>Pr\u00eat \u00e0 propulser votre avenir ?<\/strong><\/h2>\n\n\n\n<p class=\"has-text-align-center has-white-color has-text-color has-link-color wp-elements-7608e3dcb5b9bbd3e478e6db9e3fa83c\">Que vous soyez jeune dipl\u00f4m\u00e9, professionnel en transition ou entrepreneur visionnaire, le RPR vous ouvre les portes d\u2019un \u00e9cosyst\u00e8me bienveillant et ambitieux.<\/p>\n\n\n\n<p class=\"has-text-align-center has-white-color has-text-color has-link-color wp-elements-9813c4a09aa50a22901617194fe97ab9\"><strong>Rejoignez le RPR d\u00e8s aujourd\u2019hui et faites partie d\u2019un r\u00e9seau qui transforme les connexions en r\u00e9ussites !<\/strong> <strong>\u00c9crivez \u00e0 un ambassadeur pour adh\u00e9rer maintenant.<\/strong><\/p>\n\n\n\n<div style=\"height:24px\" aria-hidden=\"true\" class=\"wp-block-spacer\"><\/div>\n\n\n\n<div class=\"wp-block-buttons is-content-justification-center is-layout-flex wp-container-core-buttons-is-layout-16018d1d wp-block-buttons-is-layout-flex\">\n<div class=\"wp-block-button\"><a class=\"wp-block-button__link has-black-color has-white-background-color has-text-color has-background has-link-color wp-element-button\" href=\"https:\/\/wa.me\/69885537?text=Bonjour,%20je%20souhaite%20rejoindre%20le%20R\u00e9seau%20Professionnel%20de%20R\u00e9f\u00e9rence%20(RPR).\" target=\"_blank\" rel=\"noopener\"><strong>WhatsApp ambassadeur : +229 0169885537<\/strong><\/a><\/div>\n<\/div>\n<\/div>\n\n\n\n<div class=\"wp-block-column is-layout-flow wp-block-column-is-layout-flow\" style=\"flex-basis:15%\"><\/div>\n<\/div>\n<\/div><\/div>\n\n\n\n<div style=\"height:48px\" aria-hidden=\"true\" class=\"wp-block-spacer show-sm\"><\/div>\n\n\n\n<div style=\"height:80px\" aria-hidden=\"true\" class=\"wp-block-spacer hide-sm\"><\/div>\n\n\n\n<h2 class=\"wp-block-heading\"><strong>L\u2019Impact du RPR :<\/strong><\/h2>\n\n\n\n<div class=\"wp-block-columns col-gap-sm is-layout-flex wp-container-core-columns-is-layout-9d6595d7 wp-block-columns-is-layout-flex\">\n<div class=\"wp-block-column is-layout-flow wp-block-column-is-layout-flow\" style=\"flex-basis:50%\">\n<blockquote class=\"wp-block-quote is-layout-flow wp-block-quote-is-layout-flow\" style=\"font-style:normal;font-weight:400\">\n<div class=\"wp-block-group is-vertical is-layout-flex wp-container-core-group-is-layout-8cf370e7 wp-block-group-is-layout-flex\">\n<p><strong>Pour vous<\/strong>&nbsp;: <\/p>\n\n\n\n<p>Un r\u00e9seau solide pour booster votre parcours, des outils pour vous d\u00e9marquer.<\/p>\n<\/div>\n<\/blockquote>\n<\/div>\n\n\n\n<div class=\"wp-block-column is-layout-flow wp-block-column-is-layout-flow\" style=\"flex-basis:50%\">\n<blockquote class=\"wp-block-quote is-layout-flow wp-block-quote-is-layout-flow\" style=\"font-style:normal;font-weight:400\">\n<div class=\"wp-block-group is-vertical is-layout-flex wp-container-core-group-is-layout-8cf370e7 wp-block-group-is-layout-flex\">\n<p><strong>Pour la communaut\u00e9<\/strong>&nbsp;: <\/p>\n\n\n\n<p>Une synergie collective qui renforce l\u2019\u00e9conomie locale et cr\u00e9e des emplois p\u00e9rennes.<\/p>\n<\/div>\n<\/blockquote>\n<\/div>\n<\/div>\n\n\n\n<div style=\"height:48px\" aria-hidden=\"true\" class=\"wp-block-spacer show-sm\"><\/div>\n\n\n\n<div style=\"height:80px\" aria-hidden=\"true\" class=\"wp-block-spacer hide-sm\"><\/div>\n\n\n\n<p class=\"has-text-align-center\"><em>\u00ab Seul on va plus vite, ensemble on va plus loin. \u00bb<\/em><br><em>Rejoignez une communaut\u00e9 o\u00f9 chaque connexion compte.<\/em><\/p>\n\n\n\n<p class=\"has-text-align-center\"><strong>#RPR #R\u00e9seauPro #InsertionProfessionnelle #CIVARE<\/strong><\/p>\n<\/div><\/div>\n\n\n\n<p class=\"has-text-align-center has-black-color has-text-color has-link-color wp-elements-adbdcdc59b765f865b16410ee910be04\"><strong>CIVARE<\/strong>&nbsp;\u2013 Osez l\u2019insertion, cultivez l\u2019impact.<\/p>\n","protected":false},"excerpt":{"rendered":"<p>R\u00e9seau Professionnel de R\u00e9f\u00e9rence (RPR) Rejoignez le R\u00e9seau Professionnel de R\u00e9f\u00e9rence (RPR) : Votre Passerelle vers des Opportunit\u00e9s Illimit\u00e9es ! Le R\u00e9seau Professionnel de R\u00e9f\u00e9rence (RPR), port\u00e9 par le CIVARE, est bien plus qu\u2019un r\u00e9seau : c\u2019est une communaut\u00e9 dynamique o\u00f9 les carri\u00e8res s\u2019\u00e9panouissent, les id\u00e9es se partagent et les collaborations naissent. Pourquoi adh\u00e9rer au [&hellip;]<\/p>\n","protected":false},"author":1,"featured_media":0,"parent":0,"menu_order":0,"comment_status":"closed","ping_status":"closed","template":"","meta":{"ocean_post_layout":"","ocean_both_sidebars_style":"","ocean_both_sidebars_content_width":0,"ocean_both_sidebars_sidebars_width":0,"ocean_sidebar":"","ocean_second_sidebar":"","ocean_disable_margins":"enable","ocean_add_body_class":"","ocean_shortcode_before_top_bar":"","ocean_shortcode_after_top_bar":"","ocean_shortcode_before_header":"","ocean_shortcode_after_header":"","ocean_has_shortcode":"","ocean_shortcode_after_title":"","ocean_shortcode_before_footer_widgets":"","ocean_shortcode_after_footer_widgets":"","ocean_shortcode_before_footer_bottom":"","ocean_shortcode_after_footer_bottom":"","ocean_display_top_bar":"default","ocean_display_header":"default","ocean_header_style":"","ocean_center_header_left_menu":"","ocean_custom_header_template":"","ocean_custom_logo":0,"ocean_custom_retina_logo":0,"ocean_custom_logo_max_width":0,"ocean_custom_logo_tablet_max_width":0,"ocean_custom_logo_mobile_max_width":0,"ocean_custom_logo_max_height":0,"ocean_custom_logo_tablet_max_height":0,"ocean_custom_logo_mobile_max_height":0,"ocean_header_custom_menu":"","ocean_menu_typo_font_family":"","ocean_menu_typo_font_subset":"","ocean_menu_typo_font_size":0,"ocean_menu_typo_font_size_tablet":0,"ocean_menu_typo_font_size_mobile":0,"ocean_menu_typo_font_size_unit":"px","ocean_menu_typo_font_weight":"","ocean_menu_typo_font_weight_tablet":"","ocean_menu_typo_font_weight_mobile":"","ocean_menu_typo_transform":"","ocean_menu_typo_transform_tablet":"","ocean_menu_typo_transform_mobile":"","ocean_menu_typo_line_height":0,"ocean_menu_typo_line_height_tablet":0,"ocean_menu_typo_line_height_mobile":0,"ocean_menu_typo_line_height_unit":"","ocean_menu_typo_spacing":0,"ocean_menu_typo_spacing_tablet":0,"ocean_menu_typo_spacing_mobile":0,"ocean_menu_typo_spacing_unit":"","ocean_menu_link_color":"","ocean_menu_link_color_hover":"","ocean_menu_link_color_active":"","ocean_menu_link_background":"","ocean_menu_link_hover_background":"","ocean_menu_link_active_background":"","ocean_menu_social_links_bg":"","ocean_menu_social_hover_links_bg":"","ocean_menu_social_links_color":"","ocean_menu_social_hover_links_color":"","ocean_disable_title":"on","ocean_disable_heading":"default","ocean_post_title":"","ocean_post_subheading":"","ocean_post_title_style":"","ocean_post_title_background_color":"","ocean_post_title_background":0,"ocean_post_title_bg_image_position":"","ocean_post_title_bg_image_attachment":"","ocean_post_title_bg_image_repeat":"","ocean_post_title_bg_image_size":"","ocean_post_title_height":0,"ocean_post_title_bg_overlay":0.5,"ocean_post_title_bg_overlay_color":"","ocean_disable_breadcrumbs":"default","ocean_breadcrumbs_color":"","ocean_breadcrumbs_separator_color":"","ocean_breadcrumbs_links_color":"","ocean_breadcrumbs_links_hover_color":"","ocean_display_footer_widgets":"default","ocean_display_footer_bottom":"default","ocean_custom_footer_template":"","omw_enable_modal_window":"enable","footnotes":""},"class_list":["post-2192","page","type-page","status-publish","hentry","entry"],"_links":{"self":[{"href":"https:\/\/www.civare-navigation.com\/index.php\/wp-json\/wp\/v2\/pages\/2192","targetHints":{"allow":["GET"]}}],"collection":[{"href":"https:\/\/www.civare-navigation.com\/index.php\/wp-json\/wp\/v2\/pages"}],"about":[{"href":"https:\/\/www.civare-navigation.com\/index.php\/wp-json\/wp\/v2\/types\/page"}],"author":[{"embeddable":true,"href":"https:\/\/www.civare-navigation.com\/index.php\/wp-json\/wp\/v2\/users\/1"}],"replies":[{"embeddable":true,"href":"https:\/\/www.civare-navigation.com\/index.php\/wp-json\/wp\/v2\/comments?post=2192"}],"version-history":[{"count":69,"href":"https:\/\/www.civare-navigation.com\/index.php\/wp-json\/wp\/v2\/pages\/2192\/revisions"}],"predecessor-version":[{"id":6802,"href":"https:\/\/www.civare-navigation.com\/index.php\/wp-json\/wp\/v2\/pages\/2192\/revisions\/6802"}],"wp:attachment":[{"href":"https:\/\/www.civare-navigation.com\/index.php\/wp-json\/wp\/v2\/media?parent=2192"}],"curies":[{"name":"wp","href":"https:\/\/api.w.org\/{rel}","templated":true}]}}