{"id":2177,"date":"2025-05-07T12:18:12","date_gmt":"2025-05-07T10:18:12","guid":{"rendered":"https:\/\/www.civare-navigation.com\/?page_id=2177"},"modified":"2025-07-12T12:15:27","modified_gmt":"2025-07-12T10:15:27","slug":"programme-national-dinsertion-professionnelle-p-nip","status":"publish","type":"page","link":"https:\/\/www.civare-navigation.com\/index.php\/programme-national-dinsertion-professionnelle-p-nip\/","title":{"rendered":"Programme National d\u2019Insertion Professionnelle (P-NIP)"},"content":{"rendered":"\n<div class=\"wp-block-group\"><div class=\"wp-block-group__inner-container is-layout-constrained wp-block-group-is-layout-constrained\">\n<div style=\"height:60px\" aria-hidden=\"true\" class=\"wp-block-spacer show-sm\"><\/div>\n\n\n\n<div style=\"height:110px\" aria-hidden=\"true\" class=\"wp-block-spacer hide-sm\"><\/div>\n\n\n\n<div class=\"wp-block-columns is-layout-flex wp-container-core-columns-is-layout-9d6595d7 wp-block-columns-is-layout-flex\">\n<div class=\"wp-block-column is-layout-flow wp-block-column-is-layout-flow\" style=\"flex-basis:65%\">\n<h1 class=\"wp-block-heading title-sm has-large-font-size\">Programme National d\u2019Insertion Professionnelle (P-NIP)<\/h1>\n\n\n\n<div class=\"wp-block-group is-vertical is-layout-flex wp-container-core-group-is-layout-8cf370e7 wp-block-group-is-layout-flex\">\n<p><strong>Transformez votre avenir professionnel et construisez une \u00e9conomie durable avec le PNIP !<\/strong><\/p>\n\n\n\n<p><strong>Le Programme National d\u2019Insertion Professionnelle (PNIP)<\/strong>, port\u00e9 par le CIVARE, est bien plus qu\u2019un programme : c\u2019est une r\u00e9volution collective pour l\u2019emploi, l\u2019entrepreneuriat et la responsabilit\u00e9 soci\u00e9tale.<\/p>\n\n\n\n<div style=\"height:0px\" aria-hidden=\"true\" class=\"wp-block-spacer wp-container-content-c42f3963\"><\/div>\n\n\n\n<h2 class=\"wp-block-heading\"><strong>D\u00e9couvrez nos trois piliers compl\u00e9mentaires :<\/strong><\/h2>\n\n\n\n<div style=\"height:0px\" aria-hidden=\"true\" class=\"wp-block-spacer wp-container-content-f2708022\"><\/div>\n\n\n\n<div class=\"wp-block-columns col-gap-sm is-layout-flex wp-container-core-columns-is-layout-9d6595d7 wp-block-columns-is-layout-flex\">\n<div class=\"wp-block-column is-layout-flow wp-block-column-is-layout-flow\" style=\"flex-basis:10%\">\n<p class=\"has-text-color has-link-color wp-elements-04d4f7713ff6869def02ce65619362fd\" style=\"color:#dcdcdc;font-size:56px\"><strong>01<\/strong><\/p>\n<\/div>\n\n\n\n<div class=\"wp-block-column is-layout-flow wp-block-column-is-layout-flow\" style=\"flex-basis:90%\">\n<div class=\"wp-block-group is-vertical is-layout-flex wp-container-core-group-is-layout-8cf370e7 wp-block-group-is-layout-flex\">\n<p style=\"text-transform:uppercase\"><strong><a href=\"https:\/\/www.civare-navigation.com\/index.php\/reseau-professionnel-de-reference-rpr\/\">R\u00e9seau Professionnel de R\u00e9f\u00e9rence (RPR)<\/a><\/strong><\/p>\n\n\n\n<p>\u00c9largissez vos horizons gr\u00e2ce \u00e0 un r\u00e9seau dynamique ! Mentoring, \u00e9v\u00e9nements collaboratifs et plateformes num\u00e9riques vous connectent \u00e0 des opportunit\u00e9s concr\u00e8tes.&nbsp;<em>Votre carri\u00e8re prend son envol, notre \u00e9conomie gagne en synergie.<\/em><\/p>\n<\/div>\n\n\n\n<div style=\"height:24px\" aria-hidden=\"true\" class=\"wp-block-spacer\"><\/div>\n<\/div>\n<\/div>\n\n\n\n<div class=\"wp-block-columns col-gap-sm is-layout-flex wp-container-core-columns-is-layout-9d6595d7 wp-block-columns-is-layout-flex\">\n<div class=\"wp-block-column is-layout-flow wp-block-column-is-layout-flow\" style=\"flex-basis:10%\">\n<p class=\"has-text-color has-link-color wp-elements-8082299cd41620450af35d8cd06a3dd3\" style=\"color:#dcdcdc;font-size:56px\"><strong>02<\/strong><\/p>\n<\/div>\n\n\n\n<div class=\"wp-block-column is-layout-flow wp-block-column-is-layout-flow\" style=\"flex-basis:90%\">\n<div class=\"wp-block-group is-vertical is-layout-flex wp-container-core-group-is-layout-8cf370e7 wp-block-group-is-layout-flex\">\n<p style=\"text-transform:uppercase\"><strong><a href=\"https:\/\/www.civare-navigation.com\/index.php\/emploi-merite-pour-une-economie-durable-emed\/\">Emploi M\u00e9rit\u00e9 pour une \u00c9conomie Durable (EMED)<\/a><\/strong><\/p>\n\n\n\n<p>Trouvez un emploi qui a du sens ! B\u00e9n\u00e9ficiez d\u2019un accompagnement sur mesure (formations, conseils, appariement comp\u00e9tences-emplois) et contribuez \u00e0 des m\u00e9tiers align\u00e9s sur la durabilit\u00e9 environnementale et sociale.&nbsp;<em>Votre talent, moteur d\u2019une \u00e9conomie r\u00e9siliente.<\/em><\/p>\n<\/div>\n\n\n\n<div style=\"height:24px\" aria-hidden=\"true\" class=\"wp-block-spacer\"><\/div>\n<\/div>\n<\/div>\n\n\n\n<div class=\"wp-block-columns col-gap-sm is-layout-flex wp-container-core-columns-is-layout-9d6595d7 wp-block-columns-is-layout-flex\">\n<div class=\"wp-block-column is-layout-flow wp-block-column-is-layout-flow\" style=\"flex-basis:10%\">\n<p class=\"has-text-color has-link-color wp-elements-a1d0c25d5deacc63e498afa50570acb0\" style=\"color:#dcdcdc;font-size:56px\"><strong>03<\/strong><\/p>\n<\/div>\n\n\n\n<div class=\"wp-block-column is-layout-flow wp-block-column-is-layout-flow\" style=\"flex-basis:90%\">\n<div class=\"wp-block-group is-vertical is-layout-flex wp-container-core-group-is-layout-8cf370e7 wp-block-group-is-layout-flex\">\n<p style=\"text-transform:uppercase\"><strong><a href=\"https:\/\/www.civare-navigation.com\/index.php\/ordre-national-de-la-responsabilite-societale-des-entreprises-onrse\/\">Ordre National de la RSE (ONRSE)<\/a><\/strong><\/p>\n\n\n\n<p>Entreprises, devenez actrices du changement ! Certifications, partenariats et cadres \u00e9thiques vous aident \u00e0 int\u00e9grer les ODD dans votre ADN.&nbsp;<em>Votre engagement fa\u00e7onne un monde plus \u00e9quitable et durable.<\/em><\/p>\n<\/div>\n\n\n\n<div style=\"height:24px\" aria-hidden=\"true\" class=\"wp-block-spacer\"><\/div>\n<\/div>\n<\/div>\n<\/div>\n<\/div>\n\n\n\n<div class=\"wp-block-column hide-sm is-layout-flow wp-block-column-is-layout-flow\" style=\"flex-basis:1.66%\"><\/div>\n\n\n\n<div class=\"wp-block-column is-layout-flow wp-block-column-is-layout-flow\" style=\"flex-basis:33.33%\">\n<div class=\"wp-block-cover\"><img loading=\"lazy\" decoding=\"async\" width=\"1024\" height=\"1024\" class=\"wp-block-cover__image-background wp-image-2433 size-large\" alt=\"\" src=\"https:\/\/www.civare-navigation.com\/wp-content\/uploads\/2025\/05\/Gemini_Generated_Image_hw4kj4hw4kj4hw4k-1-1024x1024.jpeg\" data-object-fit=\"cover\" srcset=\"https:\/\/www.civare-navigation.com\/wp-content\/uploads\/2025\/05\/Gemini_Generated_Image_hw4kj4hw4kj4hw4k-1-1024x1024.jpeg 1024w, https:\/\/www.civare-navigation.com\/wp-content\/uploads\/2025\/05\/Gemini_Generated_Image_hw4kj4hw4kj4hw4k-1-300x300.jpeg 300w, https:\/\/www.civare-navigation.com\/wp-content\/uploads\/2025\/05\/Gemini_Generated_Image_hw4kj4hw4kj4hw4k-1-150x150.jpeg 150w, https:\/\/www.civare-navigation.com\/wp-content\/uploads\/2025\/05\/Gemini_Generated_Image_hw4kj4hw4kj4hw4k-1-768x768.jpeg 768w, https:\/\/www.civare-navigation.com\/wp-content\/uploads\/2025\/05\/Gemini_Generated_Image_hw4kj4hw4kj4hw4k-1-1536x1536.jpeg 1536w, https:\/\/www.civare-navigation.com\/wp-content\/uploads\/2025\/05\/Gemini_Generated_Image_hw4kj4hw4kj4hw4k-1-600x600.jpeg 600w, https:\/\/www.civare-navigation.com\/wp-content\/uploads\/2025\/05\/Gemini_Generated_Image_hw4kj4hw4kj4hw4k-1.jpeg 2048w\" sizes=\"auto, (max-width: 1024px) 100vw, 1024px\" \/><span aria-hidden=\"true\" class=\"wp-block-cover__background has-background-dim-80 has-background-dim wp-block-cover__gradient-background has-background-gradient\" style=\"background:linear-gradient(135deg,rgb(6,147,227) 0%,rgb(203,159,0) 100%)\"><\/span><div class=\"wp-block-cover__inner-container is-layout-constrained wp-block-cover-is-layout-constrained\">\n<div class=\"wp-block-columns is-layout-flex wp-container-core-columns-is-layout-9d6595d7 wp-block-columns-is-layout-flex\">\n<div class=\"wp-block-column hide-sm is-layout-flow wp-block-column-is-layout-flow\" style=\"flex-basis:2%\"><\/div>\n\n\n\n<div class=\"wp-block-column is-layout-flow wp-block-column-is-layout-flow\" style=\"flex-basis:96%\">\n<div style=\"height:16px\" aria-hidden=\"true\" class=\"wp-block-spacer\"><\/div>\n\n\n\n<p class=\"has-text-align-center has-white-color has-text-color has-link-color has-medium-font-size wp-elements-d53dffd76dac976e6f2a51e112a09d5e\"><strong>Rejoignez le mouvement PNIP d\u00e8s aujourd\u2019hui !<br><\/strong><\/p>\n\n\n\n<div style=\"height:16px\" aria-hidden=\"true\" class=\"wp-block-spacer\"><\/div>\n\n\n\n<p class=\"has-text-align-center has-white-color has-text-color has-link-color wp-elements-59d3b65a2e6189e2caf9491e35835792\">Que vous soyez en recherche d\u2019emploi, en reconversion ou dirigeant d\u2019entreprise, le PNIP est votre levier pour agir, progresser et inspirer.<\/p>\n\n\n\n<p class=\"has-text-align-center has-white-color has-text-color has-link-color wp-elements-461ae949edad6bb89104464d04b6f7a8\"><em>Ensemble, faisons de l\u2019insertion professionnelle un tremplin vers une \u00e9conomie durable et inclusive.<\/em><\/p>\n\n\n\n<p class=\"has-text-align-center has-white-color has-text-color has-link-color wp-elements-e4a6192488bf5dede020d7d8cd036a7f\"><strong>\u00c9crivez \u00e0 un ambassadeur pour adh\u00e9rer maintenant et devenez un acteur cl\u00e9 de la transformation !<\/strong><\/p>\n\n\n\n<div class=\"wp-block-buttons is-content-justification-center is-layout-flex wp-container-core-buttons-is-layout-16018d1d wp-block-buttons-is-layout-flex\">\n<div class=\"wp-block-button btn-gap\"><a class=\"wp-block-button__link has-black-color has-white-background-color has-text-color has-background has-link-color has-text-align-center wp-element-button\" href=\"https:\/\/wa.me\/69885537?text=Bonjour,%20je%20souhaite%20rejoindre%20le%20Programme%20National%20d%27Insertion%20Professionnelle%20(P-NIP).\" target=\"_blank\" rel=\"noopener\"><strong>WhatsApp ambassadeur :<\/strong> <strong>+229 0169885537<\/strong><\/a><\/div>\n<\/div>\n\n\n\n<div style=\"height:16px\" aria-hidden=\"true\" class=\"wp-block-spacer\"><\/div>\n<\/div>\n\n\n\n<div class=\"wp-block-column hide-sm is-layout-flow wp-block-column-is-layout-flow\" style=\"flex-basis:2%\"><\/div>\n<\/div>\n<\/div><\/div>\n<\/div>\n<\/div>\n\n\n\n<div style=\"height:80px\" aria-hidden=\"true\" class=\"wp-block-spacer\"><\/div>\n\n\n\n<h2 class=\"wp-block-heading\"><strong>Synergie PNIP : Un \u00e9cosyst\u00e8me gagnant-gagnant !<\/strong><\/h2>\n\n\n\n<div style=\"height:24px\" aria-hidden=\"true\" class=\"wp-block-spacer\"><\/div>\n\n\n\n<div class=\"wp-block-columns col-gap-sm is-layout-flex wp-container-core-columns-is-layout-9d6595d7 wp-block-columns-is-layout-flex\">\n<div class=\"wp-block-column is-layout-flow wp-block-column-is-layout-flow\" style=\"flex-basis:33.33%\">\n<blockquote class=\"wp-block-quote is-layout-flow wp-block-quote-is-layout-flow\">\n<div class=\"wp-block-group is-vertical is-layout-flex wp-container-core-group-is-layout-8cf370e7 wp-block-group-is-layout-flex\">\n<p style=\"font-style:normal;font-weight:400\"><strong>Pour vous, professionnels<\/strong>&nbsp;: <\/p>\n\n\n\n<p style=\"font-style:normal;font-weight:400\">Des outils et un r\u00e9seau pour booster votre parcours.<\/p>\n<\/div>\n<\/blockquote>\n<\/div>\n\n\n\n<div class=\"wp-block-column is-layout-flow wp-block-column-is-layout-flow\" style=\"flex-basis:33.33%\">\n<blockquote class=\"wp-block-quote is-layout-flow wp-block-quote-is-layout-flow\">\n<div class=\"wp-block-group is-vertical is-layout-flex wp-container-core-group-is-layout-8cf370e7 wp-block-group-is-layout-flex\">\n<p style=\"font-style:normal;font-weight:400\"><strong>Pour les entreprises<\/strong>&nbsp;:<\/p>\n\n\n\n<p style=\"font-style:normal;font-weight:400\">Des pratiques responsables qui renforcent votre impact et votre croissance.<\/p>\n<\/div>\n<\/blockquote>\n<\/div>\n\n\n\n<div class=\"wp-block-column is-layout-flow wp-block-column-is-layout-flow\" style=\"flex-basis:33.33%\">\n<blockquote class=\"wp-block-quote is-layout-flow wp-block-quote-is-layout-flow\">\n<div class=\"wp-block-group is-vertical is-layout-flex wp-container-core-group-is-layout-8cf370e7 wp-block-group-is-layout-flex\">\n<p style=\"font-style:normal;font-weight:400\"><strong>Pour l\u2019\u00e9conomie<\/strong>&nbsp;:<\/p>\n\n\n\n<p style=\"font-style:normal;font-weight:400\">Une main-d\u2019\u0153uvre qualifi\u00e9e + des entreprises engag\u00e9es = une soci\u00e9t\u00e9 r\u00e9siliente.<\/p>\n<\/div>\n<\/blockquote>\n<\/div>\n<\/div>\n\n\n\n<div style=\"height:48px\" aria-hidden=\"true\" class=\"wp-block-spacer show-sm\"><\/div>\n\n\n\n<div style=\"height:80px\" aria-hidden=\"true\" class=\"wp-block-spacer hide-sm\"><\/div>\n\n\n\n<p class=\"has-text-align-center\"><strong>CIVARE<\/strong>&nbsp;\u2013 Osez l\u2019insertion, cultivez l\u2019impact.<\/p>\n\n\n\n<p class=\"has-text-align-center\"><em>#PNIP #InsertionDurable #RSE #AvenirProfessionnel<\/em><\/p>\n<\/div><\/div>\n","protected":false},"excerpt":{"rendered":"<p>Programme National d\u2019Insertion Professionnelle (P-NIP) Transformez votre avenir professionnel et construisez une \u00e9conomie durable avec le PNIP ! Le Programme National d\u2019Insertion Professionnelle (PNIP), port\u00e9 par le CIVARE, est bien plus qu\u2019un programme : c\u2019est une r\u00e9volution collective pour l\u2019emploi, l\u2019entrepreneuriat et la responsabilit\u00e9 soci\u00e9tale. D\u00e9couvrez nos trois piliers compl\u00e9mentaires : 01 R\u00e9seau Professionnel de [&hellip;]<\/p>\n","protected":false},"author":1,"featured_media":0,"parent":0,"menu_order":0,"comment_status":"closed","ping_status":"closed","template":"","meta":{"ocean_post_layout":"","ocean_both_sidebars_style":"","ocean_both_sidebars_content_width":0,"ocean_both_sidebars_sidebars_width":0,"ocean_sidebar":"","ocean_second_sidebar":"","ocean_disable_margins":"enable","ocean_add_body_class":"","ocean_shortcode_before_top_bar":"","ocean_shortcode_after_top_bar":"","ocean_shortcode_before_header":"","ocean_shortcode_after_header":"","ocean_has_shortcode":"","ocean_shortcode_after_title":"","ocean_shortcode_before_footer_widgets":"","ocean_shortcode_after_footer_widgets":"","ocean_shortcode_before_footer_bottom":"","ocean_shortcode_after_footer_bottom":"","ocean_display_top_bar":"default","ocean_display_header":"default","ocean_header_style":"","ocean_center_header_left_menu":"","ocean_custom_header_template":"","ocean_custom_logo":0,"ocean_custom_retina_logo":0,"ocean_custom_logo_max_width":0,"ocean_custom_logo_tablet_max_width":0,"ocean_custom_logo_mobile_max_width":0,"ocean_custom_logo_max_height":0,"ocean_custom_logo_tablet_max_height":0,"ocean_custom_logo_mobile_max_height":0,"ocean_header_custom_menu":"","ocean_menu_typo_font_family":"","ocean_menu_typo_font_subset":"","ocean_menu_typo_font_size":0,"ocean_menu_typo_font_size_tablet":0,"ocean_menu_typo_font_size_mobile":0,"ocean_menu_typo_font_size_unit":"px","ocean_menu_typo_font_weight":"","ocean_menu_typo_font_weight_tablet":"","ocean_menu_typo_font_weight_mobile":"","ocean_menu_typo_transform":"","ocean_menu_typo_transform_tablet":"","ocean_menu_typo_transform_mobile":"","ocean_menu_typo_line_height":0,"ocean_menu_typo_line_height_tablet":0,"ocean_menu_typo_line_height_mobile":0,"ocean_menu_typo_line_height_unit":"","ocean_menu_typo_spacing":0,"ocean_menu_typo_spacing_tablet":0,"ocean_menu_typo_spacing_mobile":0,"ocean_menu_typo_spacing_unit":"","ocean_menu_link_color":"","ocean_menu_link_color_hover":"","ocean_menu_link_color_active":"","ocean_menu_link_background":"","ocean_menu_link_hover_background":"","ocean_menu_link_active_background":"","ocean_menu_social_links_bg":"","ocean_menu_social_hover_links_bg":"","ocean_menu_social_links_color":"","ocean_menu_social_hover_links_color":"","ocean_disable_title":"on","ocean_disable_heading":"default","ocean_post_title":"","ocean_post_subheading":"","ocean_post_title_style":"","ocean_post_title_background_color":"","ocean_post_title_background":0,"ocean_post_title_bg_image_position":"","ocean_post_title_bg_image_attachment":"","ocean_post_title_bg_image_repeat":"","ocean_post_title_bg_image_size":"","ocean_post_title_height":0,"ocean_post_title_bg_overlay":0.5,"ocean_post_title_bg_overlay_color":"","ocean_disable_breadcrumbs":"default","ocean_breadcrumbs_color":"","ocean_breadcrumbs_separator_color":"","ocean_breadcrumbs_links_color":"","ocean_breadcrumbs_links_hover_color":"","ocean_display_footer_widgets":"default","ocean_display_footer_bottom":"default","ocean_custom_footer_template":"","omw_enable_modal_window":"enable","footnotes":""},"class_list":["post-2177","page","type-page","status-publish","hentry","entry"],"_links":{"self":[{"href":"https:\/\/www.civare-navigation.com\/index.php\/wp-json\/wp\/v2\/pages\/2177","targetHints":{"allow":["GET"]}}],"collection":[{"href":"https:\/\/www.civare-navigation.com\/index.php\/wp-json\/wp\/v2\/pages"}],"about":[{"href":"https:\/\/www.civare-navigation.com\/index.php\/wp-json\/wp\/v2\/types\/page"}],"author":[{"embeddable":true,"href":"https:\/\/www.civare-navigation.com\/index.php\/wp-json\/wp\/v2\/users\/1"}],"replies":[{"embeddable":true,"href":"https:\/\/www.civare-navigation.com\/index.php\/wp-json\/wp\/v2\/comments?post=2177"}],"version-history":[{"count":58,"href":"https:\/\/www.civare-navigation.com\/index.php\/wp-json\/wp\/v2\/pages\/2177\/revisions"}],"predecessor-version":[{"id":6058,"href":"https:\/\/www.civare-navigation.com\/index.php\/wp-json\/wp\/v2\/pages\/2177\/revisions\/6058"}],"wp:attachment":[{"href":"https:\/\/www.civare-navigation.com\/index.php\/wp-json\/wp\/v2\/media?parent=2177"}],"curies":[{"name":"wp","href":"https:\/\/api.w.org\/{rel}","templated":true}]}}